{"id":14135,"date":"2025-07-09T07:07:18","date_gmt":"2025-07-09T07:07:18","guid":{"rendered":"https:\/\/www.tpa-group.sk\/?page_id=14135"},"modified":"2025-07-09T08:34:08","modified_gmt":"2025-07-09T08:34:08","slug":"einwilligung-in-die-verarbeitung-personenbezogener-daten-audiovisuelle-aufzeichnung","status":"publish","type":"page","link":"https:\/\/www.tpa-group.sk\/de\/uber-uns\/einwilligung-in-die-verarbeitung-personenbezogener-daten-audiovisuelle-aufzeichnung\/","title":{"rendered":"Einwilligung in die Verarbeitung Personenbezogener Daten &#8211; audiovisuelle Aufzeichnung"},"content":{"rendered":"\t\t<div data-elementor-type=\"wp-page\" data-elementor-id=\"14135\" class=\"elementor elementor-14135 elementor-14104\" data-elementor-post-type=\"page\">\n\t\t\t\t\t\t<section class=\"elementor-section elementor-top-section elementor-element elementor-element-3d6ecf4 hero-banner elementor-section-boxed elementor-section-height-default elementor-section-height-default\" data-id=\"3d6ecf4\" data-element_type=\"section\">\n\t\t\t\t\t\t<div class=\"elementor-container elementor-column-gap-default\">\n\t\t\t\t\t<div class=\"elementor-column elementor-col-100 elementor-top-column elementor-element elementor-element-4acc027\" data-id=\"4acc027\" data-element_type=\"column\">\n\t\t\t<div class=\"elementor-widget-wrap elementor-element-populated\">\n\t\t\t\t\t\t<section class=\"elementor-section elementor-inner-section elementor-element elementor-element-efee693 hero-banner-breadcrumbs-container elementor-section-boxed elementor-section-height-default elementor-section-height-default\" data-id=\"efee693\" data-element_type=\"section\">\n\t\t\t\t\t\t<div class=\"elementor-container elementor-column-gap-default\">\n\t\t\t\t\t<div class=\"elementor-column elementor-col-100 elementor-inner-column elementor-element elementor-element-e0a65ce\" data-id=\"e0a65ce\" data-element_type=\"column\">\n\t\t\t<div class=\"elementor-widget-wrap elementor-element-populated\">\n\t\t\t\t\t\t<div class=\"elementor-element elementor-element-2cf9884 elementor-widget elementor-widget-heading\" data-id=\"2cf9884\" data-element_type=\"widget\" data-widget_type=\"heading.default\">\n\t\t\t\t<div class=\"elementor-widget-container\">\n\t\t\t\t\t<p class=\"elementor-heading-title elementor-size-default\"><a href=\"\/\">Domov |&nbsp;<\/a><\/p>\t\t\t\t<\/div>\n\t\t\t\t<\/div>\n\t\t\t\t<div class=\"elementor-element elementor-element-8300309 elementor-widget elementor-widget-heading\" data-id=\"8300309\" data-element_type=\"widget\" data-widget_type=\"heading.default\">\n\t\t\t\t<div class=\"elementor-widget-container\">\n\t\t\t\t\t<p class=\"elementor-heading-title elementor-size-default\">Einwilligung in die Verarbeitung Personenbezogener Daten - audiovisuelle Aufzeichnung<\/p>\t\t\t\t<\/div>\n\t\t\t\t<\/div>\n\t\t\t\t\t<\/div>\n\t\t<\/div>\n\t\t\t\t\t<\/div>\n\t\t<\/section>\n\t\t\t\t<div class=\"elementor-element elementor-element-8a279c3 elementor-widget elementor-widget-heading\" data-id=\"8a279c3\" data-element_type=\"widget\" data-widget_type=\"heading.default\">\n\t\t\t\t<div class=\"elementor-widget-container\">\n\t\t\t\t\t<h1 class=\"elementor-heading-title elementor-size-default\">Einwilligung in die Verarbeitung Personenbezogener Daten - audiovisuelle Aufzeichnung<\/h1>\t\t\t\t<\/div>\n\t\t\t\t<\/div>\n\t\t\t\t\t<\/div>\n\t\t<\/div>\n\t\t\t\t\t<\/div>\n\t\t<\/section>\n\t\t<div class=\"elementor-element elementor-element-b8663dc page-content-container e-flex e-con-boxed e-con e-parent\" data-id=\"b8663dc\" data-element_type=\"container\" data-settings=\"{&quot;background_background&quot;:&quot;classic&quot;}\">\n\t\t\t\t\t<div class=\"e-con-inner\">\n\t\t\t\t<div class=\"elementor-element elementor-element-f4c78cb elementor-widget elementor-widget-text-editor\" data-id=\"f4c78cb\" data-element_type=\"widget\" data-widget_type=\"text-editor.default\">\n\t\t\t\t<div class=\"elementor-widget-container\">\n\t\t\t\t\t\t\t\t\t<p>Gem\u00e4\u00df der Verordnung (EU) 2016\/679 des Europ\u00e4ischen Parlaments und des Rates zum Schutz nat\u00fcrlicher Personen bei der Verarbeitung personenbezogener Daten und zum freien Datenverkehr. (im Folgenden als &#8222;<strong>Einwilligung<\/strong>&#8222;)<\/p><p>Ich stimme der Verarbeitung meiner personenbezogenen Daten durch TPA TAX, s.r.o., TPA AUDIT, s.r.o., TPA GetFinDone s.r.o. (im Folgenden als &#8222;Verantwortlicher&#8220; bezeichnet) wie folgt zu:<\/p><p><strong>im Rahmen von: <\/strong>Foto- und\/oder Videoaufnahmen<\/p><p><strong>zu folgenden Zwecken: <\/strong>Erstellung, Speicherung, Ver\u00f6ffentlichung, zur F\u00f6rderung des f\u00fcr die Verarbeitung Verantwortlichen und seiner T\u00e4tigkeiten<\/p><p><strong>f\u00fcr einen Zeitraum von: <\/strong>einem Jahr ab Beendigung der Dauer des Arbeitsverh\u00e4ltnisses oder eines \u00e4hnlichen Verh\u00e4ltnisses<\/p><p>Gleichzeitig erkl\u00e4re ich, dass mir bekannt ist, dass der f\u00fcr die Verarbeitung Verantwortliche die bereitgestellten personenbezogenen Daten nur auf der Grundlage dieser Einwilligung verarbeitet. Ich bin nicht verpflichtet, sie dem Betreiber zur Verf\u00fcgung zu stellen, und ich habe das Recht, diese Einwilligung jederzeit zu widerrufen. Wenn ich diese Einwilligung widerrufe, muss der f\u00fcr die Verarbeitung Verantwortliche meine auf diese Weise bereitgestellten personenbezogenen Daten unverz\u00fcglich l\u00f6schen.<\/p><p>Der Widerruf der Einwilligung kann auch direkt auf unserer Website erfolgen, wenn Sie uns Ihre Einwilligung erteilt haben, oder indem Sie eine Anfrage an die in der Kopfzeile dieser Einwilligung angegebenen Kontaktdaten senden.<\/p>\t\t\t\t\t\t\t\t<\/div>\n\t\t\t\t<\/div>\n\t\t\t\t<div class=\"elementor-element elementor-element-6c49dac elementor-widget elementor-widget-heading\" data-id=\"6c49dac\" data-element_type=\"widget\" data-widget_type=\"heading.default\">\n\t\t\t\t<div class=\"elementor-widget-container\">\n\t\t\t\t\t<h2 class=\"elementor-heading-title elementor-size-default\">INFORMATIONEN \u00dcBER IHRE RECHTE UND ANDERE FAKTEN <\/h2>\t\t\t\t<\/div>\n\t\t\t\t<\/div>\n\t\t\t\t<div class=\"elementor-element elementor-element-b5bd84d elementor-widget elementor-widget-text-editor\" data-id=\"b5bd84d\" data-element_type=\"widget\" data-widget_type=\"text-editor.default\">\n\t\t\t\t<div class=\"elementor-widget-container\">\n\t\t\t\t\t\t\t\t\t<p>Wir geben die zur Verf\u00fcgung gestellten personenbezogenen Daten <strong>an andere Empf\u00e4nger weiter<\/strong>, n\u00e4mlich an den Fotografen bei der Beschaffung und Aufnahme der Fotos und an den Grafikdesigner f\u00fcr die grafische Bearbeitung.<\/p><p>Wir werden <strong>\u00a0<\/strong>die bereitgestellten personenbezogenen Daten\u00a0 nicht in <strong>ein Land au\u00dferhalb des EWR \u00fcbermitteln und\/oder an eine internationale Organisation weitergeben<\/strong>.<\/p><p>Sie haben\u00a0 das <strong>Recht auf Auskunft \u00fcber <\/strong>die bereitgestellten personenbezogenen Daten, das Sie am besten durch eine schriftliche Anfrage an die E-Mail-Adresse aus\u00fcben \u00a0k\u00f6nnen <span style=\"text-decoration: underline;\"><a href=\"mailto:gdpr@tpa-group.sk\">gdpr@tpa-group.sk<\/a><\/span><\/p><p>Dar\u00fcber hinaus haben Sie <strong>das Recht, die Berichtigung oder Einschr\u00e4nkung der Verarbeitung <\/strong>der bereitgestellten personenbezogenen Daten zu verlangen, wenn Sie der Meinung sind, dass diese unrichtig sind, Sie haben <strong>das Recht, die bereitgestellten personenbezogenen Daten zur \u00dcbermittlung an einen anderen Verantwortlichen zu verlangen<\/strong>, oder Sie k\u00f6nnen eine solche \u00dcbermittlung direkt von uns verlangen und Sie haben das Recht<strong>, die L\u00f6schung\u00a0 <\/strong>Ihrer personenbezogenen Daten, die Sie uns zur Verf\u00fcgung gestellt haben,\u00a0 zu verlangen.<\/p><p>Sie k\u00f6nnen Ihre Rechte auch sch\u00fctzen, indem Sie eine Beschwerde beim Amt f\u00fcr den Schutz personenbezogener Daten der Slowakischen Republik einreichen.<\/p><div class=\"px-2 py-1\"><i class=\"fa fa-download\" aria-hidden=\"true\"><\/i><a href=\"https:\/\/www.tpa-group.sk\/app\/uploads\/sites\/12\/2025\/07\/3-F-116-EINWILLIGUNG-IN-DIE-VERARBEITUNG-PERSONENBEZOGENER-DATEN-audiovisuelle-Aufzeichnung.pdf\">TPA_Einwilligung_audiovisuelle Aufzeichnung<\/a><\/div>\t\t\t\t\t\t\t\t<\/div>\n\t\t\t\t<\/div>\n\t\t\t\t\t<\/div>\n\t\t\t\t<\/div>\n\t\t\t\t<\/div>\n\t\t","protected":false},"excerpt":{"rendered":"<p>Domov |&nbsp; Einwilligung in die Verarbeitung Personenbezogener Daten &#8211; audiovisuelle Aufzeichnung Einwilligung in die Verarbeitung Personenbezogener Daten &#8211; audiovisuelle Aufzeichnung Gem\u00e4\u00df der Verordnung (EU) 2016\/679 des Europ\u00e4ischen Parlaments und des Rates zum Schutz nat\u00fcrlicher Personen bei der Verarbeitung personenbezogener Daten und zum freien Datenverkehr. (im Folgenden als &#8222;Einwilligung&#8222;) Ich stimme der Verarbeitung meiner personenbezogenen Daten [&hellip;]<\/p>\n","protected":false},"author":27,"featured_media":0,"parent":3865,"menu_order":9,"comment_status":"closed","ping_status":"closed","template":"elementor_header_footer","meta":{"_acf_changed":false,"footnotes":""},"class_list":["post-14135","page","type-page","status-publish","hentry"],"acf":[],"yoast_head":"<!-- This site is optimized with the Yoast SEO plugin v26.0 - https:\/\/yoast.com\/wordpress\/plugins\/seo\/ -->\n<title>Einwilligung in die Verarbeitung Personenbezogener Daten - audiovisuelle Aufzeichnung - www.tpa-group.sk<\/title>\n<meta name=\"description\" content=\"Domov |&nbsp; Einwilligung in die Verarbeitung Personenbezogener Daten - audiovisuelle Aufzeichnung Einwilligung in die Verarbeitung Personenbezogener\" \/>\n<meta name=\"robots\" content=\"index, follow, max-snippet:-1, max-image-preview:large, max-video-preview:-1\" \/>\n<link rel=\"canonical\" href=\"https:\/\/www.tpa-group.sk\/de\/uber-uns\/einwilligung-in-die-verarbeitung-personenbezogener-daten-audiovisuelle-aufzeichnung\/\" \/>\n<meta property=\"og:locale\" content=\"de_DE\" \/>\n<meta property=\"og:type\" content=\"article\" \/>\n<meta property=\"og:title\" content=\"Einwilligung in die Verarbeitung Personenbezogener Daten - audiovisuelle Aufzeichnung - www.tpa-group.sk\" \/>\n<meta property=\"og:description\" content=\"Domov |&nbsp; Einwilligung in die Verarbeitung Personenbezogener Daten - audiovisuelle Aufzeichnung Einwilligung in die Verarbeitung Personenbezogener\" \/>\n<meta property=\"og:url\" content=\"https:\/\/www.tpa-group.sk\/de\/uber-uns\/einwilligung-in-die-verarbeitung-personenbezogener-daten-audiovisuelle-aufzeichnung\/\" \/>\n<meta property=\"og:site_name\" content=\"www.tpa-group.sk\" \/>\n<meta property=\"article:modified_time\" content=\"2025-07-09T08:34:08+00:00\" \/>\n<meta property=\"og:image\" content=\"https:\/\/www.tpa-group.sk\/app\/uploads\/sites\/12\/2025\/01\/Dizajn-bez-nazvu-7.png\" \/>\n\t<meta property=\"og:image:width\" content=\"1200\" \/>\n\t<meta property=\"og:image:height\" content=\"675\" \/>\n\t<meta property=\"og:image:type\" content=\"image\/png\" \/>\n<meta name=\"twitter:card\" content=\"summary_large_image\" \/>\n<meta name=\"twitter:label1\" content=\"Est. reading time\" \/>\n\t<meta name=\"twitter:data1\" content=\"2 Minuten\" \/>\n<script type=\"application\/ld+json\" class=\"yoast-schema-graph\">{\"@context\":\"https:\/\/schema.org\",\"@graph\":[{\"@type\":\"WebPage\",\"@id\":\"https:\/\/www.tpa-group.sk\/de\/uber-uns\/einwilligung-in-die-verarbeitung-personenbezogener-daten-audiovisuelle-aufzeichnung\/\",\"url\":\"https:\/\/www.tpa-group.sk\/de\/uber-uns\/einwilligung-in-die-verarbeitung-personenbezogener-daten-audiovisuelle-aufzeichnung\/\",\"name\":\"Einwilligung in die Verarbeitung Personenbezogener Daten - audiovisuelle Aufzeichnung - www.tpa-group.sk\",\"isPartOf\":{\"@id\":\"https:\/\/www.tpa-group.sk\/de\/#website\"},\"datePublished\":\"2025-07-09T07:07:18+00:00\",\"dateModified\":\"2025-07-09T08:34:08+00:00\",\"description\":\"Domov |&nbsp; Einwilligung in die Verarbeitung Personenbezogener Daten - audiovisuelle Aufzeichnung Einwilligung in die Verarbeitung Personenbezogener\",\"breadcrumb\":{\"@id\":\"https:\/\/www.tpa-group.sk\/de\/uber-uns\/einwilligung-in-die-verarbeitung-personenbezogener-daten-audiovisuelle-aufzeichnung\/#breadcrumb\"},\"inLanguage\":\"de-DE\",\"potentialAction\":[{\"@type\":\"ReadAction\",\"target\":[\"https:\/\/www.tpa-group.sk\/de\/uber-uns\/einwilligung-in-die-verarbeitung-personenbezogener-daten-audiovisuelle-aufzeichnung\/\"]}]},{\"@type\":\"BreadcrumbList\",\"@id\":\"https:\/\/www.tpa-group.sk\/de\/uber-uns\/einwilligung-in-die-verarbeitung-personenbezogener-daten-audiovisuelle-aufzeichnung\/#breadcrumb\",\"itemListElement\":[{\"@type\":\"ListItem\",\"position\":1,\"name\":\"Home\",\"item\":\"https:\/\/www.tpa-group.sk\/de\/\"},{\"@type\":\"ListItem\",\"position\":2,\"name\":\"\u00dcber uns\",\"item\":\"https:\/\/www.tpa-group.sk\/de\/o-nas\/\"},{\"@type\":\"ListItem\",\"position\":3,\"name\":\"Einwilligung in die Verarbeitung Personenbezogener Daten &#8211; audiovisuelle Aufzeichnung\"}]},{\"@type\":\"WebSite\",\"@id\":\"https:\/\/www.tpa-group.sk\/de\/#website\",\"url\":\"https:\/\/www.tpa-group.sk\/de\/\",\"name\":\"www.tpa-group.sk\",\"description\":\"\",\"publisher\":{\"@id\":\"https:\/\/www.tpa-group.sk\/de\/#organization\"},\"potentialAction\":[{\"@type\":\"SearchAction\",\"target\":{\"@type\":\"EntryPoint\",\"urlTemplate\":\"https:\/\/www.tpa-group.sk\/de\/?s={search_term_string}\"},\"query-input\":{\"@type\":\"PropertyValueSpecification\",\"valueRequired\":true,\"valueName\":\"search_term_string\"}}],\"inLanguage\":\"de-DE\"},{\"@type\":\"Organization\",\"@id\":\"https:\/\/www.tpa-group.sk\/de\/#organization\",\"name\":\"TPA Slovakia\",\"url\":\"https:\/\/www.tpa-group.sk\/de\/\",\"logo\":{\"@type\":\"ImageObject\",\"inLanguage\":\"de-DE\",\"@id\":\"https:\/\/www.tpa-group.sk\/de\/#\/schema\/logo\/image\/\",\"url\":\"https:\/\/www.tpa-group.sk\/app\/uploads\/sites\/12\/2025\/01\/tpa-logo-favicon.svg\",\"contentUrl\":\"https:\/\/www.tpa-group.sk\/app\/uploads\/sites\/12\/2025\/01\/tpa-logo-favicon.svg\",\"width\":110,\"height\":93,\"caption\":\"TPA Slovakia\"},\"image\":{\"@id\":\"https:\/\/www.tpa-group.sk\/de\/#\/schema\/logo\/image\/\"}}]}<\/script>\n<!-- \/ Yoast SEO plugin. -->","yoast_head_json":{"title":"Einwilligung in die Verarbeitung Personenbezogener Daten - audiovisuelle Aufzeichnung - www.tpa-group.sk","description":"Domov |&nbsp; Einwilligung in die Verarbeitung Personenbezogener Daten - audiovisuelle Aufzeichnung Einwilligung in die Verarbeitung Personenbezogener","robots":{"index":"index","follow":"follow","max-snippet":"max-snippet:-1","max-image-preview":"max-image-preview:large","max-video-preview":"max-video-preview:-1"},"canonical":"https:\/\/www.tpa-group.sk\/de\/uber-uns\/einwilligung-in-die-verarbeitung-personenbezogener-daten-audiovisuelle-aufzeichnung\/","og_locale":"de_DE","og_type":"article","og_title":"Einwilligung in die Verarbeitung Personenbezogener Daten - audiovisuelle Aufzeichnung - www.tpa-group.sk","og_description":"Domov |&nbsp; Einwilligung in die Verarbeitung Personenbezogener Daten - audiovisuelle Aufzeichnung Einwilligung in die Verarbeitung Personenbezogener","og_url":"https:\/\/www.tpa-group.sk\/de\/uber-uns\/einwilligung-in-die-verarbeitung-personenbezogener-daten-audiovisuelle-aufzeichnung\/","og_site_name":"www.tpa-group.sk","article_modified_time":"2025-07-09T08:34:08+00:00","og_image":[{"width":1200,"height":675,"url":"https:\/\/www.tpa-group.sk\/app\/uploads\/sites\/12\/2025\/01\/Dizajn-bez-nazvu-7.png","type":"image\/png"}],"twitter_card":"summary_large_image","twitter_misc":{"Est. reading time":"2 Minuten"},"schema":{"@context":"https:\/\/schema.org","@graph":[{"@type":"WebPage","@id":"https:\/\/www.tpa-group.sk\/de\/uber-uns\/einwilligung-in-die-verarbeitung-personenbezogener-daten-audiovisuelle-aufzeichnung\/","url":"https:\/\/www.tpa-group.sk\/de\/uber-uns\/einwilligung-in-die-verarbeitung-personenbezogener-daten-audiovisuelle-aufzeichnung\/","name":"Einwilligung in die Verarbeitung Personenbezogener Daten - audiovisuelle Aufzeichnung - www.tpa-group.sk","isPartOf":{"@id":"https:\/\/www.tpa-group.sk\/de\/#website"},"datePublished":"2025-07-09T07:07:18+00:00","dateModified":"2025-07-09T08:34:08+00:00","description":"Domov |&nbsp; Einwilligung in die Verarbeitung Personenbezogener Daten - audiovisuelle Aufzeichnung Einwilligung in die Verarbeitung Personenbezogener","breadcrumb":{"@id":"https:\/\/www.tpa-group.sk\/de\/uber-uns\/einwilligung-in-die-verarbeitung-personenbezogener-daten-audiovisuelle-aufzeichnung\/#breadcrumb"},"inLanguage":"de-DE","potentialAction":[{"@type":"ReadAction","target":["https:\/\/www.tpa-group.sk\/de\/uber-uns\/einwilligung-in-die-verarbeitung-personenbezogener-daten-audiovisuelle-aufzeichnung\/"]}]},{"@type":"BreadcrumbList","@id":"https:\/\/www.tpa-group.sk\/de\/uber-uns\/einwilligung-in-die-verarbeitung-personenbezogener-daten-audiovisuelle-aufzeichnung\/#breadcrumb","itemListElement":[{"@type":"ListItem","position":1,"name":"Home","item":"https:\/\/www.tpa-group.sk\/de\/"},{"@type":"ListItem","position":2,"name":"\u00dcber uns","item":"https:\/\/www.tpa-group.sk\/de\/o-nas\/"},{"@type":"ListItem","position":3,"name":"Einwilligung in die Verarbeitung Personenbezogener Daten &#8211; audiovisuelle Aufzeichnung"}]},{"@type":"WebSite","@id":"https:\/\/www.tpa-group.sk\/de\/#website","url":"https:\/\/www.tpa-group.sk\/de\/","name":"www.tpa-group.sk","description":"","publisher":{"@id":"https:\/\/www.tpa-group.sk\/de\/#organization"},"potentialAction":[{"@type":"SearchAction","target":{"@type":"EntryPoint","urlTemplate":"https:\/\/www.tpa-group.sk\/de\/?s={search_term_string}"},"query-input":{"@type":"PropertyValueSpecification","valueRequired":true,"valueName":"search_term_string"}}],"inLanguage":"de-DE"},{"@type":"Organization","@id":"https:\/\/www.tpa-group.sk\/de\/#organization","name":"TPA Slovakia","url":"https:\/\/www.tpa-group.sk\/de\/","logo":{"@type":"ImageObject","inLanguage":"de-DE","@id":"https:\/\/www.tpa-group.sk\/de\/#\/schema\/logo\/image\/","url":"https:\/\/www.tpa-group.sk\/app\/uploads\/sites\/12\/2025\/01\/tpa-logo-favicon.svg","contentUrl":"https:\/\/www.tpa-group.sk\/app\/uploads\/sites\/12\/2025\/01\/tpa-logo-favicon.svg","width":110,"height":93,"caption":"TPA Slovakia"},"image":{"@id":"https:\/\/www.tpa-group.sk\/de\/#\/schema\/logo\/image\/"}}]}},"_links":{"self":[{"href":"https:\/\/www.tpa-group.sk\/de\/wp-json\/wp\/v2\/pages\/14135","targetHints":{"allow":["GET"]}}],"collection":[{"href":"https:\/\/www.tpa-group.sk\/de\/wp-json\/wp\/v2\/pages"}],"about":[{"href":"https:\/\/www.tpa-group.sk\/de\/wp-json\/wp\/v2\/types\/page"}],"author":[{"embeddable":true,"href":"https:\/\/www.tpa-group.sk\/de\/wp-json\/wp\/v2\/users\/27"}],"replies":[{"embeddable":true,"href":"https:\/\/www.tpa-group.sk\/de\/wp-json\/wp\/v2\/comments?post=14135"}],"version-history":[{"count":11,"href":"https:\/\/www.tpa-group.sk\/de\/wp-json\/wp\/v2\/pages\/14135\/revisions"}],"predecessor-version":[{"id":14173,"href":"https:\/\/www.tpa-group.sk\/de\/wp-json\/wp\/v2\/pages\/14135\/revisions\/14173"}],"up":[{"embeddable":true,"href":"https:\/\/www.tpa-group.sk\/de\/wp-json\/wp\/v2\/pages\/3865"}],"wp:attachment":[{"href":"https:\/\/www.tpa-group.sk\/de\/wp-json\/wp\/v2\/media?parent=14135"}],"curies":[{"name":"wp","href":"https:\/\/api.w.org\/{rel}","templated":true}]}}