{"id":3865,"date":"2024-03-18T09:39:36","date_gmt":"2024-03-18T09:39:36","guid":{"rendered":"https:\/\/www.tpa-group.sk\/o-nas\/"},"modified":"2024-06-18T09:51:28","modified_gmt":"2024-06-18T09:51:28","slug":"uber-uns","status":"publish","type":"page","link":"https:\/\/www.tpa-group.sk\/de\/uber-uns\/","title":{"rendered":"\u00dcber uns"},"content":{"rendered":"\t\t<div data-elementor-type=\"wp-page\" data-elementor-id=\"3865\" class=\"elementor elementor-3865 elementor-1666\" data-elementor-post-type=\"page\">\n\t\t\t\t\t\t<section class=\"elementor-section elementor-top-section elementor-element elementor-element-3d6ecf4 hero-banner elementor-section-boxed elementor-section-height-default elementor-section-height-default\" data-id=\"3d6ecf4\" data-element_type=\"section\">\n\t\t\t\t\t\t<div class=\"elementor-container elementor-column-gap-default\">\n\t\t\t\t\t<div class=\"elementor-column elementor-col-100 elementor-top-column elementor-element elementor-element-4acc027\" data-id=\"4acc027\" data-element_type=\"column\">\n\t\t\t<div class=\"elementor-widget-wrap elementor-element-populated\">\n\t\t\t\t\t\t<section class=\"elementor-section elementor-inner-section elementor-element elementor-element-efee693 hero-banner-breadcrumbs-container elementor-section-boxed elementor-section-height-default elementor-section-height-default\" data-id=\"efee693\" data-element_type=\"section\">\n\t\t\t\t\t\t<div class=\"elementor-container elementor-column-gap-default\">\n\t\t\t\t\t<div class=\"elementor-column elementor-col-100 elementor-inner-column elementor-element elementor-element-e0a65ce\" data-id=\"e0a65ce\" data-element_type=\"column\">\n\t\t\t<div class=\"elementor-widget-wrap elementor-element-populated\">\n\t\t\t\t\t\t<div class=\"elementor-element elementor-element-2cf9884 elementor-widget elementor-widget-heading\" data-id=\"2cf9884\" data-element_type=\"widget\" data-widget_type=\"heading.default\">\n\t\t\t\t<div class=\"elementor-widget-container\">\n\t\t\t\t\t<p class=\"elementor-heading-title elementor-size-default\"><a href=\"\/\">Home |&nbsp;<\/a><\/p>\t\t\t\t<\/div>\n\t\t\t\t<\/div>\n\t\t\t\t<div class=\"elementor-element elementor-element-8300309 elementor-widget elementor-widget-heading\" data-id=\"8300309\" data-element_type=\"widget\" data-widget_type=\"heading.default\">\n\t\t\t\t<div class=\"elementor-widget-container\">\n\t\t\t\t\t<p class=\"elementor-heading-title elementor-size-default\">\u00dcber uns<\/p>\t\t\t\t<\/div>\n\t\t\t\t<\/div>\n\t\t\t\t\t<\/div>\n\t\t<\/div>\n\t\t\t\t\t<\/div>\n\t\t<\/section>\n\t\t\t\t<div class=\"elementor-element elementor-element-8a279c3 elementor-widget elementor-widget-heading\" data-id=\"8a279c3\" data-element_type=\"widget\" data-widget_type=\"heading.default\">\n\t\t\t\t<div class=\"elementor-widget-container\">\n\t\t\t\t\t<h2 class=\"elementor-heading-title elementor-size-default\">Willkommen bei der TPA Gruppe!<\/h2>\t\t\t\t<\/div>\n\t\t\t\t<\/div>\n\t\t\t\t<div class=\"elementor-element elementor-element-3fccac8 elementor-widget__width-initial elementor-widget-tablet__width-inherit elementor-widget-mobile__width-inherit elementor-widget elementor-widget-text-editor\" data-id=\"3fccac8\" data-element_type=\"widget\" data-widget_type=\"text-editor.default\">\n\t\t\t\t<div class=\"elementor-widget-container\">\n\t\t\t\t\t\t\t\t\t<p>Unsere wichtigsten Werkzeuge sind nicht Rechenstifte, Tabellen und die neuesten Technologien. Sondern ein genauer Blick, ein feines Geh\u00f6r, der richtige Riecher und ein ehrliches Gespr\u00e4ch.<\/p>\t\t\t\t\t\t\t\t<\/div>\n\t\t\t\t<\/div>\n\t\t\t\t\t<\/div>\n\t\t<\/div>\n\t\t\t\t\t<\/div>\n\t\t<\/section>\n\t\t<div class=\"elementor-element elementor-element-c4c1290 page-content-container e-flex e-con-boxed e-con e-parent\" data-id=\"c4c1290\" data-element_type=\"container\" data-settings=\"{&quot;background_background&quot;:&quot;classic&quot;}\">\n\t\t\t\t\t<div class=\"e-con-inner\">\n\t\t\t\t<div class=\"elementor-element elementor-element-cfca3aa elementor-widget elementor-widget-text-editor\" data-id=\"cfca3aa\" data-element_type=\"widget\" data-widget_type=\"text-editor.default\">\n\t\t\t\t<div class=\"elementor-widget-container\">\n\t\t\t\t\t\t\t\t\t<p>Dann sind Sie bei der TPA Gruppe richtig. Die TPA Gruppe z\u00e4hlt zu den <strong>f\u00fchrenden Steuerberatungs- und Wirtschaftspr\u00fcfungsunternehmen<\/strong> in Mittel- und S\u00fcdosteuropa.<\/p><p>Nur wer auf Augenh\u00f6he kommuniziert und sich in jedes Projekt hineindenkt, findet die passende L\u00f6sung. Das ist es, was wir unter Face to Face Business verstehen und leben. Tag f\u00fcr Tag, regional und international. In den Bereichen <strong>Steuerberatung<\/strong>, <strong>Buchhaltung &amp; Bilanzierung<\/strong>, <strong>Lohnverrechnung<\/strong>, <strong>Wirtschaftspr\u00fcfung<\/strong> und <strong>Unternehmensberatung<\/strong>.<\/p><p><img fetchpriority=\"high\" decoding=\"async\" class=\"alignnone size-full wp-image-3878\" src=\"https:\/\/www.tpa-group.sk\/app\/uploads\/sites\/12\/2024\/04\/face-to-face-business-tpa-steuerberatung-philosophie-1024x322-1.png.webp\" alt=\"\" width=\"1024\" height=\"322\" srcset=\"https:\/\/www.tpa-group.sk\/app\/uploads\/sites\/12\/2024\/04\/face-to-face-business-tpa-steuerberatung-philosophie-1024x322-1.png.webp 1024w, https:\/\/www.tpa-group.sk\/app\/uploads\/sites\/12\/2024\/04\/face-to-face-business-tpa-steuerberatung-philosophie-1024x322-1.png-300x94.webp 300w, https:\/\/www.tpa-group.sk\/app\/uploads\/sites\/12\/2024\/04\/face-to-face-business-tpa-steuerberatung-philosophie-1024x322-1.png-768x242.webp 768w\" sizes=\"(max-width: 1024px) 100vw, 1024px\" \/><\/p><h4>12 L\u00e4nder. 1 Unternehmen. Die TPA Gruppe.<\/h4><p>Die TPA Gruppe ist in elf L\u00e4ndern in Mittel-und S\u00fcdosteuropa t\u00e4tig: Albanien, Bulgarien, Kroatien, Polen, Rum\u00e4nien, Montenegro, Serbien, Slowakei, Slowenien, Tschechien und Ungarn. Gruppenweit k\u00fcmmern sich \u00fcber 1.500 Mitarbeiterinnen und Mitarbeiter an 30 Standorten in 12 L\u00e4ndern um die Anliegen der Kunden.<\/p><h4>Die TPA Gruppe: Regional verankert. Weltweit vernetzt.<\/h4><p>Die TPA Gruppe ist ein unabh\u00e4ngiges Mitglied der Baker Tilly Europe Alliance und bietet dadurch seinen Kunden ein weltweites Netzwerk von Steuerberatern, Wirtschaftspr\u00fcfern und Unternehmensberatern.<\/p><p>Durch die Allianzpartnerschaft mit dem Baker Tilly International Netzwerk sind die 12 L\u00e4nder der eigenst\u00e4ndigen TPA Gruppe weltweit bestens vernetzt und k\u00f6nnen in allen wirtschaftlich bedeutenden St\u00e4dten und Regionen der Welt hochqualitative Dienstleistungen zur Verf\u00fcgung stellen.<\/p><p>Das Baker Tilly International Netzwerk besteht aktuell aus 122 unabh\u00e4ngigen Mitgliedern in 146 L\u00e4ndern mit <a href=\"https:\/\/www.tpa-group.sk\/de\/dienstleistungen\/wirtschaftspruefung\/\">\u00fc<\/a>ber 36.000 Mitarbeitern und 742 B\u00fcros und z\u00e4hlt mit diesem Angebot zu den \u201eTop Ten\u201c der weltweit t\u00e4tigen Beratungsnetzwerke.<\/p>\t\t\t\t\t\t\t\t<\/div>\n\t\t\t\t<\/div>\n\t\t<div class=\"elementor-element elementor-element-a5115af e-con-full e-flex e-con e-child\" data-id=\"a5115af\" data-element_type=\"container\">\n\t\t\t\t<div class=\"elementor-element elementor-element-8d2c68c elementor-widget elementor-widget-image\" data-id=\"8d2c68c\" data-element_type=\"widget\" data-widget_type=\"image.default\">\n\t\t\t\t<div class=\"elementor-widget-container\">\n\t\t\t\t\t\t\t\t\t\t\t\t\t\t\t<img decoding=\"async\" width=\"1024\" height=\"516\" src=\"https:\/\/www.tpa-group.sk\/app\/uploads\/sites\/12\/2024\/04\/Baker-Tilly-Europe-Alliance-Map-tax-audit-accoutning-germany-europe-1024x516-1024x516-1.png\" class=\"attachment-1536x1536 size-1536x1536 wp-image-3758\" alt=\"\" srcset=\"https:\/\/www.tpa-group.sk\/app\/uploads\/sites\/12\/2024\/04\/Baker-Tilly-Europe-Alliance-Map-tax-audit-accoutning-germany-europe-1024x516-1024x516-1.png 1024w, https:\/\/www.tpa-group.sk\/app\/uploads\/sites\/12\/2024\/04\/Baker-Tilly-Europe-Alliance-Map-tax-audit-accoutning-germany-europe-1024x516-1024x516-1-300x151.png 300w, https:\/\/www.tpa-group.sk\/app\/uploads\/sites\/12\/2024\/04\/Baker-Tilly-Europe-Alliance-Map-tax-audit-accoutning-germany-europe-1024x516-1024x516-1-768x387.png 768w\" sizes=\"(max-width: 1024px) 100vw, 1024px\" \/>\t\t\t\t\t\t\t\t\t\t\t\t\t\t\t<\/div>\n\t\t\t\t<\/div>\n\t\t\t\t<\/div>\n\t\t\t\t<div class=\"elementor-element elementor-element-70c6057 elementor-widget elementor-widget-spacer\" data-id=\"70c6057\" data-element_type=\"widget\" data-widget_type=\"spacer.default\">\n\t\t\t\t<div class=\"elementor-widget-container\">\n\t\t\t\t\t\t\t<div class=\"elementor-spacer\">\n\t\t\t<div class=\"elementor-spacer-inner\"><\/div>\n\t\t<\/div>\n\t\t\t\t\t\t<\/div>\n\t\t\t\t<\/div>\n\t\t<div class=\"elementor-element elementor-element-1ca3932 e-con-full e-flex e-con e-child\" data-id=\"1ca3932\" data-element_type=\"container\">\n\t\t\t\t<div class=\"elementor-element elementor-element-05b2bf2 elementor-widget elementor-widget-video\" data-id=\"05b2bf2\" data-element_type=\"widget\" data-settings=\"{&quot;video_type&quot;:&quot;hosted&quot;,&quot;controls&quot;:&quot;yes&quot;}\" data-widget_type=\"video.default\">\n\t\t\t\t<div class=\"elementor-widget-container\">\n\t\t\t\t\t\t\t<div class=\"e-hosted-video elementor-wrapper elementor-open-inline\">\n\t\t\t\t\t<video class=\"elementor-video\" src=\"https:\/\/www.tpa-group.sk\/app\/uploads\/sites\/12\/2024\/05\/TPA_Image_video_2024_EN_titulky.mp4\" controls=\"\" preload=\"metadata\" controlsList=\"nodownload\" poster=\"https:\/\/www.tpa-group.sk\/app\/uploads\/sites\/12\/2024\/05\/02_recepcia-e1545373679995.jpg\"><\/video>\n\t\t\t\t<\/div>\n\t\t\t\t\t\t<\/div>\n\t\t\t\t<\/div>\n\t\t\t\t<\/div>\n\t\t\t\t\t<\/div>\n\t\t\t\t<\/div>\n\t\t<div class=\"elementor-element elementor-element-a2258f6 e-flex e-con-boxed e-con e-parent\" data-id=\"a2258f6\" data-element_type=\"container\">\n\t\t\t\t\t<div class=\"e-con-inner\">\n\t\t\t\t\t<\/div>\n\t\t\t\t<\/div>\n\t\t\t\t<\/div>\n\t\t","protected":false},"excerpt":{"rendered":"<p>Home |&nbsp; \u00dcber uns Willkommen bei der TPA Gruppe! Unsere wichtigsten Werkzeuge sind nicht Rechenstifte, Tabellen und die neuesten Technologien. Sondern ein genauer Blick, ein feines Geh\u00f6r, der richtige Riecher und ein ehrliches Gespr\u00e4ch. Dann sind Sie bei der TPA Gruppe richtig. Die TPA Gruppe z\u00e4hlt zu den f\u00fchrenden Steuerberatungs- und Wirtschaftspr\u00fcfungsunternehmen in Mittel- und [&hellip;]<\/p>\n","protected":false},"author":5,"featured_media":1176,"parent":0,"menu_order":0,"comment_status":"closed","ping_status":"closed","template":"elementor_header_footer","meta":{"_acf_changed":false,"footnotes":""},"class_list":["post-3865","page","type-page","status-publish","has-post-thumbnail","hentry"],"acf":[],"yoast_head":"<!-- This site is optimized with the Yoast SEO plugin v26.0 - https:\/\/yoast.com\/wordpress\/plugins\/seo\/ -->\n<title>\u00dcber uns - www.tpa-group.sk<\/title>\n<meta name=\"description\" content=\"Home |&nbsp; \u00dcber uns Willkommen bei der TPA Gruppe! Unsere wichtigsten Werkzeuge sind nicht Rechenstifte, Tabellen und die neuesten Technologien. Sondern\" \/>\n<meta name=\"robots\" content=\"index, follow, max-snippet:-1, max-image-preview:large, max-video-preview:-1\" \/>\n<link rel=\"canonical\" href=\"https:\/\/www.tpa-group.sk\/de\/uber-uns\/\" \/>\n<meta property=\"og:locale\" content=\"de_DE\" \/>\n<meta property=\"og:type\" content=\"article\" \/>\n<meta property=\"og:title\" content=\"\u00dcber uns - www.tpa-group.sk\" \/>\n<meta property=\"og:description\" content=\"Home |&nbsp; \u00dcber uns Willkommen bei der TPA Gruppe! Unsere wichtigsten Werkzeuge sind nicht Rechenstifte, Tabellen und die neuesten Technologien. Sondern\" \/>\n<meta property=\"og:url\" content=\"https:\/\/www.tpa-group.sk\/de\/uber-uns\/\" \/>\n<meta property=\"og:site_name\" content=\"www.tpa-group.sk\" \/>\n<meta property=\"article:modified_time\" content=\"2024-06-18T09:51:28+00:00\" \/>\n<meta property=\"og:image\" content=\"https:\/\/www.tpa-group.sk\/app\/uploads\/sites\/12\/2024\/04\/face-to-face-business-tpa-steuerberatung-philosophie-1024x322-1.png.webp\" \/>\n<meta name=\"twitter:card\" content=\"summary_large_image\" \/>\n<meta name=\"twitter:label1\" content=\"Est. reading time\" \/>\n\t<meta name=\"twitter:data1\" content=\"2 Minuten\" \/>\n<script type=\"application\/ld+json\" class=\"yoast-schema-graph\">{\"@context\":\"https:\/\/schema.org\",\"@graph\":[{\"@type\":\"WebPage\",\"@id\":\"https:\/\/www.tpa-group.sk\/de\/uber-uns\/\",\"url\":\"https:\/\/www.tpa-group.sk\/de\/uber-uns\/\",\"name\":\"\u00dcber uns - www.tpa-group.sk\",\"isPartOf\":{\"@id\":\"https:\/\/www.tpa-group.sk\/de\/#website\"},\"primaryImageOfPage\":{\"@id\":\"https:\/\/www.tpa-group.sk\/de\/uber-uns\/#primaryimage\"},\"image\":{\"@id\":\"https:\/\/www.tpa-group.sk\/de\/uber-uns\/#primaryimage\"},\"thumbnailUrl\":\"https:\/\/www.tpa-group.sk\/app\/uploads\/sites\/12\/2024\/02\/bratislava.webp\",\"datePublished\":\"2024-03-18T09:39:36+00:00\",\"dateModified\":\"2024-06-18T09:51:28+00:00\",\"description\":\"Home |&nbsp; \u00dcber uns Willkommen bei der TPA Gruppe! Unsere wichtigsten Werkzeuge sind nicht Rechenstifte, Tabellen und die neuesten Technologien. Sondern\",\"breadcrumb\":{\"@id\":\"https:\/\/www.tpa-group.sk\/de\/uber-uns\/#breadcrumb\"},\"inLanguage\":\"de-DE\",\"potentialAction\":[{\"@type\":\"ReadAction\",\"target\":[\"https:\/\/www.tpa-group.sk\/de\/uber-uns\/\"]}]},{\"@type\":\"ImageObject\",\"inLanguage\":\"de-DE\",\"@id\":\"https:\/\/www.tpa-group.sk\/de\/uber-uns\/#primaryimage\",\"url\":\"https:\/\/www.tpa-group.sk\/app\/uploads\/sites\/12\/2024\/02\/bratislava.webp\",\"contentUrl\":\"https:\/\/www.tpa-group.sk\/app\/uploads\/sites\/12\/2024\/02\/bratislava.webp\",\"width\":1303,\"height\":869},{\"@type\":\"BreadcrumbList\",\"@id\":\"https:\/\/www.tpa-group.sk\/de\/uber-uns\/#breadcrumb\",\"itemListElement\":[{\"@type\":\"ListItem\",\"position\":1,\"name\":\"Home\",\"item\":\"https:\/\/www.tpa-group.sk\/de\/\"},{\"@type\":\"ListItem\",\"position\":2,\"name\":\"\u00dcber uns\"}]},{\"@type\":\"WebSite\",\"@id\":\"https:\/\/www.tpa-group.sk\/de\/#website\",\"url\":\"https:\/\/www.tpa-group.sk\/de\/\",\"name\":\"www.tpa-group.sk\",\"description\":\"\",\"publisher\":{\"@id\":\"https:\/\/www.tpa-group.sk\/de\/#organization\"},\"potentialAction\":[{\"@type\":\"SearchAction\",\"target\":{\"@type\":\"EntryPoint\",\"urlTemplate\":\"https:\/\/www.tpa-group.sk\/de\/?s={search_term_string}\"},\"query-input\":{\"@type\":\"PropertyValueSpecification\",\"valueRequired\":true,\"valueName\":\"search_term_string\"}}],\"inLanguage\":\"de-DE\"},{\"@type\":\"Organization\",\"@id\":\"https:\/\/www.tpa-group.sk\/de\/#organization\",\"name\":\"TPA Slovakia\",\"url\":\"https:\/\/www.tpa-group.sk\/de\/\",\"logo\":{\"@type\":\"ImageObject\",\"inLanguage\":\"de-DE\",\"@id\":\"https:\/\/www.tpa-group.sk\/de\/#\/schema\/logo\/image\/\",\"url\":\"https:\/\/www.tpa-group.sk\/app\/uploads\/sites\/12\/2025\/01\/tpa-logo-favicon.svg\",\"contentUrl\":\"https:\/\/www.tpa-group.sk\/app\/uploads\/sites\/12\/2025\/01\/tpa-logo-favicon.svg\",\"width\":110,\"height\":93,\"caption\":\"TPA Slovakia\"},\"image\":{\"@id\":\"https:\/\/www.tpa-group.sk\/de\/#\/schema\/logo\/image\/\"}}]}<\/script>\n<!-- \/ Yoast SEO plugin. -->","yoast_head_json":{"title":"\u00dcber uns - www.tpa-group.sk","description":"Home |&nbsp; \u00dcber uns Willkommen bei der TPA Gruppe! Unsere wichtigsten Werkzeuge sind nicht Rechenstifte, Tabellen und die neuesten Technologien. Sondern","robots":{"index":"index","follow":"follow","max-snippet":"max-snippet:-1","max-image-preview":"max-image-preview:large","max-video-preview":"max-video-preview:-1"},"canonical":"https:\/\/www.tpa-group.sk\/de\/uber-uns\/","og_locale":"de_DE","og_type":"article","og_title":"\u00dcber uns - www.tpa-group.sk","og_description":"Home |&nbsp; \u00dcber uns Willkommen bei der TPA Gruppe! Unsere wichtigsten Werkzeuge sind nicht Rechenstifte, Tabellen und die neuesten Technologien. Sondern","og_url":"https:\/\/www.tpa-group.sk\/de\/uber-uns\/","og_site_name":"www.tpa-group.sk","article_modified_time":"2024-06-18T09:51:28+00:00","og_image":[{"url":"https:\/\/www.tpa-group.sk\/app\/uploads\/sites\/12\/2024\/04\/face-to-face-business-tpa-steuerberatung-philosophie-1024x322-1.png.webp","type":"","width":"","height":""}],"twitter_card":"summary_large_image","twitter_misc":{"Est. reading time":"2 Minuten"},"schema":{"@context":"https:\/\/schema.org","@graph":[{"@type":"WebPage","@id":"https:\/\/www.tpa-group.sk\/de\/uber-uns\/","url":"https:\/\/www.tpa-group.sk\/de\/uber-uns\/","name":"\u00dcber uns - www.tpa-group.sk","isPartOf":{"@id":"https:\/\/www.tpa-group.sk\/de\/#website"},"primaryImageOfPage":{"@id":"https:\/\/www.tpa-group.sk\/de\/uber-uns\/#primaryimage"},"image":{"@id":"https:\/\/www.tpa-group.sk\/de\/uber-uns\/#primaryimage"},"thumbnailUrl":"https:\/\/www.tpa-group.sk\/app\/uploads\/sites\/12\/2024\/02\/bratislava.webp","datePublished":"2024-03-18T09:39:36+00:00","dateModified":"2024-06-18T09:51:28+00:00","description":"Home |&nbsp; \u00dcber uns Willkommen bei der TPA Gruppe! Unsere wichtigsten Werkzeuge sind nicht Rechenstifte, Tabellen und die neuesten Technologien. Sondern","breadcrumb":{"@id":"https:\/\/www.tpa-group.sk\/de\/uber-uns\/#breadcrumb"},"inLanguage":"de-DE","potentialAction":[{"@type":"ReadAction","target":["https:\/\/www.tpa-group.sk\/de\/uber-uns\/"]}]},{"@type":"ImageObject","inLanguage":"de-DE","@id":"https:\/\/www.tpa-group.sk\/de\/uber-uns\/#primaryimage","url":"https:\/\/www.tpa-group.sk\/app\/uploads\/sites\/12\/2024\/02\/bratislava.webp","contentUrl":"https:\/\/www.tpa-group.sk\/app\/uploads\/sites\/12\/2024\/02\/bratislava.webp","width":1303,"height":869},{"@type":"BreadcrumbList","@id":"https:\/\/www.tpa-group.sk\/de\/uber-uns\/#breadcrumb","itemListElement":[{"@type":"ListItem","position":1,"name":"Home","item":"https:\/\/www.tpa-group.sk\/de\/"},{"@type":"ListItem","position":2,"name":"\u00dcber uns"}]},{"@type":"WebSite","@id":"https:\/\/www.tpa-group.sk\/de\/#website","url":"https:\/\/www.tpa-group.sk\/de\/","name":"www.tpa-group.sk","description":"","publisher":{"@id":"https:\/\/www.tpa-group.sk\/de\/#organization"},"potentialAction":[{"@type":"SearchAction","target":{"@type":"EntryPoint","urlTemplate":"https:\/\/www.tpa-group.sk\/de\/?s={search_term_string}"},"query-input":{"@type":"PropertyValueSpecification","valueRequired":true,"valueName":"search_term_string"}}],"inLanguage":"de-DE"},{"@type":"Organization","@id":"https:\/\/www.tpa-group.sk\/de\/#organization","name":"TPA Slovakia","url":"https:\/\/www.tpa-group.sk\/de\/","logo":{"@type":"ImageObject","inLanguage":"de-DE","@id":"https:\/\/www.tpa-group.sk\/de\/#\/schema\/logo\/image\/","url":"https:\/\/www.tpa-group.sk\/app\/uploads\/sites\/12\/2025\/01\/tpa-logo-favicon.svg","contentUrl":"https:\/\/www.tpa-group.sk\/app\/uploads\/sites\/12\/2025\/01\/tpa-logo-favicon.svg","width":110,"height":93,"caption":"TPA Slovakia"},"image":{"@id":"https:\/\/www.tpa-group.sk\/de\/#\/schema\/logo\/image\/"}}]}},"_links":{"self":[{"href":"https:\/\/www.tpa-group.sk\/de\/wp-json\/wp\/v2\/pages\/3865","targetHints":{"allow":["GET"]}}],"collection":[{"href":"https:\/\/www.tpa-group.sk\/de\/wp-json\/wp\/v2\/pages"}],"about":[{"href":"https:\/\/www.tpa-group.sk\/de\/wp-json\/wp\/v2\/types\/page"}],"author":[{"embeddable":true,"href":"https:\/\/www.tpa-group.sk\/de\/wp-json\/wp\/v2\/users\/5"}],"replies":[{"embeddable":true,"href":"https:\/\/www.tpa-group.sk\/de\/wp-json\/wp\/v2\/comments?post=3865"}],"version-history":[{"count":13,"href":"https:\/\/www.tpa-group.sk\/de\/wp-json\/wp\/v2\/pages\/3865\/revisions"}],"predecessor-version":[{"id":6408,"href":"https:\/\/www.tpa-group.sk\/de\/wp-json\/wp\/v2\/pages\/3865\/revisions\/6408"}],"wp:featuredmedia":[{"embeddable":true,"href":"https:\/\/www.tpa-group.sk\/de\/wp-json\/wp\/v2\/media\/1176"}],"wp:attachment":[{"href":"https:\/\/www.tpa-group.sk\/de\/wp-json\/wp\/v2\/media?parent=3865"}],"curies":[{"name":"wp","href":"https:\/\/api.w.org\/{rel}","templated":true}]}}