{"id":3888,"date":"2024-04-11T11:59:10","date_gmt":"2024-04-11T11:59:10","guid":{"rendered":"https:\/\/www.tpa-group.sk\/uber-uns\/filozofia-a-hodnoty\/"},"modified":"2025-01-13T10:56:38","modified_gmt":"2025-01-13T10:56:38","slug":"unsere-philosophie","status":"publish","type":"page","link":"https:\/\/www.tpa-group.sk\/de\/uber-uns\/unsere-philosophie\/","title":{"rendered":"Unsere Philosophie"},"content":{"rendered":"\t\t<div data-elementor-type=\"wp-page\" data-elementor-id=\"3888\" class=\"elementor elementor-3888 elementor-3732\" data-elementor-post-type=\"page\">\n\t\t\t\t\t\t<section class=\"elementor-section elementor-top-section elementor-element elementor-element-3d6ecf4 hero-banner elementor-section-boxed elementor-section-height-default elementor-section-height-default\" data-id=\"3d6ecf4\" data-element_type=\"section\">\n\t\t\t\t\t\t<div class=\"elementor-container elementor-column-gap-default\">\n\t\t\t\t\t<div class=\"elementor-column elementor-col-100 elementor-top-column elementor-element elementor-element-4acc027\" data-id=\"4acc027\" data-element_type=\"column\">\n\t\t\t<div class=\"elementor-widget-wrap elementor-element-populated\">\n\t\t\t\t\t\t<section class=\"elementor-section elementor-inner-section elementor-element elementor-element-efee693 hero-banner-breadcrumbs-container elementor-section-boxed elementor-section-height-default elementor-section-height-default\" data-id=\"efee693\" data-element_type=\"section\">\n\t\t\t\t\t\t<div class=\"elementor-container elementor-column-gap-default\">\n\t\t\t\t\t<div class=\"elementor-column elementor-col-100 elementor-inner-column elementor-element elementor-element-e0a65ce\" data-id=\"e0a65ce\" data-element_type=\"column\">\n\t\t\t<div class=\"elementor-widget-wrap elementor-element-populated\">\n\t\t\t\t\t\t<div class=\"elementor-element elementor-element-2cf9884 elementor-widget elementor-widget-heading\" data-id=\"2cf9884\" data-element_type=\"widget\" data-widget_type=\"heading.default\">\n\t\t\t\t<div class=\"elementor-widget-container\">\n\t\t\t\t\t<p class=\"elementor-heading-title elementor-size-default\"><a href=\"\/\">Home |&nbsp;<\/a><\/p>\t\t\t\t<\/div>\n\t\t\t\t<\/div>\n\t\t\t\t<div class=\"elementor-element elementor-element-8300309 elementor-widget elementor-widget-heading\" data-id=\"8300309\" data-element_type=\"widget\" data-widget_type=\"heading.default\">\n\t\t\t\t<div class=\"elementor-widget-container\">\n\t\t\t\t\t<p class=\"elementor-heading-title elementor-size-default\">Unsere Philosophie<\/p>\t\t\t\t<\/div>\n\t\t\t\t<\/div>\n\t\t\t\t\t<\/div>\n\t\t<\/div>\n\t\t\t\t\t<\/div>\n\t\t<\/section>\n\t\t\t\t<div class=\"elementor-element elementor-element-8a279c3 elementor-widget elementor-widget-heading\" data-id=\"8a279c3\" data-element_type=\"widget\" data-widget_type=\"heading.default\">\n\t\t\t\t<div class=\"elementor-widget-container\">\n\t\t\t\t\t<h2 class=\"elementor-heading-title elementor-size-default\">Unsere Philosophie<\/h2>\t\t\t\t<\/div>\n\t\t\t\t<\/div>\n\t\t\t\t\t<\/div>\n\t\t<\/div>\n\t\t\t\t\t<\/div>\n\t\t<\/section>\n\t\t<div class=\"elementor-element elementor-element-a325c4e page-content-container e-flex e-con-boxed e-con e-parent\" data-id=\"a325c4e\" data-element_type=\"container\" data-settings=\"{&quot;background_background&quot;:&quot;classic&quot;}\">\n\t\t\t\t\t<div class=\"e-con-inner\">\n\t\t\t\t<div class=\"elementor-element elementor-element-7a44278 elementor-widget elementor-widget-text-editor\" data-id=\"7a44278\" data-element_type=\"widget\" data-widget_type=\"text-editor.default\">\n\t\t\t\t<div class=\"elementor-widget-container\">\n\t\t\t\t\t\t\t\t\t<p>Nur wer auf Augenh\u00f6he kommuniziert und sich in jedes Projekt hineindenkt, findet die passende L\u00f6sung. Das ist es, was wir unter Face to Face Business verstehen und leben. Tag f\u00fcr Tag, regional und international. In den Bereichen <strong>Steuerberatung<\/strong>, <strong>Buchhaltung &amp; Bilanzierung,<\/strong><strong>Wirtschaftspr\u00fcfung<\/strong> und <strong>Unternehmensberatung<\/strong>.<\/p><h2>Face to Face Business. Weil der Kunde z\u00e4hlt.<\/h2><p>Wir sprechen Ihre Sprache, kennen Ihre Branche und setzen uns engagiert f\u00fcr Ihre Anliegen ein. Jede Beratung beginnt mit einem detaillierten Gespr\u00e4ch. Auf dieser Basis erarbeiten wir mit Ihnen die passende L\u00f6sung und begleiten Sie bei der Umsetzung. Unsere Expertinnen und Experten haben Gesp\u00fcr f\u00fcr Ihre Situation, lesen zwischen den Zahlen und behalten dabei immer das Wesentliche im Blick: Ihren Erfolg.<\/p><h4>Nicht die Gr\u00f6\u00dfe ist wichtig. Sondern das Anliegen.<\/h4><p>Sie suchen einen Partner f\u00fcr Ihre Buchhaltung, stehen vor strategischen Entscheidungen oder bereiten sich auf eine Abschlusspr\u00fcfung vor? Bei der TPA Gruppe steht Ihr Bedarf im Vordergrund. Wir sch\u00e4tzen Herausforderungen, arbeiten verl\u00e4sslich und kreativ und liefern rasche und kompetente L\u00f6sungen. Das gilt f\u00fcr kleine und mittlere Unternehmen ebenso wie f\u00fcr Konzerne oder \u00f6ffentliche Institutionen.<\/p><h4>Lokal, regional, international. Immer ein Partner an Ihrer Seite.<\/h4><p>Wo immer unsere Kunden uns brauchen \u2013 wir sind in der N\u00e4he. Sie profitieren von hochwertiger Beratung und pers\u00f6nlicher Betreuung vor Ort.<\/p><p>Die TPA Gruppe ist ein unabh\u00e4ngiges Mitglied der Baker Tilly Europe Alliance und bietet dadurch seinen Kunden ein weltweites Netzwerk von Steuerberatern, Wirtschaftspr\u00fcfern und Unternehmensberatern.<\/p><p>Das <strong>Baker Tilly International Netzwerk<\/strong> besteht aktuell aus 123 unabh\u00e4ngigen Mitgliedern in 148 L\u00e4ndern und besch\u00e4ftigt mehr als 37.000 Mitarbeiter in \u00fcber 700 B\u00fcros und z\u00e4hlt mit diesem Angebot zu den \u201eTop Ten\u201c der weltweit t\u00e4tigen Beratungsnetzwerke.\u00a0<\/p><p>Wir sind uns bewusst, dass unsere Aktivit\u00e4ten Auswirkungen auf Menschen, Gemeinschaften und die Umwelt haben k\u00f6nnen. Deshalb haben wir uns dazu verpflichtet, Nachhaltigkeit zu einem integralen Bestandteil unserer grenz\u00fcberschreitenden Unternehmensstrategie zu machen. Wir sind stolz darauf, den ersten <a href=\"https:\/\/www.tpa-group.sk\/de\/publikationen\/nachhaltigkeitsbericht-2022-tpa-gruppe\/\">gruppenweiten Nachhaltigkeitsbericht der TPA Gruppe<\/a> zu pr\u00e4sentieren.<\/p><h4>Endlich entfalten. Wir f\u00f6rdern Menschen.<\/h4><p>Die Mitarbeiterinnen und Mitarbeiter der TPA Gruppe erbringen t\u00e4glich Spitzenleistungen. Wir unterst\u00fctzen sie dabei, sich weiterzuentwickeln. Daf\u00fcr bieten wir ihnen neben vielf\u00e4ltigen <strong>Karrierechancen<\/strong> und Weiterbildung vor allem eines: Freiraum f\u00fcr ihre pers\u00f6nliche Entfaltung. Denn St\u00e4rken k\u00f6nnen nur wachsen, wenn die Aufgaben Freude machen und wenn das Arbeitsumfeld passt.<\/p>\t\t\t\t\t\t\t\t<\/div>\n\t\t\t\t<\/div>\n\t\t\t\t<div class=\"elementor-element elementor-element-5ee6593 elementor-widget elementor-widget-video\" data-id=\"5ee6593\" data-element_type=\"widget\" data-settings=\"{&quot;video_type&quot;:&quot;hosted&quot;,&quot;controls&quot;:&quot;yes&quot;}\" data-widget_type=\"video.default\">\n\t\t\t\t<div class=\"elementor-widget-container\">\n\t\t\t\t\t\t\t<div class=\"e-hosted-video elementor-wrapper elementor-open-inline\">\n\t\t\t\t\t<video class=\"elementor-video\" src=\"https:\/\/www.tpa-group.sk\/app\/uploads\/sites\/12\/2025\/01\/TPA_Image_video_2024_EN_titulky.mp4\" controls=\"\" preload=\"metadata\" controlsList=\"nodownload\" poster=\"https:\/\/www.tpa-group.sk\/app\/uploads\/sites\/12\/2025\/01\/02_recepcia-e1545373679995.jpg\"><\/video>\n\t\t\t\t<\/div>\n\t\t\t\t\t\t<\/div>\n\t\t\t\t<\/div>\n\t\t\t\t\t<\/div>\n\t\t\t\t<\/div>\n\t\t\t\t<\/div>\n\t\t","protected":false},"excerpt":{"rendered":"<p>Home |&nbsp; Unsere Philosophie Unsere Philosophie Nur wer auf Augenh\u00f6he kommuniziert und sich in jedes Projekt hineindenkt, findet die passende L\u00f6sung. Das ist es, was wir unter Face to Face Business verstehen und leben. Tag f\u00fcr Tag, regional und international. In den Bereichen Steuerberatung, Buchhaltung &amp; Bilanzierung,Wirtschaftspr\u00fcfung und Unternehmensberatung. Face to Face Business. Weil der [&hellip;]<\/p>\n","protected":false},"author":29,"featured_media":1581,"parent":3865,"menu_order":1,"comment_status":"closed","ping_status":"closed","template":"elementor_header_footer","meta":{"_acf_changed":false,"footnotes":""},"class_list":["post-3888","page","type-page","status-publish","has-post-thumbnail","hentry"],"acf":[],"yoast_head":"<!-- This site is optimized with the Yoast SEO plugin v26.0 - https:\/\/yoast.com\/wordpress\/plugins\/seo\/ -->\n<title>Unsere Philosophie - www.tpa-group.sk<\/title>\n<meta name=\"description\" content=\"Home |&nbsp; Unsere Philosophie Unsere Philosophie Nur wer auf Augenh\u00f6he kommuniziert und sich in jedes Projekt hineindenkt, findet die passende L\u00f6sung.\" \/>\n<meta name=\"robots\" content=\"index, follow, max-snippet:-1, max-image-preview:large, max-video-preview:-1\" \/>\n<link rel=\"canonical\" href=\"https:\/\/www.tpa-group.sk\/de\/uber-uns\/unsere-philosophie\/\" \/>\n<meta property=\"og:locale\" content=\"de_DE\" \/>\n<meta property=\"og:type\" content=\"article\" \/>\n<meta property=\"og:title\" content=\"Unsere Philosophie - www.tpa-group.sk\" \/>\n<meta property=\"og:description\" content=\"Home |&nbsp; Unsere Philosophie Unsere Philosophie Nur wer auf Augenh\u00f6he kommuniziert und sich in jedes Projekt hineindenkt, findet die passende L\u00f6sung.\" \/>\n<meta property=\"og:url\" content=\"https:\/\/www.tpa-group.sk\/de\/uber-uns\/unsere-philosophie\/\" \/>\n<meta property=\"og:site_name\" content=\"www.tpa-group.sk\" \/>\n<meta property=\"article:modified_time\" content=\"2025-01-13T10:56:38+00:00\" \/>\n<meta property=\"og:image\" content=\"https:\/\/www.tpa-group.sk\/app\/uploads\/sites\/12\/2025\/01\/Dizajn-bez-nazvu-7.png\" \/>\n\t<meta property=\"og:image:width\" content=\"1200\" \/>\n\t<meta property=\"og:image:height\" content=\"675\" \/>\n\t<meta property=\"og:image:type\" content=\"image\/png\" \/>\n<meta name=\"twitter:card\" content=\"summary_large_image\" \/>\n<meta name=\"twitter:label1\" content=\"Est. reading time\" \/>\n\t<meta name=\"twitter:data1\" content=\"3 Minuten\" \/>\n<script type=\"application\/ld+json\" class=\"yoast-schema-graph\">{\"@context\":\"https:\/\/schema.org\",\"@graph\":[{\"@type\":\"WebPage\",\"@id\":\"https:\/\/www.tpa-group.sk\/de\/uber-uns\/unsere-philosophie\/\",\"url\":\"https:\/\/www.tpa-group.sk\/de\/uber-uns\/unsere-philosophie\/\",\"name\":\"Unsere Philosophie - www.tpa-group.sk\",\"isPartOf\":{\"@id\":\"https:\/\/www.tpa-group.sk\/de\/#website\"},\"primaryImageOfPage\":{\"@id\":\"https:\/\/www.tpa-group.sk\/de\/uber-uns\/unsere-philosophie\/#primaryimage\"},\"image\":{\"@id\":\"https:\/\/www.tpa-group.sk\/de\/uber-uns\/unsere-philosophie\/#primaryimage\"},\"thumbnailUrl\":\"https:\/\/www.tpa-group.sk\/app\/uploads\/sites\/12\/2024\/03\/pexels-photo-3184418-1600x1066.jpeg.webp\",\"datePublished\":\"2024-04-11T11:59:10+00:00\",\"dateModified\":\"2025-01-13T10:56:38+00:00\",\"description\":\"Home |&nbsp; Unsere Philosophie Unsere Philosophie Nur wer auf Augenh\u00f6he kommuniziert und sich in jedes Projekt hineindenkt, findet die passende L\u00f6sung.\",\"breadcrumb\":{\"@id\":\"https:\/\/www.tpa-group.sk\/de\/uber-uns\/unsere-philosophie\/#breadcrumb\"},\"inLanguage\":\"de-DE\",\"potentialAction\":[{\"@type\":\"ReadAction\",\"target\":[\"https:\/\/www.tpa-group.sk\/de\/uber-uns\/unsere-philosophie\/\"]}]},{\"@type\":\"ImageObject\",\"inLanguage\":\"de-DE\",\"@id\":\"https:\/\/www.tpa-group.sk\/de\/uber-uns\/unsere-philosophie\/#primaryimage\",\"url\":\"https:\/\/www.tpa-group.sk\/app\/uploads\/sites\/12\/2024\/03\/pexels-photo-3184418-1600x1066.jpeg.webp\",\"contentUrl\":\"https:\/\/www.tpa-group.sk\/app\/uploads\/sites\/12\/2024\/03\/pexels-photo-3184418-1600x1066.jpeg.webp\",\"width\":1600,\"height\":1066},{\"@type\":\"BreadcrumbList\",\"@id\":\"https:\/\/www.tpa-group.sk\/de\/uber-uns\/unsere-philosophie\/#breadcrumb\",\"itemListElement\":[{\"@type\":\"ListItem\",\"position\":1,\"name\":\"Home\",\"item\":\"https:\/\/www.tpa-group.sk\/de\/\"},{\"@type\":\"ListItem\",\"position\":2,\"name\":\"\u00dcber uns\",\"item\":\"https:\/\/www.tpa-group.sk\/de\/o-nas\/\"},{\"@type\":\"ListItem\",\"position\":3,\"name\":\"Unsere Philosophie\"}]},{\"@type\":\"WebSite\",\"@id\":\"https:\/\/www.tpa-group.sk\/de\/#website\",\"url\":\"https:\/\/www.tpa-group.sk\/de\/\",\"name\":\"www.tpa-group.sk\",\"description\":\"\",\"publisher\":{\"@id\":\"https:\/\/www.tpa-group.sk\/de\/#organization\"},\"potentialAction\":[{\"@type\":\"SearchAction\",\"target\":{\"@type\":\"EntryPoint\",\"urlTemplate\":\"https:\/\/www.tpa-group.sk\/de\/?s={search_term_string}\"},\"query-input\":{\"@type\":\"PropertyValueSpecification\",\"valueRequired\":true,\"valueName\":\"search_term_string\"}}],\"inLanguage\":\"de-DE\"},{\"@type\":\"Organization\",\"@id\":\"https:\/\/www.tpa-group.sk\/de\/#organization\",\"name\":\"TPA Slovakia\",\"url\":\"https:\/\/www.tpa-group.sk\/de\/\",\"logo\":{\"@type\":\"ImageObject\",\"inLanguage\":\"de-DE\",\"@id\":\"https:\/\/www.tpa-group.sk\/de\/#\/schema\/logo\/image\/\",\"url\":\"https:\/\/www.tpa-group.sk\/app\/uploads\/sites\/12\/2025\/01\/tpa-logo-favicon.svg\",\"contentUrl\":\"https:\/\/www.tpa-group.sk\/app\/uploads\/sites\/12\/2025\/01\/tpa-logo-favicon.svg\",\"width\":110,\"height\":93,\"caption\":\"TPA Slovakia\"},\"image\":{\"@id\":\"https:\/\/www.tpa-group.sk\/de\/#\/schema\/logo\/image\/\"}}]}<\/script>\n<!-- \/ Yoast SEO plugin. -->","yoast_head_json":{"title":"Unsere Philosophie - www.tpa-group.sk","description":"Home |&nbsp; Unsere Philosophie Unsere Philosophie Nur wer auf Augenh\u00f6he kommuniziert und sich in jedes Projekt hineindenkt, findet die passende L\u00f6sung.","robots":{"index":"index","follow":"follow","max-snippet":"max-snippet:-1","max-image-preview":"max-image-preview:large","max-video-preview":"max-video-preview:-1"},"canonical":"https:\/\/www.tpa-group.sk\/de\/uber-uns\/unsere-philosophie\/","og_locale":"de_DE","og_type":"article","og_title":"Unsere Philosophie - www.tpa-group.sk","og_description":"Home |&nbsp; Unsere Philosophie Unsere Philosophie Nur wer auf Augenh\u00f6he kommuniziert und sich in jedes Projekt hineindenkt, findet die passende L\u00f6sung.","og_url":"https:\/\/www.tpa-group.sk\/de\/uber-uns\/unsere-philosophie\/","og_site_name":"www.tpa-group.sk","article_modified_time":"2025-01-13T10:56:38+00:00","og_image":[{"width":1200,"height":675,"url":"https:\/\/www.tpa-group.sk\/app\/uploads\/sites\/12\/2025\/01\/Dizajn-bez-nazvu-7.png","type":"image\/png"}],"twitter_card":"summary_large_image","twitter_misc":{"Est. reading time":"3 Minuten"},"schema":{"@context":"https:\/\/schema.org","@graph":[{"@type":"WebPage","@id":"https:\/\/www.tpa-group.sk\/de\/uber-uns\/unsere-philosophie\/","url":"https:\/\/www.tpa-group.sk\/de\/uber-uns\/unsere-philosophie\/","name":"Unsere Philosophie - www.tpa-group.sk","isPartOf":{"@id":"https:\/\/www.tpa-group.sk\/de\/#website"},"primaryImageOfPage":{"@id":"https:\/\/www.tpa-group.sk\/de\/uber-uns\/unsere-philosophie\/#primaryimage"},"image":{"@id":"https:\/\/www.tpa-group.sk\/de\/uber-uns\/unsere-philosophie\/#primaryimage"},"thumbnailUrl":"https:\/\/www.tpa-group.sk\/app\/uploads\/sites\/12\/2024\/03\/pexels-photo-3184418-1600x1066.jpeg.webp","datePublished":"2024-04-11T11:59:10+00:00","dateModified":"2025-01-13T10:56:38+00:00","description":"Home |&nbsp; Unsere Philosophie Unsere Philosophie Nur wer auf Augenh\u00f6he kommuniziert und sich in jedes Projekt hineindenkt, findet die passende L\u00f6sung.","breadcrumb":{"@id":"https:\/\/www.tpa-group.sk\/de\/uber-uns\/unsere-philosophie\/#breadcrumb"},"inLanguage":"de-DE","potentialAction":[{"@type":"ReadAction","target":["https:\/\/www.tpa-group.sk\/de\/uber-uns\/unsere-philosophie\/"]}]},{"@type":"ImageObject","inLanguage":"de-DE","@id":"https:\/\/www.tpa-group.sk\/de\/uber-uns\/unsere-philosophie\/#primaryimage","url":"https:\/\/www.tpa-group.sk\/app\/uploads\/sites\/12\/2024\/03\/pexels-photo-3184418-1600x1066.jpeg.webp","contentUrl":"https:\/\/www.tpa-group.sk\/app\/uploads\/sites\/12\/2024\/03\/pexels-photo-3184418-1600x1066.jpeg.webp","width":1600,"height":1066},{"@type":"BreadcrumbList","@id":"https:\/\/www.tpa-group.sk\/de\/uber-uns\/unsere-philosophie\/#breadcrumb","itemListElement":[{"@type":"ListItem","position":1,"name":"Home","item":"https:\/\/www.tpa-group.sk\/de\/"},{"@type":"ListItem","position":2,"name":"\u00dcber uns","item":"https:\/\/www.tpa-group.sk\/de\/o-nas\/"},{"@type":"ListItem","position":3,"name":"Unsere Philosophie"}]},{"@type":"WebSite","@id":"https:\/\/www.tpa-group.sk\/de\/#website","url":"https:\/\/www.tpa-group.sk\/de\/","name":"www.tpa-group.sk","description":"","publisher":{"@id":"https:\/\/www.tpa-group.sk\/de\/#organization"},"potentialAction":[{"@type":"SearchAction","target":{"@type":"EntryPoint","urlTemplate":"https:\/\/www.tpa-group.sk\/de\/?s={search_term_string}"},"query-input":{"@type":"PropertyValueSpecification","valueRequired":true,"valueName":"search_term_string"}}],"inLanguage":"de-DE"},{"@type":"Organization","@id":"https:\/\/www.tpa-group.sk\/de\/#organization","name":"TPA Slovakia","url":"https:\/\/www.tpa-group.sk\/de\/","logo":{"@type":"ImageObject","inLanguage":"de-DE","@id":"https:\/\/www.tpa-group.sk\/de\/#\/schema\/logo\/image\/","url":"https:\/\/www.tpa-group.sk\/app\/uploads\/sites\/12\/2025\/01\/tpa-logo-favicon.svg","contentUrl":"https:\/\/www.tpa-group.sk\/app\/uploads\/sites\/12\/2025\/01\/tpa-logo-favicon.svg","width":110,"height":93,"caption":"TPA Slovakia"},"image":{"@id":"https:\/\/www.tpa-group.sk\/de\/#\/schema\/logo\/image\/"}}]}},"_links":{"self":[{"href":"https:\/\/www.tpa-group.sk\/de\/wp-json\/wp\/v2\/pages\/3888","targetHints":{"allow":["GET"]}}],"collection":[{"href":"https:\/\/www.tpa-group.sk\/de\/wp-json\/wp\/v2\/pages"}],"about":[{"href":"https:\/\/www.tpa-group.sk\/de\/wp-json\/wp\/v2\/types\/page"}],"author":[{"embeddable":true,"href":"https:\/\/www.tpa-group.sk\/de\/wp-json\/wp\/v2\/users\/29"}],"replies":[{"embeddable":true,"href":"https:\/\/www.tpa-group.sk\/de\/wp-json\/wp\/v2\/comments?post=3888"}],"version-history":[{"count":19,"href":"https:\/\/www.tpa-group.sk\/de\/wp-json\/wp\/v2\/pages\/3888\/revisions"}],"predecessor-version":[{"id":11128,"href":"https:\/\/www.tpa-group.sk\/de\/wp-json\/wp\/v2\/pages\/3888\/revisions\/11128"}],"up":[{"embeddable":true,"href":"https:\/\/www.tpa-group.sk\/de\/wp-json\/wp\/v2\/pages\/3865"}],"wp:featuredmedia":[{"embeddable":true,"href":"https:\/\/www.tpa-group.sk\/de\/wp-json\/wp\/v2\/media\/1581"}],"wp:attachment":[{"href":"https:\/\/www.tpa-group.sk\/de\/wp-json\/wp\/v2\/media?parent=3888"}],"curies":[{"name":"wp","href":"https:\/\/api.w.org\/{rel}","templated":true}]}}