{"id":3898,"date":"2024-04-11T12:18:25","date_gmt":"2024-04-11T12:18:25","guid":{"rendered":"https:\/\/www.tpa-group.sk\/uber-uns\/informacie-o-spolocnosti\/"},"modified":"2025-01-13T11:01:21","modified_gmt":"2025-01-13T11:01:21","slug":"auf-einen-blick-tpa-im-portrait","status":"publish","type":"page","link":"https:\/\/www.tpa-group.sk\/de\/uber-uns\/auf-einen-blick-tpa-im-portrait\/","title":{"rendered":"Auf einen Blick. TPA im Portrait."},"content":{"rendered":"\t\t<div data-elementor-type=\"wp-page\" data-elementor-id=\"3898\" class=\"elementor elementor-3898 elementor-3771\" data-elementor-post-type=\"page\">\n\t\t\t\t\t\t<section class=\"elementor-section elementor-top-section elementor-element elementor-element-3d6ecf4 hero-banner elementor-section-boxed elementor-section-height-default elementor-section-height-default\" data-id=\"3d6ecf4\" data-element_type=\"section\">\n\t\t\t\t\t\t<div class=\"elementor-container elementor-column-gap-default\">\n\t\t\t\t\t<div class=\"elementor-column elementor-col-100 elementor-top-column elementor-element elementor-element-4acc027\" data-id=\"4acc027\" data-element_type=\"column\">\n\t\t\t<div class=\"elementor-widget-wrap elementor-element-populated\">\n\t\t\t\t\t\t<section class=\"elementor-section elementor-inner-section elementor-element elementor-element-efee693 hero-banner-breadcrumbs-container elementor-section-boxed elementor-section-height-default elementor-section-height-default\" data-id=\"efee693\" data-element_type=\"section\">\n\t\t\t\t\t\t<div class=\"elementor-container elementor-column-gap-default\">\n\t\t\t\t\t<div class=\"elementor-column elementor-col-100 elementor-inner-column elementor-element elementor-element-e0a65ce\" data-id=\"e0a65ce\" data-element_type=\"column\">\n\t\t\t<div class=\"elementor-widget-wrap elementor-element-populated\">\n\t\t\t\t\t\t<div class=\"elementor-element elementor-element-2cf9884 elementor-widget elementor-widget-heading\" data-id=\"2cf9884\" data-element_type=\"widget\" data-widget_type=\"heading.default\">\n\t\t\t\t<div class=\"elementor-widget-container\">\n\t\t\t\t\t<p class=\"elementor-heading-title elementor-size-default\"><a href=\"\/\">Home |&nbsp;<\/a><\/p>\t\t\t\t<\/div>\n\t\t\t\t<\/div>\n\t\t\t\t<div class=\"elementor-element elementor-element-8300309 elementor-widget elementor-widget-heading\" data-id=\"8300309\" data-element_type=\"widget\" data-widget_type=\"heading.default\">\n\t\t\t\t<div class=\"elementor-widget-container\">\n\t\t\t\t\t<p class=\"elementor-heading-title elementor-size-default\">Auf einen Blick. TPA im Portrait.<\/p>\t\t\t\t<\/div>\n\t\t\t\t<\/div>\n\t\t\t\t\t<\/div>\n\t\t<\/div>\n\t\t\t\t\t<\/div>\n\t\t<\/section>\n\t\t\t\t<div class=\"elementor-element elementor-element-8a279c3 elementor-widget elementor-widget-heading\" data-id=\"8a279c3\" data-element_type=\"widget\" data-widget_type=\"heading.default\">\n\t\t\t\t<div class=\"elementor-widget-container\">\n\t\t\t\t\t<h2 class=\"elementor-heading-title elementor-size-default\">Auf einen Blick. TPA im Portrait.<\/h2>\t\t\t\t<\/div>\n\t\t\t\t<\/div>\n\t\t\t\t\t<\/div>\n\t\t<\/div>\n\t\t\t\t\t<\/div>\n\t\t<\/section>\n\t\t<div class=\"elementor-element elementor-element-178e888 page-content-container e-flex e-con-boxed e-con e-parent\" data-id=\"178e888\" data-element_type=\"container\" data-settings=\"{&quot;background_background&quot;:&quot;classic&quot;}\">\n\t\t\t\t\t<div class=\"e-con-inner\">\n\t\t\t\t<div class=\"elementor-element elementor-element-79e5e82 elementor-widget elementor-widget-text-editor\" data-id=\"79e5e82\" data-element_type=\"widget\" data-widget_type=\"text-editor.default\">\n\t\t\t\t<div class=\"elementor-widget-container\">\n\t\t\t\t\t\t\t\t\t<p>Vor mehr als 40 Jahren <span lang=\"DE-AT\">im nieder\u00f6sterreichischen Langenlois gegr\u00fcndet, ist TPA heute einer der\u00a0f\u00fchrenden Spezialisten f\u00fcr Steuerrecht und Wirtschaftspr\u00fcfung in \u00d6sterreich. In Mittel- und S\u00fcdosteuropa hat sich die TPA Gruppe als erfolgreicher Player etabliert.<\/span><\/p><h4><span lang=\"DE-AT\">Das Unternehmen in der Slowakei und international.<br \/><\/span><\/h4><p><span lang=\"DE-AT\">TPA z\u00e4hlt <\/span><span lang=\"DE-AT\">zu den f\u00fchrenden slowakischen Steuerberatungs- und Wirtschaftspr\u00fcfungsunternehmen. Mehr als 130 Mitarbeiterinnen und Mitarbeiter stehen den Kunden in der Slowakei in drei Niederlassungen zur Seite. <\/span><\/p><p><span lang=\"DE-AT\">Die <\/span><span lang=\"DE-AT\">TPA Gruppe ist neben Slowakei in elf\u00a0 weiteren L\u00e4ndern in Mittel- und S\u00fcdosteuropa t\u00e4tig: Albanien, Bulgarien, Kroatien, \u00d6sterreich, Polen, Rum\u00e4nien, Montenegro, Serbien, Slowenien, Tschechien und Ungarn. Insgesamt besch\u00e4ftigt die Unternehmensgruppe mehr als 2.050 Menschen an 31 Standorten.<\/span><\/p><p><img fetchpriority=\"high\" decoding=\"async\" class=\"alignnone size-full wp-image-3758\" src=\"https:\/\/www.tpa-group.sk\/app\/uploads\/sites\/12\/2024\/04\/Baker-Tilly-Europe-Alliance-Map-tax-audit-accoutning-germany-europe-1024x516-1024x516-1.png\" alt=\"\" width=\"1024\" height=\"516\" srcset=\"https:\/\/www.tpa-group.sk\/app\/uploads\/sites\/12\/2024\/04\/Baker-Tilly-Europe-Alliance-Map-tax-audit-accoutning-germany-europe-1024x516-1024x516-1.png 1024w, https:\/\/www.tpa-group.sk\/app\/uploads\/sites\/12\/2024\/04\/Baker-Tilly-Europe-Alliance-Map-tax-audit-accoutning-germany-europe-1024x516-1024x516-1-300x151.png 300w, https:\/\/www.tpa-group.sk\/app\/uploads\/sites\/12\/2024\/04\/Baker-Tilly-Europe-Alliance-Map-tax-audit-accoutning-germany-europe-1024x516-1024x516-1-768x387.png 768w\" sizes=\"(max-width: 1024px) 100vw, 1024px\" \/><\/p><h4><span lang=\"DE-AT\">Die Leistungen.<br \/><\/span><\/h4><p><span lang=\"DE-AT\">Die Dienstleistungen von TPA in\u00a0der Slowakei\u00a0umfassen <\/span><span lang=\"DE-AT\">Steuerberatung und Lohnverrechnung<\/span><span lang=\"DE-AT\">, <\/span><span lang=\"DE-AT\">Wirtschaftspr\u00fcfung <\/span><span lang=\"DE-AT\">und <\/span><span lang=\"DE-AT\">Unternehmensberatung<\/span><span lang=\"DE-AT\">.<\/span><span lang=\"DE-AT\"> Die Philosophie von TPA lautet kurz und b\u00fcndig: \u201eFace to Face Business\u201c: Die Mitarbeiterinnen und Mitarbeiter von TPA sind im Denken und Handeln so nah wie m\u00f6glich am Kunden. Kompetenz vor Ort, erstklassiges Know-how und das Verst\u00e4ndnis f\u00fcr verschiedenste Branchen zeichnen ihre Arbeit aus.<\/span><\/p><p><span lang=\"DE-AT\">Umfassendes Wissen in den Bereichen Immobilien, Unternehmensgr\u00fcndungen, Umgr\u00fcndungen und Nachfolgemodellen, in der Rechtsformgestaltung sowie im Arbeits-, Sozial- und Pensionsrecht z\u00e4hlen unter anderem zur Spezialkompetenz der TPA Experten.<\/span><\/p><h4><span lang=\"DE-AT\">Die TPA Gruppe: Regional verankert. Weltweit <\/span><span lang=\"DE-AT\">vernetzt.<\/span><span lang=\"DE-AT\"><br \/><\/span><\/h4><p>Die TPA Gruppe ist ein unabh\u00e4ngiges Mitglied der Baker Tilly Europe Alliance und bietet dadurch seinen Kunden ein weltweites Netzwerk von Steuerberatern, Wirtschaftspr\u00fcfern und Unternehmensberatern.<\/p><p>Durch die Allianzpartnerschaft mit dem Baker Tilly International Netzwerk sind die 12 L\u00e4nder der eigenst\u00e4ndigen TPA Gruppe weltweit bestens vernetzt und k\u00f6nnen in allen wirtschaftlich bedeutenden St\u00e4dten und Regionen der Welt hochqualitative Dienstleistungen zur Verf\u00fcgung stellen.<\/p><p><span lang=\"DE-AT\">Das Baker Tilly International Netzwerk besteht aktuell aus 123 unabh\u00e4ngigen Mitgliedern in 148 L\u00e4ndern und besch\u00e4ftigt mehr als 37.000 Mitarbeiter in \u00fcber 700 B\u00fcros und z\u00e4hlt mit diesem Angebot zu den \u201eTop Ten\u201c der weltweit t\u00e4tigen Beratungsnetzwerke.<\/span><\/p><h4><span lang=\"DE-AT\">Die Geschichte von TPA.<\/span><span lang=\"DE-AT\"><br \/><\/span><\/h4><p><span lang=\"DE-AT\">TPA wurde 1979 in Langenlois\/Nieder\u00f6sterreich gegr\u00fcndet. Das Unternehmen wuchs rasch \u2013 bereits 1990 hatte es rund 65 Mitarbeiterinnen und Mitarbeiter. Anfang der 1990er-Jahre startete die Expansion in Mittel- und S\u00fcdosteuropa. <\/span><\/p><p><span lang=\"DE-AT\">Heute ist die eigenst\u00e4ndige TPA G<\/span><span lang=\"DE-AT\">ruppe in 12 L\u00e4ndern t\u00e4tig. Aufgrund der Mitgliedschaft bei Crowe Horwath International wurde der Markenname Anfang 2005 in \u201eTPA Horwath\u201c ge\u00e4ndert. <\/span><\/p><p>Im Herbst 2016 setzte \u201eTPA\u201c als eines der f\u00fchrenden \u00f6sterreichischen Steuerberatungs- und Wirtschaftspr\u00fcfungsunternehmen einen n\u00e4chsten wichtigen Entwicklungsschritt. TPA Group ist ein unabh\u00e4ngiges Mitglied der Baker Tilly Europe Alliance.<\/p><p>Durch die Allianzpartnerschaft mit dem Baker Tilly International Netzwerk sind die 12 L\u00e4nder der eigenst\u00e4ndigen TPA Gruppe weltweit bestens vernetzt und k\u00f6nnen in allen wirtschaftlich bedeutenden St\u00e4dten und Regionen der Welt hochqualitative Dienstleistungen zur Verf\u00fcgung stellen.<\/p><p><span lang=\"DE-AT\">Das Unternehmen ist bis heute unabh\u00e4ngig<\/span><span lang=\"DE-AT\">. TPA ist als eine der gr\u00f6\u00dften \u00f6sterreichischen Steuerberater- und Wirtschaftspr\u00fcfungskanzleien erfolgreich in Mittel- und S\u00fcdosteuropa t\u00e4tig.<\/span><\/p><p>*<em>Disclaimer<\/em><\/p><p><em>TPA Slovakia is an independent member of the Baker Tilly Europe Alliance. The Baker Tilly Europe Alliance provides no professional services to clients. Each member firm is a separate and independent legal entity and each describes itself as such. TPA Slovakia is not an agent of the Baker Tilly Europe Alliance, nor an agent for Baker Tilly International, and does not have the authority to bind the Baker Tilly Europe Alliance or Baker Tilly International, or act on either entity\u2019s behalf. None of Baker Tilly International, the Baker Tilly Europe Alliance, TPA Slovakia, nor any of the other member firms of Baker Tilly International or members of the Baker Tilly Europe Alliance has any liability for each other\u2019s acts or omissions. In addition, neither Baker Tilly International, the Baker Tilly Europe Alliance, nor any other member firm has a right to exercise management control over any other member firm. The name Baker Tilly and its associated logo is used under licence from Baker Tilly International Limited.<\/em><\/p>\t\t\t\t\t\t\t\t<\/div>\n\t\t\t\t<\/div>\n\t\t\t\t<div class=\"elementor-element elementor-element-8e60e93 elementor-widget elementor-widget-video\" data-id=\"8e60e93\" data-element_type=\"widget\" data-settings=\"{&quot;video_type&quot;:&quot;hosted&quot;,&quot;controls&quot;:&quot;yes&quot;}\" data-widget_type=\"video.default\">\n\t\t\t\t<div class=\"elementor-widget-container\">\n\t\t\t\t\t\t\t<div class=\"e-hosted-video elementor-wrapper elementor-open-inline\">\n\t\t\t\t\t<video class=\"elementor-video\" src=\"https:\/\/www.tpa-group.sk\/app\/uploads\/sites\/12\/2025\/01\/TPA_Image_video_2024_EN_titulky.mp4\" controls=\"\" preload=\"metadata\" controlsList=\"nodownload\" poster=\"https:\/\/www.tpa-group.sk\/app\/uploads\/sites\/12\/2025\/01\/02_recepcia-e1545373679995.jpg\"><\/video>\n\t\t\t\t<\/div>\n\t\t\t\t\t\t<\/div>\n\t\t\t\t<\/div>\n\t\t\t\t\t<\/div>\n\t\t\t\t<\/div>\n\t\t\t\t<\/div>\n\t\t","protected":false},"excerpt":{"rendered":"<p>Home |&nbsp; Auf einen Blick. TPA im Portrait. Auf einen Blick. TPA im Portrait. Vor mehr als 40 Jahren im nieder\u00f6sterreichischen Langenlois gegr\u00fcndet, ist TPA heute einer der\u00a0f\u00fchrenden Spezialisten f\u00fcr Steuerrecht und Wirtschaftspr\u00fcfung in \u00d6sterreich. In Mittel- und S\u00fcdosteuropa hat sich die TPA Gruppe als erfolgreicher Player etabliert. Das Unternehmen in der Slowakei und international. [&hellip;]<\/p>\n","protected":false},"author":29,"featured_media":173,"parent":3865,"menu_order":2,"comment_status":"closed","ping_status":"closed","template":"elementor_header_footer","meta":{"_acf_changed":false,"footnotes":""},"class_list":["post-3898","page","type-page","status-publish","has-post-thumbnail","hentry"],"acf":[],"yoast_head":"<!-- This site is optimized with the Yoast SEO plugin v26.0 - https:\/\/yoast.com\/wordpress\/plugins\/seo\/ -->\n<title>Auf einen Blick. TPA im Portrait. - www.tpa-group.sk<\/title>\n<meta name=\"description\" content=\"Home |&nbsp; Auf einen Blick. TPA im Portrait. Auf einen Blick. TPA im Portrait. Vor mehr als 40 Jahren im nieder\u00f6sterreichischen Langenlois gegr\u00fcndet,\" \/>\n<meta name=\"robots\" content=\"index, follow, max-snippet:-1, max-image-preview:large, max-video-preview:-1\" \/>\n<link rel=\"canonical\" href=\"https:\/\/www.tpa-group.sk\/de\/uber-uns\/auf-einen-blick-tpa-im-portrait\/\" \/>\n<meta property=\"og:locale\" content=\"de_DE\" \/>\n<meta property=\"og:type\" content=\"article\" \/>\n<meta property=\"og:title\" content=\"Auf einen Blick. TPA im Portrait. - www.tpa-group.sk\" \/>\n<meta property=\"og:description\" content=\"Home |&nbsp; Auf einen Blick. TPA im Portrait. Auf einen Blick. TPA im Portrait. Vor mehr als 40 Jahren im nieder\u00f6sterreichischen Langenlois gegr\u00fcndet,\" \/>\n<meta property=\"og:url\" content=\"https:\/\/www.tpa-group.sk\/de\/uber-uns\/auf-einen-blick-tpa-im-portrait\/\" \/>\n<meta property=\"og:site_name\" content=\"www.tpa-group.sk\" \/>\n<meta property=\"article:modified_time\" content=\"2025-01-13T11:01:21+00:00\" \/>\n<meta property=\"og:image\" content=\"https:\/\/www.tpa-group.sk\/app\/uploads\/sites\/12\/2024\/04\/Baker-Tilly-Europe-Alliance-Map-tax-audit-accoutning-germany-europe-1024x516-1024x516-1.png\" \/>\n<meta name=\"twitter:card\" content=\"summary_large_image\" \/>\n<meta name=\"twitter:label1\" content=\"Est. reading time\" \/>\n\t<meta name=\"twitter:data1\" content=\"4 Minuten\" \/>\n<script type=\"application\/ld+json\" class=\"yoast-schema-graph\">{\"@context\":\"https:\/\/schema.org\",\"@graph\":[{\"@type\":\"WebPage\",\"@id\":\"https:\/\/www.tpa-group.sk\/de\/uber-uns\/auf-einen-blick-tpa-im-portrait\/\",\"url\":\"https:\/\/www.tpa-group.sk\/de\/uber-uns\/auf-einen-blick-tpa-im-portrait\/\",\"name\":\"Auf einen Blick. TPA im Portrait. - www.tpa-group.sk\",\"isPartOf\":{\"@id\":\"https:\/\/www.tpa-group.sk\/de\/#website\"},\"primaryImageOfPage\":{\"@id\":\"https:\/\/www.tpa-group.sk\/de\/uber-uns\/auf-einen-blick-tpa-im-portrait\/#primaryimage\"},\"image\":{\"@id\":\"https:\/\/www.tpa-group.sk\/de\/uber-uns\/auf-einen-blick-tpa-im-portrait\/#primaryimage\"},\"thumbnailUrl\":\"https:\/\/www.tpa-group.sk\/app\/uploads\/sites\/12\/2023\/03\/tpa-logo.svg\",\"datePublished\":\"2024-04-11T12:18:25+00:00\",\"dateModified\":\"2025-01-13T11:01:21+00:00\",\"description\":\"Home |&nbsp; Auf einen Blick. TPA im Portrait. Auf einen Blick. TPA im Portrait. Vor mehr als 40 Jahren im nieder\u00f6sterreichischen Langenlois gegr\u00fcndet,\",\"breadcrumb\":{\"@id\":\"https:\/\/www.tpa-group.sk\/de\/uber-uns\/auf-einen-blick-tpa-im-portrait\/#breadcrumb\"},\"inLanguage\":\"de-DE\",\"potentialAction\":[{\"@type\":\"ReadAction\",\"target\":[\"https:\/\/www.tpa-group.sk\/de\/uber-uns\/auf-einen-blick-tpa-im-portrait\/\"]}]},{\"@type\":\"ImageObject\",\"inLanguage\":\"de-DE\",\"@id\":\"https:\/\/www.tpa-group.sk\/de\/uber-uns\/auf-einen-blick-tpa-im-portrait\/#primaryimage\",\"url\":\"https:\/\/www.tpa-group.sk\/app\/uploads\/sites\/12\/2023\/03\/tpa-logo.svg\",\"contentUrl\":\"https:\/\/www.tpa-group.sk\/app\/uploads\/sites\/12\/2023\/03\/tpa-logo.svg\"},{\"@type\":\"BreadcrumbList\",\"@id\":\"https:\/\/www.tpa-group.sk\/de\/uber-uns\/auf-einen-blick-tpa-im-portrait\/#breadcrumb\",\"itemListElement\":[{\"@type\":\"ListItem\",\"position\":1,\"name\":\"Home\",\"item\":\"https:\/\/www.tpa-group.sk\/de\/\"},{\"@type\":\"ListItem\",\"position\":2,\"name\":\"\u00dcber uns\",\"item\":\"https:\/\/www.tpa-group.sk\/de\/o-nas\/\"},{\"@type\":\"ListItem\",\"position\":3,\"name\":\"Auf einen Blick. TPA im Portrait.\"}]},{\"@type\":\"WebSite\",\"@id\":\"https:\/\/www.tpa-group.sk\/de\/#website\",\"url\":\"https:\/\/www.tpa-group.sk\/de\/\",\"name\":\"www.tpa-group.sk\",\"description\":\"\",\"publisher\":{\"@id\":\"https:\/\/www.tpa-group.sk\/de\/#organization\"},\"potentialAction\":[{\"@type\":\"SearchAction\",\"target\":{\"@type\":\"EntryPoint\",\"urlTemplate\":\"https:\/\/www.tpa-group.sk\/de\/?s={search_term_string}\"},\"query-input\":{\"@type\":\"PropertyValueSpecification\",\"valueRequired\":true,\"valueName\":\"search_term_string\"}}],\"inLanguage\":\"de-DE\"},{\"@type\":\"Organization\",\"@id\":\"https:\/\/www.tpa-group.sk\/de\/#organization\",\"name\":\"TPA Slovakia\",\"url\":\"https:\/\/www.tpa-group.sk\/de\/\",\"logo\":{\"@type\":\"ImageObject\",\"inLanguage\":\"de-DE\",\"@id\":\"https:\/\/www.tpa-group.sk\/de\/#\/schema\/logo\/image\/\",\"url\":\"https:\/\/www.tpa-group.sk\/app\/uploads\/sites\/12\/2025\/01\/tpa-logo-favicon.svg\",\"contentUrl\":\"https:\/\/www.tpa-group.sk\/app\/uploads\/sites\/12\/2025\/01\/tpa-logo-favicon.svg\",\"width\":110,\"height\":93,\"caption\":\"TPA Slovakia\"},\"image\":{\"@id\":\"https:\/\/www.tpa-group.sk\/de\/#\/schema\/logo\/image\/\"}}]}<\/script>\n<!-- \/ Yoast SEO plugin. -->","yoast_head_json":{"title":"Auf einen Blick. TPA im Portrait. - www.tpa-group.sk","description":"Home |&nbsp; Auf einen Blick. TPA im Portrait. Auf einen Blick. TPA im Portrait. Vor mehr als 40 Jahren im nieder\u00f6sterreichischen Langenlois gegr\u00fcndet,","robots":{"index":"index","follow":"follow","max-snippet":"max-snippet:-1","max-image-preview":"max-image-preview:large","max-video-preview":"max-video-preview:-1"},"canonical":"https:\/\/www.tpa-group.sk\/de\/uber-uns\/auf-einen-blick-tpa-im-portrait\/","og_locale":"de_DE","og_type":"article","og_title":"Auf einen Blick. TPA im Portrait. - www.tpa-group.sk","og_description":"Home |&nbsp; Auf einen Blick. TPA im Portrait. Auf einen Blick. TPA im Portrait. Vor mehr als 40 Jahren im nieder\u00f6sterreichischen Langenlois gegr\u00fcndet,","og_url":"https:\/\/www.tpa-group.sk\/de\/uber-uns\/auf-einen-blick-tpa-im-portrait\/","og_site_name":"www.tpa-group.sk","article_modified_time":"2025-01-13T11:01:21+00:00","og_image":[{"url":"https:\/\/www.tpa-group.sk\/app\/uploads\/sites\/12\/2024\/04\/Baker-Tilly-Europe-Alliance-Map-tax-audit-accoutning-germany-europe-1024x516-1024x516-1.png","type":"","width":"","height":""}],"twitter_card":"summary_large_image","twitter_misc":{"Est. reading time":"4 Minuten"},"schema":{"@context":"https:\/\/schema.org","@graph":[{"@type":"WebPage","@id":"https:\/\/www.tpa-group.sk\/de\/uber-uns\/auf-einen-blick-tpa-im-portrait\/","url":"https:\/\/www.tpa-group.sk\/de\/uber-uns\/auf-einen-blick-tpa-im-portrait\/","name":"Auf einen Blick. TPA im Portrait. - www.tpa-group.sk","isPartOf":{"@id":"https:\/\/www.tpa-group.sk\/de\/#website"},"primaryImageOfPage":{"@id":"https:\/\/www.tpa-group.sk\/de\/uber-uns\/auf-einen-blick-tpa-im-portrait\/#primaryimage"},"image":{"@id":"https:\/\/www.tpa-group.sk\/de\/uber-uns\/auf-einen-blick-tpa-im-portrait\/#primaryimage"},"thumbnailUrl":"https:\/\/www.tpa-group.sk\/app\/uploads\/sites\/12\/2023\/03\/tpa-logo.svg","datePublished":"2024-04-11T12:18:25+00:00","dateModified":"2025-01-13T11:01:21+00:00","description":"Home |&nbsp; Auf einen Blick. TPA im Portrait. Auf einen Blick. TPA im Portrait. Vor mehr als 40 Jahren im nieder\u00f6sterreichischen Langenlois gegr\u00fcndet,","breadcrumb":{"@id":"https:\/\/www.tpa-group.sk\/de\/uber-uns\/auf-einen-blick-tpa-im-portrait\/#breadcrumb"},"inLanguage":"de-DE","potentialAction":[{"@type":"ReadAction","target":["https:\/\/www.tpa-group.sk\/de\/uber-uns\/auf-einen-blick-tpa-im-portrait\/"]}]},{"@type":"ImageObject","inLanguage":"de-DE","@id":"https:\/\/www.tpa-group.sk\/de\/uber-uns\/auf-einen-blick-tpa-im-portrait\/#primaryimage","url":"https:\/\/www.tpa-group.sk\/app\/uploads\/sites\/12\/2023\/03\/tpa-logo.svg","contentUrl":"https:\/\/www.tpa-group.sk\/app\/uploads\/sites\/12\/2023\/03\/tpa-logo.svg"},{"@type":"BreadcrumbList","@id":"https:\/\/www.tpa-group.sk\/de\/uber-uns\/auf-einen-blick-tpa-im-portrait\/#breadcrumb","itemListElement":[{"@type":"ListItem","position":1,"name":"Home","item":"https:\/\/www.tpa-group.sk\/de\/"},{"@type":"ListItem","position":2,"name":"\u00dcber uns","item":"https:\/\/www.tpa-group.sk\/de\/o-nas\/"},{"@type":"ListItem","position":3,"name":"Auf einen Blick. TPA im Portrait."}]},{"@type":"WebSite","@id":"https:\/\/www.tpa-group.sk\/de\/#website","url":"https:\/\/www.tpa-group.sk\/de\/","name":"www.tpa-group.sk","description":"","publisher":{"@id":"https:\/\/www.tpa-group.sk\/de\/#organization"},"potentialAction":[{"@type":"SearchAction","target":{"@type":"EntryPoint","urlTemplate":"https:\/\/www.tpa-group.sk\/de\/?s={search_term_string}"},"query-input":{"@type":"PropertyValueSpecification","valueRequired":true,"valueName":"search_term_string"}}],"inLanguage":"de-DE"},{"@type":"Organization","@id":"https:\/\/www.tpa-group.sk\/de\/#organization","name":"TPA Slovakia","url":"https:\/\/www.tpa-group.sk\/de\/","logo":{"@type":"ImageObject","inLanguage":"de-DE","@id":"https:\/\/www.tpa-group.sk\/de\/#\/schema\/logo\/image\/","url":"https:\/\/www.tpa-group.sk\/app\/uploads\/sites\/12\/2025\/01\/tpa-logo-favicon.svg","contentUrl":"https:\/\/www.tpa-group.sk\/app\/uploads\/sites\/12\/2025\/01\/tpa-logo-favicon.svg","width":110,"height":93,"caption":"TPA Slovakia"},"image":{"@id":"https:\/\/www.tpa-group.sk\/de\/#\/schema\/logo\/image\/"}}]}},"_links":{"self":[{"href":"https:\/\/www.tpa-group.sk\/de\/wp-json\/wp\/v2\/pages\/3898","targetHints":{"allow":["GET"]}}],"collection":[{"href":"https:\/\/www.tpa-group.sk\/de\/wp-json\/wp\/v2\/pages"}],"about":[{"href":"https:\/\/www.tpa-group.sk\/de\/wp-json\/wp\/v2\/types\/page"}],"author":[{"embeddable":true,"href":"https:\/\/www.tpa-group.sk\/de\/wp-json\/wp\/v2\/users\/29"}],"replies":[{"embeddable":true,"href":"https:\/\/www.tpa-group.sk\/de\/wp-json\/wp\/v2\/comments?post=3898"}],"version-history":[{"count":16,"href":"https:\/\/www.tpa-group.sk\/de\/wp-json\/wp\/v2\/pages\/3898\/revisions"}],"predecessor-version":[{"id":11138,"href":"https:\/\/www.tpa-group.sk\/de\/wp-json\/wp\/v2\/pages\/3898\/revisions\/11138"}],"up":[{"embeddable":true,"href":"https:\/\/www.tpa-group.sk\/de\/wp-json\/wp\/v2\/pages\/3865"}],"wp:featuredmedia":[{"embeddable":true,"href":"https:\/\/www.tpa-group.sk\/de\/wp-json\/wp\/v2\/media\/173"}],"wp:attachment":[{"href":"https:\/\/www.tpa-group.sk\/de\/wp-json\/wp\/v2\/media?parent=3898"}],"curies":[{"name":"wp","href":"https:\/\/api.w.org\/{rel}","templated":true}]}}