{"id":3908,"date":"2024-04-11T12:23:15","date_gmt":"2024-04-11T12:23:15","guid":{"rendered":"https:\/\/www.tpa-group.sk\/uber-uns\/baker-tilly-international\/"},"modified":"2024-05-17T19:35:08","modified_gmt":"2024-05-17T19:35:08","slug":"baker-tilly-international","status":"publish","type":"page","link":"https:\/\/www.tpa-group.sk\/de\/uber-uns\/baker-tilly-international\/","title":{"rendered":"Baker Tilly International"},"content":{"rendered":"\t\t<div data-elementor-type=\"wp-page\" data-elementor-id=\"3908\" class=\"elementor elementor-3908 elementor-3776\" data-elementor-post-type=\"page\">\n\t\t\t\t\t\t<section class=\"elementor-section elementor-top-section elementor-element elementor-element-3d6ecf4 hero-banner elementor-section-boxed elementor-section-height-default elementor-section-height-default\" data-id=\"3d6ecf4\" data-element_type=\"section\">\n\t\t\t\t\t\t<div class=\"elementor-container elementor-column-gap-default\">\n\t\t\t\t\t<div class=\"elementor-column elementor-col-100 elementor-top-column elementor-element elementor-element-4acc027\" data-id=\"4acc027\" data-element_type=\"column\">\n\t\t\t<div class=\"elementor-widget-wrap elementor-element-populated\">\n\t\t\t\t\t\t<section class=\"elementor-section elementor-inner-section elementor-element elementor-element-efee693 hero-banner-breadcrumbs-container elementor-section-boxed elementor-section-height-default elementor-section-height-default\" data-id=\"efee693\" data-element_type=\"section\">\n\t\t\t\t\t\t<div class=\"elementor-container elementor-column-gap-default\">\n\t\t\t\t\t<div class=\"elementor-column elementor-col-100 elementor-inner-column elementor-element elementor-element-e0a65ce\" data-id=\"e0a65ce\" data-element_type=\"column\">\n\t\t\t<div class=\"elementor-widget-wrap elementor-element-populated\">\n\t\t\t\t\t\t<div class=\"elementor-element elementor-element-2cf9884 elementor-widget elementor-widget-heading\" data-id=\"2cf9884\" data-element_type=\"widget\" data-widget_type=\"heading.default\">\n\t\t\t\t<div class=\"elementor-widget-container\">\n\t\t\t\t\t<p class=\"elementor-heading-title elementor-size-default\"><a href=\"\/\">Home |&nbsp;<\/a><\/p>\t\t\t\t<\/div>\n\t\t\t\t<\/div>\n\t\t\t\t<div class=\"elementor-element elementor-element-8300309 elementor-widget elementor-widget-heading\" data-id=\"8300309\" data-element_type=\"widget\" data-widget_type=\"heading.default\">\n\t\t\t\t<div class=\"elementor-widget-container\">\n\t\t\t\t\t<p class=\"elementor-heading-title elementor-size-default\">Baker Tilly International<\/p>\t\t\t\t<\/div>\n\t\t\t\t<\/div>\n\t\t\t\t\t<\/div>\n\t\t<\/div>\n\t\t\t\t\t<\/div>\n\t\t<\/section>\n\t\t\t\t<div class=\"elementor-element elementor-element-8a279c3 elementor-widget elementor-widget-heading\" data-id=\"8a279c3\" data-element_type=\"widget\" data-widget_type=\"heading.default\">\n\t\t\t\t<div class=\"elementor-widget-container\">\n\t\t\t\t\t<h2 class=\"elementor-heading-title elementor-size-default\">Baker Tilly International<\/h2>\t\t\t\t<\/div>\n\t\t\t\t<\/div>\n\t\t\t\t\t<\/div>\n\t\t<\/div>\n\t\t\t\t\t<\/div>\n\t\t<\/section>\n\t\t<div class=\"elementor-element elementor-element-07423b5 page-content-container e-flex e-con-boxed e-con e-parent\" data-id=\"07423b5\" data-element_type=\"container\" data-settings=\"{&quot;background_background&quot;:&quot;classic&quot;}\">\n\t\t\t\t\t<div class=\"e-con-inner\">\n\t\t\t\t<div class=\"elementor-element elementor-element-da8a428 elementor-widget elementor-widget-text-editor\" data-id=\"da8a428\" data-element_type=\"widget\" data-widget_type=\"text-editor.default\">\n\t\t\t\t<div class=\"elementor-widget-container\">\n\t\t\t\t\t\t\t\t\t<h4 class=\"entry-title\">Rund um den Globus. Beratung weltweit.<\/h4><div class=\"entry-content\"><p>Hinter jeder guten Beratung steht ein starkes Netzwerk: Die TPA Gruppe ist ein unabh\u00e4ngiges Mitglied der\u00a0<strong>Baker Tilly Europe Alliance<\/strong>\u00a0und bietet dadurch seinen Kunden ein weltweites Netzwerk von Steuerberatern, Wirtschaftspr\u00fcfern und Unternehmensberatern.<\/p><p>Mehr \u00fcber die\u00a0<a href=\"https:\/\/www.tpa-group.com\/\">Baker Tilly Europe Alliance<\/a><\/p><p>Durch die Allianzpartnerschaft mit dem\u00a0<strong>Baker Tilly International Netzwerk<\/strong>\u00a0sind die 12 L\u00e4nder der eigenst\u00e4ndigen TPA Gruppe weltweit bestens vernetzt und k\u00f6nnen in allen wirtschaftlich bedeutenden St\u00e4dten und Regionen der Welt hochqualitative Dienstleistungen zur Verf\u00fcgung stellen.<\/p><p>Unsere Kunden profitieren von den direkten Kommunikationswegen und den einfachen Entscheidungsstrukturen und haben jederzeit Zugriff auf\u00a0<strong>internationale Top-Berater<\/strong>\u00a0mit exzellenten Kenntnissen der Marktsituation im jeweiligen Land.<\/p><h2><img decoding=\"async\" class=\"alignnone size-medium wp-image-3780\" src=\"https:\/\/www.tpa-group.sk\/app\/uploads\/sites\/12\/2024\/04\/BakerTilly-International-tax-audit-advisory-global-network-1024x269-1-300x79.png\" alt=\"\" width=\"300\" height=\"79\" srcset=\"https:\/\/www.tpa-group.sk\/app\/uploads\/sites\/12\/2024\/04\/BakerTilly-International-tax-audit-advisory-global-network-1024x269-1-300x79.png 300w, https:\/\/www.tpa-group.sk\/app\/uploads\/sites\/12\/2024\/04\/BakerTilly-International-tax-audit-advisory-global-network-1024x269-1-768x202.png 768w, https:\/\/www.tpa-group.sk\/app\/uploads\/sites\/12\/2024\/04\/BakerTilly-International-tax-audit-advisory-global-network-1024x269-1.png 1024w\" sizes=\"(max-width: 300px) 100vw, 300px\" \/><\/h2><h4>\u00dcber Baker Tilly International<\/h4><p>Im bedeutendsten europ\u00e4ischen Markt Deutschland arbeitet die TPA Gruppe intensiv mit einem f\u00fchrenden und sehr erfolgreichen Mitglied von Baker Tilly International zusammen: dem renommierten deutschen Beratungsunternehmen\u00a0<a title=\"Erfahren Sie mehr \u00fcber Baker Tilly in Deutschland: Beratungsunternehmen\" href=\"http:\/\/www.bakertilly.de\/\" target=\"_blank\" rel=\"noopener noreferrer\"><strong>Baker Tilly<\/strong><\/a>\u00a0mit 10 Standorten in Deutschland und \u00fcber 1.000 Mitarbeitern.<\/p><p>Das\u00a0<strong>Baker Tilly International Netzwerk<\/strong> besteht aktuell aus 122 unabh\u00e4ngigen Mitgliedern in 146 L\u00e4ndern mit insgesamt \u00fcber 36.000 Mitarbeitern und 742 B\u00fcros und z\u00e4hlt mit diesem Angebot zu den \u201eTop Ten\u201c der weltweit t\u00e4tigen Beratungsnetzwerke.<\/p><p>Unsere weltweiten Partner-Kontakte kennen die Besonderheiten ihrer Region, haben exzellentes Fachwissen und bringen Erfahrung in der internationalen Zusammenarbeit mit.<\/p><p>Erfahren Sie mehr \u00fcber die\u00a0<a href=\"https:\/\/www.tpa-group.sk\/?p=9598\"><strong>TPA Gruppe<\/strong><\/a>\u00a0\u2013 Ihrem Partner in\u00a0<strong>Mittel- und S\u00fcdosteuropa\u00a0<\/strong>und Informieren Sie sich \u00fcber\u00a0<strong>unsere Standorte in 12 L\u00e4ndern<\/strong>.<\/p><p>\u00a0<\/p><\/div><hr \/><p>\u00a0<\/p><p><em>TPA Slovakia is an independent member of the Baker Tilly Europe Alliance. The Baker Tilly Europe Alliance provides no professional services to clients. Each member firm is a separate and independent legal entity and each describes itself as such. TPA Slovakia is not an agent of the Baker Tilly Europe Alliance, nor an agent for Baker Tilly International, and does not have the authority to bind the Baker Tilly Europe Alliance or Baker Tilly International, or act on either entity\u2019s behalf. None of Baker Tilly International, the Baker Tilly Europe Alliance, TPA Slovakia, nor any of the other member firms of Baker Tilly International or members of the Baker Tilly Europe Alliance has any liability for each other\u2019s acts or omissions. In addition, neither Baker Tilly International, the Baker Tilly Europe Alliance, nor any other member firm has a right to exercise management control over any other member firm. The name Baker Tilly and its associated logo is used under licence from Baker Tilly International Limited.<\/em><\/p>\t\t\t\t\t\t\t\t<\/div>\n\t\t\t\t<\/div>\n\t\t\t\t\t<\/div>\n\t\t\t\t<\/div>\n\t\t\t\t<\/div>\n\t\t","protected":false},"excerpt":{"rendered":"<p>Home |&nbsp; Baker Tilly International Baker Tilly International Rund um den Globus. Beratung weltweit. Hinter jeder guten Beratung steht ein starkes Netzwerk: Die TPA Gruppe ist ein unabh\u00e4ngiges Mitglied der\u00a0Baker Tilly Europe Alliance\u00a0und bietet dadurch seinen Kunden ein weltweites Netzwerk von Steuerberatern, Wirtschaftspr\u00fcfern und Unternehmensberatern. Mehr \u00fcber die\u00a0Baker Tilly Europe Alliance Durch die Allianzpartnerschaft mit [&hellip;]<\/p>\n","protected":false},"author":29,"featured_media":3758,"parent":3865,"menu_order":3,"comment_status":"closed","ping_status":"closed","template":"elementor_header_footer","meta":{"_acf_changed":false,"footnotes":""},"class_list":["post-3908","page","type-page","status-publish","has-post-thumbnail","hentry"],"acf":[],"yoast_head":"<!-- This site is optimized with the Yoast SEO plugin v26.0 - https:\/\/yoast.com\/wordpress\/plugins\/seo\/ -->\n<title>Baker Tilly International - www.tpa-group.sk<\/title>\n<meta name=\"description\" content=\"Home |&nbsp; Baker Tilly International Baker Tilly International Rund um den Globus. Beratung weltweit.Hinter jeder guten Beratung steht ein starkes\" \/>\n<meta name=\"robots\" content=\"index, follow, max-snippet:-1, max-image-preview:large, max-video-preview:-1\" \/>\n<link rel=\"canonical\" href=\"https:\/\/www.tpa-group.sk\/de\/uber-uns\/baker-tilly-international\/\" \/>\n<meta property=\"og:locale\" content=\"de_DE\" \/>\n<meta property=\"og:type\" content=\"article\" \/>\n<meta property=\"og:title\" content=\"Baker Tilly International - www.tpa-group.sk\" \/>\n<meta property=\"og:description\" content=\"Home |&nbsp; Baker Tilly International Baker Tilly International Rund um den Globus. Beratung weltweit.Hinter jeder guten Beratung steht ein starkes\" \/>\n<meta property=\"og:url\" content=\"https:\/\/www.tpa-group.sk\/de\/uber-uns\/baker-tilly-international\/\" \/>\n<meta property=\"og:site_name\" content=\"www.tpa-group.sk\" \/>\n<meta property=\"article:modified_time\" content=\"2024-05-17T19:35:08+00:00\" \/>\n<meta property=\"og:image\" content=\"https:\/\/www.tpa-group.sk\/app\/uploads\/sites\/12\/2024\/04\/BakerTilly-International-tax-audit-advisory-global-network-1024x269-1-300x79.png\" \/>\n<meta name=\"twitter:card\" content=\"summary_large_image\" \/>\n<script type=\"application\/ld+json\" class=\"yoast-schema-graph\">{\"@context\":\"https:\/\/schema.org\",\"@graph\":[{\"@type\":\"WebPage\",\"@id\":\"https:\/\/www.tpa-group.sk\/de\/uber-uns\/baker-tilly-international\/\",\"url\":\"https:\/\/www.tpa-group.sk\/de\/uber-uns\/baker-tilly-international\/\",\"name\":\"Baker Tilly International - www.tpa-group.sk\",\"isPartOf\":{\"@id\":\"https:\/\/www.tpa-group.sk\/de\/#website\"},\"primaryImageOfPage\":{\"@id\":\"https:\/\/www.tpa-group.sk\/de\/uber-uns\/baker-tilly-international\/#primaryimage\"},\"image\":{\"@id\":\"https:\/\/www.tpa-group.sk\/de\/uber-uns\/baker-tilly-international\/#primaryimage\"},\"thumbnailUrl\":\"https:\/\/www.tpa-group.sk\/app\/uploads\/sites\/12\/2024\/04\/Baker-Tilly-Europe-Alliance-Map-tax-audit-accoutning-germany-europe-1024x516-1024x516-1.png\",\"datePublished\":\"2024-04-11T12:23:15+00:00\",\"dateModified\":\"2024-05-17T19:35:08+00:00\",\"description\":\"Home |&nbsp; Baker Tilly International Baker Tilly International Rund um den Globus. Beratung weltweit.Hinter jeder guten Beratung steht ein starkes\",\"breadcrumb\":{\"@id\":\"https:\/\/www.tpa-group.sk\/de\/uber-uns\/baker-tilly-international\/#breadcrumb\"},\"inLanguage\":\"de-DE\",\"potentialAction\":[{\"@type\":\"ReadAction\",\"target\":[\"https:\/\/www.tpa-group.sk\/de\/uber-uns\/baker-tilly-international\/\"]}]},{\"@type\":\"ImageObject\",\"inLanguage\":\"de-DE\",\"@id\":\"https:\/\/www.tpa-group.sk\/de\/uber-uns\/baker-tilly-international\/#primaryimage\",\"url\":\"https:\/\/www.tpa-group.sk\/app\/uploads\/sites\/12\/2024\/04\/Baker-Tilly-Europe-Alliance-Map-tax-audit-accoutning-germany-europe-1024x516-1024x516-1.png\",\"contentUrl\":\"https:\/\/www.tpa-group.sk\/app\/uploads\/sites\/12\/2024\/04\/Baker-Tilly-Europe-Alliance-Map-tax-audit-accoutning-germany-europe-1024x516-1024x516-1.png\",\"width\":1024,\"height\":516},{\"@type\":\"BreadcrumbList\",\"@id\":\"https:\/\/www.tpa-group.sk\/de\/uber-uns\/baker-tilly-international\/#breadcrumb\",\"itemListElement\":[{\"@type\":\"ListItem\",\"position\":1,\"name\":\"Home\",\"item\":\"https:\/\/www.tpa-group.sk\/de\/\"},{\"@type\":\"ListItem\",\"position\":2,\"name\":\"\u00dcber uns\",\"item\":\"https:\/\/www.tpa-group.sk\/de\/o-nas\/\"},{\"@type\":\"ListItem\",\"position\":3,\"name\":\"Baker Tilly International\"}]},{\"@type\":\"WebSite\",\"@id\":\"https:\/\/www.tpa-group.sk\/de\/#website\",\"url\":\"https:\/\/www.tpa-group.sk\/de\/\",\"name\":\"www.tpa-group.sk\",\"description\":\"\",\"publisher\":{\"@id\":\"https:\/\/www.tpa-group.sk\/de\/#organization\"},\"potentialAction\":[{\"@type\":\"SearchAction\",\"target\":{\"@type\":\"EntryPoint\",\"urlTemplate\":\"https:\/\/www.tpa-group.sk\/de\/?s={search_term_string}\"},\"query-input\":{\"@type\":\"PropertyValueSpecification\",\"valueRequired\":true,\"valueName\":\"search_term_string\"}}],\"inLanguage\":\"de-DE\"},{\"@type\":\"Organization\",\"@id\":\"https:\/\/www.tpa-group.sk\/de\/#organization\",\"name\":\"TPA Slovakia\",\"url\":\"https:\/\/www.tpa-group.sk\/de\/\",\"logo\":{\"@type\":\"ImageObject\",\"inLanguage\":\"de-DE\",\"@id\":\"https:\/\/www.tpa-group.sk\/de\/#\/schema\/logo\/image\/\",\"url\":\"https:\/\/www.tpa-group.sk\/app\/uploads\/sites\/12\/2025\/01\/tpa-logo-favicon.svg\",\"contentUrl\":\"https:\/\/www.tpa-group.sk\/app\/uploads\/sites\/12\/2025\/01\/tpa-logo-favicon.svg\",\"width\":110,\"height\":93,\"caption\":\"TPA Slovakia\"},\"image\":{\"@id\":\"https:\/\/www.tpa-group.sk\/de\/#\/schema\/logo\/image\/\"}}]}<\/script>\n<!-- \/ Yoast SEO plugin. -->","yoast_head_json":{"title":"Baker Tilly International - www.tpa-group.sk","description":"Home |&nbsp; Baker Tilly International Baker Tilly International Rund um den Globus. Beratung weltweit.Hinter jeder guten Beratung steht ein starkes","robots":{"index":"index","follow":"follow","max-snippet":"max-snippet:-1","max-image-preview":"max-image-preview:large","max-video-preview":"max-video-preview:-1"},"canonical":"https:\/\/www.tpa-group.sk\/de\/uber-uns\/baker-tilly-international\/","og_locale":"de_DE","og_type":"article","og_title":"Baker Tilly International - www.tpa-group.sk","og_description":"Home |&nbsp; Baker Tilly International Baker Tilly International Rund um den Globus. Beratung weltweit.Hinter jeder guten Beratung steht ein starkes","og_url":"https:\/\/www.tpa-group.sk\/de\/uber-uns\/baker-tilly-international\/","og_site_name":"www.tpa-group.sk","article_modified_time":"2024-05-17T19:35:08+00:00","og_image":[{"url":"https:\/\/www.tpa-group.sk\/app\/uploads\/sites\/12\/2024\/04\/BakerTilly-International-tax-audit-advisory-global-network-1024x269-1-300x79.png","type":"","width":"","height":""}],"twitter_card":"summary_large_image","schema":{"@context":"https:\/\/schema.org","@graph":[{"@type":"WebPage","@id":"https:\/\/www.tpa-group.sk\/de\/uber-uns\/baker-tilly-international\/","url":"https:\/\/www.tpa-group.sk\/de\/uber-uns\/baker-tilly-international\/","name":"Baker Tilly International - www.tpa-group.sk","isPartOf":{"@id":"https:\/\/www.tpa-group.sk\/de\/#website"},"primaryImageOfPage":{"@id":"https:\/\/www.tpa-group.sk\/de\/uber-uns\/baker-tilly-international\/#primaryimage"},"image":{"@id":"https:\/\/www.tpa-group.sk\/de\/uber-uns\/baker-tilly-international\/#primaryimage"},"thumbnailUrl":"https:\/\/www.tpa-group.sk\/app\/uploads\/sites\/12\/2024\/04\/Baker-Tilly-Europe-Alliance-Map-tax-audit-accoutning-germany-europe-1024x516-1024x516-1.png","datePublished":"2024-04-11T12:23:15+00:00","dateModified":"2024-05-17T19:35:08+00:00","description":"Home |&nbsp; Baker Tilly International Baker Tilly International Rund um den Globus. Beratung weltweit.Hinter jeder guten Beratung steht ein starkes","breadcrumb":{"@id":"https:\/\/www.tpa-group.sk\/de\/uber-uns\/baker-tilly-international\/#breadcrumb"},"inLanguage":"de-DE","potentialAction":[{"@type":"ReadAction","target":["https:\/\/www.tpa-group.sk\/de\/uber-uns\/baker-tilly-international\/"]}]},{"@type":"ImageObject","inLanguage":"de-DE","@id":"https:\/\/www.tpa-group.sk\/de\/uber-uns\/baker-tilly-international\/#primaryimage","url":"https:\/\/www.tpa-group.sk\/app\/uploads\/sites\/12\/2024\/04\/Baker-Tilly-Europe-Alliance-Map-tax-audit-accoutning-germany-europe-1024x516-1024x516-1.png","contentUrl":"https:\/\/www.tpa-group.sk\/app\/uploads\/sites\/12\/2024\/04\/Baker-Tilly-Europe-Alliance-Map-tax-audit-accoutning-germany-europe-1024x516-1024x516-1.png","width":1024,"height":516},{"@type":"BreadcrumbList","@id":"https:\/\/www.tpa-group.sk\/de\/uber-uns\/baker-tilly-international\/#breadcrumb","itemListElement":[{"@type":"ListItem","position":1,"name":"Home","item":"https:\/\/www.tpa-group.sk\/de\/"},{"@type":"ListItem","position":2,"name":"\u00dcber uns","item":"https:\/\/www.tpa-group.sk\/de\/o-nas\/"},{"@type":"ListItem","position":3,"name":"Baker Tilly International"}]},{"@type":"WebSite","@id":"https:\/\/www.tpa-group.sk\/de\/#website","url":"https:\/\/www.tpa-group.sk\/de\/","name":"www.tpa-group.sk","description":"","publisher":{"@id":"https:\/\/www.tpa-group.sk\/de\/#organization"},"potentialAction":[{"@type":"SearchAction","target":{"@type":"EntryPoint","urlTemplate":"https:\/\/www.tpa-group.sk\/de\/?s={search_term_string}"},"query-input":{"@type":"PropertyValueSpecification","valueRequired":true,"valueName":"search_term_string"}}],"inLanguage":"de-DE"},{"@type":"Organization","@id":"https:\/\/www.tpa-group.sk\/de\/#organization","name":"TPA Slovakia","url":"https:\/\/www.tpa-group.sk\/de\/","logo":{"@type":"ImageObject","inLanguage":"de-DE","@id":"https:\/\/www.tpa-group.sk\/de\/#\/schema\/logo\/image\/","url":"https:\/\/www.tpa-group.sk\/app\/uploads\/sites\/12\/2025\/01\/tpa-logo-favicon.svg","contentUrl":"https:\/\/www.tpa-group.sk\/app\/uploads\/sites\/12\/2025\/01\/tpa-logo-favicon.svg","width":110,"height":93,"caption":"TPA Slovakia"},"image":{"@id":"https:\/\/www.tpa-group.sk\/de\/#\/schema\/logo\/image\/"}}]}},"_links":{"self":[{"href":"https:\/\/www.tpa-group.sk\/de\/wp-json\/wp\/v2\/pages\/3908","targetHints":{"allow":["GET"]}}],"collection":[{"href":"https:\/\/www.tpa-group.sk\/de\/wp-json\/wp\/v2\/pages"}],"about":[{"href":"https:\/\/www.tpa-group.sk\/de\/wp-json\/wp\/v2\/types\/page"}],"author":[{"embeddable":true,"href":"https:\/\/www.tpa-group.sk\/de\/wp-json\/wp\/v2\/users\/29"}],"replies":[{"embeddable":true,"href":"https:\/\/www.tpa-group.sk\/de\/wp-json\/wp\/v2\/comments?post=3908"}],"version-history":[{"count":6,"href":"https:\/\/www.tpa-group.sk\/de\/wp-json\/wp\/v2\/pages\/3908\/revisions"}],"predecessor-version":[{"id":5015,"href":"https:\/\/www.tpa-group.sk\/de\/wp-json\/wp\/v2\/pages\/3908\/revisions\/5015"}],"up":[{"embeddable":true,"href":"https:\/\/www.tpa-group.sk\/de\/wp-json\/wp\/v2\/pages\/3865"}],"wp:featuredmedia":[{"embeddable":true,"href":"https:\/\/www.tpa-group.sk\/de\/wp-json\/wp\/v2\/media\/3758"}],"wp:attachment":[{"href":"https:\/\/www.tpa-group.sk\/de\/wp-json\/wp\/v2\/media?parent=3908"}],"curies":[{"name":"wp","href":"https:\/\/api.w.org\/{rel}","templated":true}]}}