{"id":3916,"date":"2024-04-11T12:29:20","date_gmt":"2024-04-11T12:29:20","guid":{"rendered":"https:\/\/www.tpa-group.sk\/uber-uns\/podporujeme\/"},"modified":"2025-11-19T10:39:40","modified_gmt":"2025-11-19T10:39:40","slug":"wir-unterstutzen","status":"publish","type":"page","link":"https:\/\/www.tpa-group.sk\/de\/uber-uns\/wir-unterstutzen\/","title":{"rendered":"Wir unterst\u00fctzen"},"content":{"rendered":"\t\t<div data-elementor-type=\"wp-page\" data-elementor-id=\"3916\" class=\"elementor elementor-3916 elementor-3787\" data-elementor-post-type=\"page\">\n\t\t\t\t\t\t<section class=\"elementor-section elementor-top-section elementor-element elementor-element-3d6ecf4 hero-banner elementor-section-boxed elementor-section-height-default elementor-section-height-default\" data-id=\"3d6ecf4\" data-element_type=\"section\">\n\t\t\t\t\t\t<div class=\"elementor-container elementor-column-gap-default\">\n\t\t\t\t\t<div class=\"elementor-column elementor-col-100 elementor-top-column elementor-element elementor-element-4acc027\" data-id=\"4acc027\" data-element_type=\"column\">\n\t\t\t<div class=\"elementor-widget-wrap elementor-element-populated\">\n\t\t\t\t\t\t<section class=\"elementor-section elementor-inner-section elementor-element elementor-element-efee693 hero-banner-breadcrumbs-container elementor-section-boxed elementor-section-height-default elementor-section-height-default\" data-id=\"efee693\" data-element_type=\"section\">\n\t\t\t\t\t\t<div class=\"elementor-container elementor-column-gap-default\">\n\t\t\t\t\t<div class=\"elementor-column elementor-col-100 elementor-inner-column elementor-element elementor-element-e0a65ce\" data-id=\"e0a65ce\" data-element_type=\"column\">\n\t\t\t<div class=\"elementor-widget-wrap elementor-element-populated\">\n\t\t\t\t\t\t<div class=\"elementor-element elementor-element-2cf9884 elementor-widget elementor-widget-heading\" data-id=\"2cf9884\" data-element_type=\"widget\" data-widget_type=\"heading.default\">\n\t\t\t\t<div class=\"elementor-widget-container\">\n\t\t\t\t\t<p class=\"elementor-heading-title elementor-size-default\"><a href=\"\/\">Home |&nbsp;<\/a><\/p>\t\t\t\t<\/div>\n\t\t\t\t<\/div>\n\t\t\t\t<div class=\"elementor-element elementor-element-8300309 elementor-widget elementor-widget-heading\" data-id=\"8300309\" data-element_type=\"widget\" data-widget_type=\"heading.default\">\n\t\t\t\t<div class=\"elementor-widget-container\">\n\t\t\t\t\t<p class=\"elementor-heading-title elementor-size-default\">Wir unterst\u00fctzen<\/p>\t\t\t\t<\/div>\n\t\t\t\t<\/div>\n\t\t\t\t\t<\/div>\n\t\t<\/div>\n\t\t\t\t\t<\/div>\n\t\t<\/section>\n\t\t\t\t<div class=\"elementor-element elementor-element-8a279c3 elementor-widget elementor-widget-heading\" data-id=\"8a279c3\" data-element_type=\"widget\" data-widget_type=\"heading.default\">\n\t\t\t\t<div class=\"elementor-widget-container\">\n\t\t\t\t\t<h1 class=\"elementor-heading-title elementor-size-default\">Wir unterst\u00fctzen<\/h1>\t\t\t\t<\/div>\n\t\t\t\t<\/div>\n\t\t\t\t<div class=\"elementor-element elementor-element-3fccac8 elementor-widget__width-initial elementor-widget-tablet__width-inherit elementor-widget-mobile__width-inherit elementor-widget elementor-widget-text-editor\" data-id=\"3fccac8\" data-element_type=\"widget\" data-widget_type=\"text-editor.default\">\n\t\t\t\t<div class=\"elementor-widget-container\">\n\t\t\t\t\t\t\t\t\t<p><strong>Hilfe zu leisten ist f\u00fcr uns selbstverst\u00e4ndlich.<\/strong><br \/>Nicht weil es erwartet wird, sondern weil wir daran glauben. Bei TPA Slovakia verbinden wir Fachkompetenz mit Menschlichkeit und unterst\u00fctzen Projekte und gemeinn\u00fctzige Organisationen, die echte Ver\u00e4nderungen f\u00fcr die Slowakei bewirken.<\/p>\t\t\t\t\t\t\t\t<\/div>\n\t\t\t\t<\/div>\n\t\t\t\t\t<\/div>\n\t\t<\/div>\n\t\t\t\t\t<\/div>\n\t\t<\/section>\n\t\t<div class=\"elementor-element elementor-element-e3bf021 page-content-container e-flex e-con-boxed e-con e-parent\" data-id=\"e3bf021\" data-element_type=\"container\" data-settings=\"{&quot;background_background&quot;:&quot;classic&quot;}\">\n\t\t\t\t\t<div class=\"e-con-inner\">\n\t\t\t\t<div class=\"elementor-element elementor-element-18777f6 elementor-widget elementor-widget-heading\" data-id=\"18777f6\" data-element_type=\"widget\" data-widget_type=\"heading.default\">\n\t\t\t\t<div class=\"elementor-widget-container\">\n\t\t\t\t\t<h2 class=\"elementor-heading-title elementor-size-default\">Wir leben unsere Unternehmenswerte jeden Tag<\/h2>\t\t\t\t<\/div>\n\t\t\t\t<\/div>\n\t\t\t\t<div class=\"elementor-element elementor-element-c8b6ef7 elementor-widget elementor-widget-text-editor\" data-id=\"c8b6ef7\" data-element_type=\"widget\" data-widget_type=\"text-editor.default\">\n\t\t\t\t<div class=\"elementor-widget-container\">\n\t\t\t\t\t\t\t\t\t<p>Wir bei TPA Slovakia glauben, dass sich echte Professionalit\u00e4t nicht nur in der Arbeit, sondern auch in der Einstellung zu Menschen und der Welt um uns herum zeigt. Unsere <strong>Unternehmenswerte \u2013 Professionalit\u00e4t, Teamgeist und Menschlichkeit<\/strong> \u2013 setzen wir auch in konkrete Taten um. Wir sind stolz darauf, Teil von Aktivit\u00e4ten zu sein, die dort helfen, wo es am n\u00f6tigsten ist.<\/p><p>Als Team mit einer starken <strong>Unternehmenskultur<\/strong> und einem Sinn f\u00fcr <strong>gute Dinge<\/strong> beteiligen wir uns an <strong>CSR-Aktivit\u00e4ten<\/strong>, die sinnvolle Projekte unterst\u00fctzen und Leben ver\u00e4ndern. Wir tun dies aufrichtig und von Herzen \u2013 weil wir uns bewusst sind, dass unsere Werte nicht nur auf dem Papier stehen sollten.<\/p><p>Wir freuen uns, dass wir im <strong>Laufe<\/strong> der Jahre vielen au\u00dfergew\u00f6hnlichen Initiativen, Organisationen und Einzelpersonen helfen konnten, die die Welt um uns herum zum Besseren ver\u00e4ndern.<\/p>\t\t\t\t\t\t\t\t<\/div>\n\t\t\t\t<\/div>\n\t\t\t\t<div class=\"elementor-element elementor-element-b39141a elementor-widget elementor-widget-image\" data-id=\"b39141a\" data-element_type=\"widget\" data-widget_type=\"image.default\">\n\t\t\t\t<div class=\"elementor-widget-container\">\n\t\t\t\t\t\t\t\t\t\t\t\t\t\t\t<img fetchpriority=\"high\" decoding=\"async\" width=\"300\" height=\"200\" src=\"https:\/\/www.tpa-group.sk\/app\/uploads\/sites\/12\/2024\/04\/pexels-photo-872955-1024x683-1-300x200.jpeg\" class=\"attachment-medium size-medium wp-image-3791\" alt=\"\" srcset=\"https:\/\/www.tpa-group.sk\/app\/uploads\/sites\/12\/2024\/04\/pexels-photo-872955-1024x683-1-300x200.jpeg 300w, https:\/\/www.tpa-group.sk\/app\/uploads\/sites\/12\/2024\/04\/pexels-photo-872955-1024x683-1-768x512.jpeg 768w, https:\/\/www.tpa-group.sk\/app\/uploads\/sites\/12\/2024\/04\/pexels-photo-872955-1024x683-1.jpeg 1024w\" sizes=\"(max-width: 300px) 100vw, 300px\" \/>\t\t\t\t\t\t\t\t\t\t\t\t\t\t\t<\/div>\n\t\t\t\t<\/div>\n\t\t\t\t<div class=\"elementor-element elementor-element-37243b9 elementor-widget elementor-widget-heading\" data-id=\"37243b9\" data-element_type=\"widget\" data-widget_type=\"heading.default\">\n\t\t\t\t<div class=\"elementor-widget-container\">\n\t\t\t\t\t<h2 class=\"elementor-heading-title elementor-size-default\">Wir helfen konkreten Menschen und Organisationen<\/h2>\t\t\t\t<\/div>\n\t\t\t\t<\/div>\n\t\t\t\t<div class=\"elementor-element elementor-element-35282f6 elementor-widget elementor-widget-heading\" data-id=\"35282f6\" data-element_type=\"widget\" data-widget_type=\"heading.default\">\n\t\t\t\t<div class=\"elementor-widget-container\">\n\t\t\t\t\t<h3 class=\"elementor-heading-title elementor-size-default\">Pro-bono-Unterst\u00fctzung<\/h3>\t\t\t\t<\/div>\n\t\t\t\t<\/div>\n\t\t\t\t<div class=\"elementor-element elementor-element-554faae elementor-widget elementor-widget-text-editor\" data-id=\"554faae\" data-element_type=\"widget\" data-widget_type=\"text-editor.default\">\n\t\t\t\t<div class=\"elementor-widget-container\">\n\t\t\t\t\t\t\t\t\t<p>Das <strong><a href=\"https:\/\/bilgym.sk\/\">Bilinguale Gymnasium C.S. Lewis<\/a>,<\/strong> das bei der Ausbildung junger Leute auf die Ethik, das kritische Denken und die gemeinn\u00fctzige Arbeit achtet.<\/p><p>Den gemeinn\u00fctzigen Verein <a href=\"https:\/\/nexteria.sk\/\"><strong>Nexteria<\/strong><\/a><a href=\"https:\/\/nexteria.sk\/\">,<\/a>der eine neue Generation anst\u00e4ndiger und f\u00e4higer junger F\u00fchrungskr\u00e4fte ausbildet und f\u00f6rdert und somit zu einer besseren Zukunft der Slowakei beitr\u00e4gt.<\/p><p>Die B\u00fcrgervereinigung <strong><a href=\"http:\/\/www.cestavon.sk\/\">Cesta von<\/a><\/strong>, die den in vererbter Armut feststeckenden Menschen hilft, sich auf eigene Beine zu stellen, einen Job zu finden und ein w\u00fcrdiges Leben zu f\u00fchren.<\/p><p>Der Verein Foundation\u00a0<a href=\"https:\/\/www.nadaciadedo.sk\/\"><strong>Dedo<\/strong><\/a> hilft Familien bei der \u00dcberwindung von Krisenzeiten, bietet L\u00f6sungen f\u00fcr ihre Wohnprobleme und arbeitet daran die Trennung der Kinder von ihren Familien zu verhindern. Weiters unterst\u00fctzt der Verein junge Erwachsene beim \u00dcbergang zu einem unabh\u00e4ngigen Leben.<\/p><p>Die Non-Profit-Organisation <strong><a href=\"https:\/\/vsetciprerodinu.sk\/\">V\u0161etci pre rodinu, n.o.<\/a><\/strong> widmet sich einem innovativen Dienst der Begleitung und Unterst\u00fctzung von Familien in Wohnungsnot, um die Situation der Obdachlosigkeit zu beenden, indem sie ihnen erm\u00f6glicht, in erschwinglichen Wohnungen zu leben.<\/p><p><strong><a href=\"https:\/\/dorkabags.sk\/\">Dorka bags n.o.<\/a><\/strong>, als Teil des Netzwerks der DEDO-Foundation, unterst\u00fctzt die Besch\u00e4ftigung von gef\u00e4hrdeten Menschen nicht nur in der Schneiderei, sondern auch auf dem freien Arbeitsmarkt.<\/p><p><strong><a href=\"https:\/\/teach.sk\/?_gl=1%2Awvcahb%2A_up%2AMQ..%2A_ga%2AMjA5ODMwNzI2MS4xNzIxOTk4MDQy%2A_ga_07FS304BWY%2AMTcyMTk5ODAzOS4xLjEuMTcyMTk5ODExMC4wLjAuMA..\">Teach for Slovakia<\/a><\/strong> ist Teil der bew\u00e4hrten internationalen Organisation Teach for All. Durch ein 2-j\u00e4hriges Programm<br \/>Teach Next bringt unternehmungslustige Hochschulabsolventen in den Bildungsbereich, um das Lernen der Kinder zu verbessern und die Zahl der F\u00fchrungskr\u00e4fte in der Gesellschaft zu erh\u00f6hen.<\/p>\t\t\t\t\t\t\t\t<\/div>\n\t\t\t\t<\/div>\n\t\t\t\t<div class=\"elementor-element elementor-element-4cab9c4 elementor-widget elementor-widget-heading\" data-id=\"4cab9c4\" data-element_type=\"widget\" data-widget_type=\"heading.default\">\n\t\t\t\t<div class=\"elementor-widget-container\">\n\t\t\t\t\t<h3 class=\"elementor-heading-title elementor-size-default\">Finanzielle Unterst\u00fctzung<\/h3>\t\t\t\t<\/div>\n\t\t\t\t<\/div>\n\t\t\t\t<div class=\"elementor-element elementor-element-99cacb4 elementor-widget elementor-widget-text-editor\" data-id=\"99cacb4\" data-element_type=\"widget\" data-widget_type=\"text-editor.default\">\n\t\t\t\t<div class=\"elementor-widget-container\">\n\t\t\t\t\t\t\t\t\t<p><a href=\"http:\/\/www.centrumdorka.sk\/\"><strong>Centrum Dorka, n.o.<\/strong><\/a><strong>,<\/strong> das f\u00fcr junge Erwachsene nach dem Auszug aus Kinderheim Hilfestellung und Beratung bei der Wohnungssuche und der Eingliederung ins Leben leistet und den Familien, die in eine Krisensituation geraten sind, mit der Unterbringung hilft.<\/p><p>Die B\u00fcrgervereinigung <strong><a href=\"http:\/\/www.cestavon.sk\/\">Cesta von<\/a><\/strong>, die den in vererbter Armut feststeckenden Menschen hilft, sich auf eigene Beine zu stellen, einen Job zu finden und ein w\u00fcrdiges Leben zu f\u00fchren.<\/p><p><a href=\"https:\/\/clovekvohrozeni.sk\/people-in-need-slovakia\/\"><strong>\u010clovek v ohrozen\u00ed<\/strong><\/a> Slovakia f\u00fchrt humanit\u00e4re Eins\u00e4tze an der slowakisch-ukrainischen Grenze durch und leistet Hilfe in den vom Krieg zerr\u00fctteten Gebieten der Ukraine.<\/p><p><a href=\"http:\/\/berkat.sk\/onas.php\"><strong>Berkat Slowakei<\/strong><\/a> tr\u00e4gt dazu bei, den Zustand der Welt zu verbessern. Durch kleine, aber konkrete Aktivit\u00e4ten hilft es gezielt und effektiv. Die Spende unseres Unternehmens sowie unserer einzelnen Mitarbeiter wurde f\u00fcr den Kauf von sechs dringend ben\u00f6tigten Generatoren (Kraftwerken) in der Ukraine verwendet.<\/p><p>Den gemeinn\u00fctzigen Verein <a href=\"https:\/\/nexteria.sk\/\"><strong>Nexteria<\/strong><\/a><a href=\"https:\/\/nexteria.sk\/\">,<\/a>der eine neue Generation anst\u00e4ndiger und f\u00e4higer junger F\u00fchrungskr\u00e4fte ausbildet und f\u00f6rdert und somit zu einer besseren Zukunft der Slowakei beitr\u00e4gt.<\/p><p><strong><a href=\"https:\/\/karpatskanadacia.sk\/en\/upre-women\/\">Karpatsk\u00e1 nad\u00e1cia<\/a><\/strong>, eine einzigartige regionale Non-Profit-Organisation, die aktive Menschen und Non-Profit-Organisationen mit dem Ziel, das Leben in der Ostslowakei zu verbessern, finanziell unterst\u00fctzt und ihnen Bildungs- und Beratungsdienste anbietet.<\/p><p><a href=\"https:\/\/futuregenerationeurope.eu\/en\/home\/\" target=\"_blank\" rel=\"noopener\"><strong>Future Generation Europe<\/strong><\/a>, ein Verein, der junge Menschen durch einzigartige Projekte auf die Zukunft vorbereitet, die darauf abzielen, das Bewusstsein f\u00fcr Karrieren zu sch\u00e4rfen und praktische F\u00e4higkeiten zu entwickeln.<\/p>\t\t\t\t\t\t\t\t<\/div>\n\t\t\t\t<\/div>\n\t\t\t\t<div class=\"elementor-element elementor-element-0c0f923 elementor-widget elementor-widget-heading\" data-id=\"0c0f923\" data-element_type=\"widget\" data-widget_type=\"heading.default\">\n\t\t\t\t<div class=\"elementor-widget-container\">\n\t\t\t\t\t<h3 class=\"elementor-heading-title elementor-size-default\">Universit\u00e4re Zusammenarbeit<\/h3>\t\t\t\t<\/div>\n\t\t\t\t<\/div>\n\t\t\t\t<div class=\"elementor-element elementor-element-1bc045a elementor-widget elementor-widget-text-editor\" data-id=\"1bc045a\" data-element_type=\"widget\" data-widget_type=\"text-editor.default\">\n\t\t\t\t<div class=\"elementor-widget-container\">\n\t\t\t\t\t\t\t\t\t<p>Bei TPA verbinden wir akademisches Wissen mit praktischer Erfahrung. Unser Ziel ist es, Studierende in ihrer beruflichen Entwicklung zu unterst\u00fctzen und Universit\u00e4ten praxisnahe Expertise n\u00e4herzubringen.<\/p><p><strong><a href=\"https:\/\/fhi.euba.sk\/en\/\" target=\"_blank\" rel=\"noopener\">Fakult\u00e4t f\u00fcr Wirtschaftsinformatik, Wirtschaftsuniversit\u00e4t Bratislava (FHI EUBA)<\/a><\/strong><\/p><p>Im Rahmen unserer bilateralen Zusammenarbeit vermitteln wir Studierenden und Lehrenden Expertenwissen durch <strong data-start=\"2021\" data-end=\"2037\">Gastvortr\u00e4ge<\/strong>, Workshops und gemeinsame Aktivit\u00e4ten. Bestandteil der Kooperation ist auch die <strong data-start=\"2118\" data-end=\"2140\">TPA Chill-out-Zone<\/strong> auf dem Campus der Wirtschaftsuniversit\u00e4t \u2013 ein moderner Raum f\u00fcr Treffen, Networking und Entspannung.<\/p><p><strong><a href=\"https:\/\/www.ef.umb.sk\/en\/\" target=\"_blank\" rel=\"noopener\">Fakult\u00e4t f\u00fcr Wirtschaftswissenschaften, Matej-Bel-Universit\u00e4t Bansk\u00e1 Bystrica (EF UMB BB)<\/a><\/strong><\/p><p>Mit der Fakult\u00e4t f\u00fcr Wirtschaftswissenschaften der UMB konzentrieren wir uns vor allem auf die fachliche Weiterbildung. Unsere Expert:innen bringen <strong data-start=\"2494\" data-end=\"2525\">praxisorientiertes Know-how<\/strong> im Rahmen von Gastvortr\u00e4gen, Workshops und gemeinsamen Projekten ein, die theoretisches Wissen mit realer Praxis in den Bereichen Steuern, Finanzen und Unternehmens\u00f6konomie verbinden.<\/p>\t\t\t\t\t\t\t\t<\/div>\n\t\t\t\t<\/div>\n\t\t\t\t<div class=\"elementor-element elementor-element-ecee2e2 elementor-widget elementor-widget-heading\" data-id=\"ecee2e2\" data-element_type=\"widget\" data-widget_type=\"heading.default\">\n\t\t\t\t<div class=\"elementor-widget-container\">\n\t\t\t\t\t<h3 class=\"elementor-heading-title elementor-size-default\">Partnerprojekt<\/h3>\t\t\t\t<\/div>\n\t\t\t\t<\/div>\n\t\t\t\t<div class=\"elementor-element elementor-element-105b783 elementor-widget elementor-widget-text-editor\" data-id=\"105b783\" data-element_type=\"widget\" data-widget_type=\"text-editor.default\">\n\t\t\t\t<div class=\"elementor-widget-container\">\n\t\t\t\t\t\t\t\t\t<p>Wir sind Mitbegr\u00fcnder des <a href=\"https:\/\/www.futureton.sk\/\"><strong>Futureton<\/strong><\/a> \u2013 Wettbewerbs, der drei Jahre lang (2021-2023) der jungen Generation die M\u00f6glichkeit gab, die Zukunft der Slowakei durch ihre eigenen Projekte zu ver\u00e4ndern.<\/p>\t\t\t\t\t\t\t\t<\/div>\n\t\t\t\t<\/div>\n\t\t\t\t\t<\/div>\n\t\t\t\t<\/div>\n\t\t\t\t<\/div>\n\t\t","protected":false},"excerpt":{"rendered":"<p>Home |&nbsp; Wir unterst\u00fctzen Wir unterst\u00fctzen Hilfe zu leisten ist f\u00fcr uns selbstverst\u00e4ndlich.Nicht weil es erwartet wird, sondern weil wir daran glauben. Bei TPA Slovakia verbinden wir Fachkompetenz mit Menschlichkeit und unterst\u00fctzen Projekte und gemeinn\u00fctzige Organisationen, die echte Ver\u00e4nderungen f\u00fcr die Slowakei bewirken. Wir leben unsere Unternehmenswerte jeden Tag Wir bei TPA Slovakia glauben, dass [&hellip;]<\/p>\n","protected":false},"author":29,"featured_media":3791,"parent":3865,"menu_order":4,"comment_status":"closed","ping_status":"closed","template":"elementor_header_footer","meta":{"_acf_changed":false,"footnotes":""},"class_list":["post-3916","page","type-page","status-publish","has-post-thumbnail","hentry"],"acf":[],"yoast_head":"<!-- This site is optimized with the Yoast SEO plugin v26.0 - https:\/\/yoast.com\/wordpress\/plugins\/seo\/ -->\n<title>Wir unterst\u00fctzen - www.tpa-group.sk<\/title>\n<meta name=\"description\" content=\"Home |&nbsp; Wir unterst\u00fctzen Wir unterst\u00fctzen Hilfe zu leisten ist f\u00fcr uns selbstverst\u00e4ndlich.Nicht weil es erwartet wird, sondern weil wir daran\" \/>\n<meta name=\"robots\" content=\"index, follow, max-snippet:-1, max-image-preview:large, max-video-preview:-1\" \/>\n<link rel=\"canonical\" href=\"https:\/\/www.tpa-group.sk\/de\/uber-uns\/wir-unterstutzen\/\" \/>\n<meta property=\"og:locale\" content=\"de_DE\" \/>\n<meta property=\"og:type\" content=\"article\" \/>\n<meta property=\"og:title\" content=\"Wir unterst\u00fctzen - www.tpa-group.sk\" \/>\n<meta property=\"og:description\" content=\"Home |&nbsp; Wir unterst\u00fctzen Wir unterst\u00fctzen Hilfe zu leisten ist f\u00fcr uns selbstverst\u00e4ndlich.Nicht weil es erwartet wird, sondern weil wir daran\" \/>\n<meta property=\"og:url\" content=\"https:\/\/www.tpa-group.sk\/de\/uber-uns\/wir-unterstutzen\/\" \/>\n<meta property=\"og:site_name\" content=\"www.tpa-group.sk\" \/>\n<meta property=\"article:modified_time\" content=\"2025-11-19T10:39:40+00:00\" \/>\n<meta property=\"og:image\" content=\"https:\/\/www.tpa-group.sk\/app\/uploads\/sites\/12\/2024\/04\/pexels-photo-872955-1024x683-1.jpeg\" \/>\n\t<meta property=\"og:image:width\" content=\"1024\" \/>\n\t<meta property=\"og:image:height\" content=\"683\" \/>\n\t<meta property=\"og:image:type\" content=\"image\/jpeg\" \/>\n<meta name=\"twitter:card\" content=\"summary_large_image\" \/>\n<meta name=\"twitter:label1\" content=\"Est. reading time\" \/>\n\t<meta name=\"twitter:data1\" content=\"5 Minuten\" \/>\n<script type=\"application\/ld+json\" class=\"yoast-schema-graph\">{\"@context\":\"https:\/\/schema.org\",\"@graph\":[{\"@type\":\"WebPage\",\"@id\":\"https:\/\/www.tpa-group.sk\/de\/uber-uns\/wir-unterstutzen\/\",\"url\":\"https:\/\/www.tpa-group.sk\/de\/uber-uns\/wir-unterstutzen\/\",\"name\":\"Wir unterst\u00fctzen - www.tpa-group.sk\",\"isPartOf\":{\"@id\":\"https:\/\/www.tpa-group.sk\/de\/#website\"},\"primaryImageOfPage\":{\"@id\":\"https:\/\/www.tpa-group.sk\/de\/uber-uns\/wir-unterstutzen\/#primaryimage\"},\"image\":{\"@id\":\"https:\/\/www.tpa-group.sk\/de\/uber-uns\/wir-unterstutzen\/#primaryimage\"},\"thumbnailUrl\":\"https:\/\/www.tpa-group.sk\/app\/uploads\/sites\/12\/2024\/04\/pexels-photo-872955-1024x683-1.jpeg\",\"datePublished\":\"2024-04-11T12:29:20+00:00\",\"dateModified\":\"2025-11-19T10:39:40+00:00\",\"description\":\"Home |&nbsp; Wir unterst\u00fctzen Wir unterst\u00fctzen Hilfe zu leisten ist f\u00fcr uns selbstverst\u00e4ndlich.Nicht weil es erwartet wird, sondern weil wir daran\",\"breadcrumb\":{\"@id\":\"https:\/\/www.tpa-group.sk\/de\/uber-uns\/wir-unterstutzen\/#breadcrumb\"},\"inLanguage\":\"de-DE\",\"potentialAction\":[{\"@type\":\"ReadAction\",\"target\":[\"https:\/\/www.tpa-group.sk\/de\/uber-uns\/wir-unterstutzen\/\"]}]},{\"@type\":\"ImageObject\",\"inLanguage\":\"de-DE\",\"@id\":\"https:\/\/www.tpa-group.sk\/de\/uber-uns\/wir-unterstutzen\/#primaryimage\",\"url\":\"https:\/\/www.tpa-group.sk\/app\/uploads\/sites\/12\/2024\/04\/pexels-photo-872955-1024x683-1.jpeg\",\"contentUrl\":\"https:\/\/www.tpa-group.sk\/app\/uploads\/sites\/12\/2024\/04\/pexels-photo-872955-1024x683-1.jpeg\",\"width\":1024,\"height\":683},{\"@type\":\"BreadcrumbList\",\"@id\":\"https:\/\/www.tpa-group.sk\/de\/uber-uns\/wir-unterstutzen\/#breadcrumb\",\"itemListElement\":[{\"@type\":\"ListItem\",\"position\":1,\"name\":\"Home\",\"item\":\"https:\/\/www.tpa-group.sk\/de\/\"},{\"@type\":\"ListItem\",\"position\":2,\"name\":\"\u00dcber uns\",\"item\":\"https:\/\/www.tpa-group.sk\/de\/o-nas\/\"},{\"@type\":\"ListItem\",\"position\":3,\"name\":\"Wir unterst\u00fctzen\"}]},{\"@type\":\"WebSite\",\"@id\":\"https:\/\/www.tpa-group.sk\/de\/#website\",\"url\":\"https:\/\/www.tpa-group.sk\/de\/\",\"name\":\"www.tpa-group.sk\",\"description\":\"\",\"publisher\":{\"@id\":\"https:\/\/www.tpa-group.sk\/de\/#organization\"},\"potentialAction\":[{\"@type\":\"SearchAction\",\"target\":{\"@type\":\"EntryPoint\",\"urlTemplate\":\"https:\/\/www.tpa-group.sk\/de\/?s={search_term_string}\"},\"query-input\":{\"@type\":\"PropertyValueSpecification\",\"valueRequired\":true,\"valueName\":\"search_term_string\"}}],\"inLanguage\":\"de-DE\"},{\"@type\":\"Organization\",\"@id\":\"https:\/\/www.tpa-group.sk\/de\/#organization\",\"name\":\"TPA Slovakia\",\"url\":\"https:\/\/www.tpa-group.sk\/de\/\",\"logo\":{\"@type\":\"ImageObject\",\"inLanguage\":\"de-DE\",\"@id\":\"https:\/\/www.tpa-group.sk\/de\/#\/schema\/logo\/image\/\",\"url\":\"https:\/\/www.tpa-group.sk\/app\/uploads\/sites\/12\/2025\/01\/tpa-logo-favicon.svg\",\"contentUrl\":\"https:\/\/www.tpa-group.sk\/app\/uploads\/sites\/12\/2025\/01\/tpa-logo-favicon.svg\",\"width\":110,\"height\":93,\"caption\":\"TPA Slovakia\"},\"image\":{\"@id\":\"https:\/\/www.tpa-group.sk\/de\/#\/schema\/logo\/image\/\"}}]}<\/script>\n<!-- \/ Yoast SEO plugin. -->","yoast_head_json":{"title":"Wir unterst\u00fctzen - www.tpa-group.sk","description":"Home |&nbsp; Wir unterst\u00fctzen Wir unterst\u00fctzen Hilfe zu leisten ist f\u00fcr uns selbstverst\u00e4ndlich.Nicht weil es erwartet wird, sondern weil wir daran","robots":{"index":"index","follow":"follow","max-snippet":"max-snippet:-1","max-image-preview":"max-image-preview:large","max-video-preview":"max-video-preview:-1"},"canonical":"https:\/\/www.tpa-group.sk\/de\/uber-uns\/wir-unterstutzen\/","og_locale":"de_DE","og_type":"article","og_title":"Wir unterst\u00fctzen - www.tpa-group.sk","og_description":"Home |&nbsp; Wir unterst\u00fctzen Wir unterst\u00fctzen Hilfe zu leisten ist f\u00fcr uns selbstverst\u00e4ndlich.Nicht weil es erwartet wird, sondern weil wir daran","og_url":"https:\/\/www.tpa-group.sk\/de\/uber-uns\/wir-unterstutzen\/","og_site_name":"www.tpa-group.sk","article_modified_time":"2025-11-19T10:39:40+00:00","og_image":[{"width":1024,"height":683,"url":"https:\/\/www.tpa-group.sk\/app\/uploads\/sites\/12\/2024\/04\/pexels-photo-872955-1024x683-1.jpeg","type":"image\/jpeg"}],"twitter_card":"summary_large_image","twitter_misc":{"Est. reading time":"5 Minuten"},"schema":{"@context":"https:\/\/schema.org","@graph":[{"@type":"WebPage","@id":"https:\/\/www.tpa-group.sk\/de\/uber-uns\/wir-unterstutzen\/","url":"https:\/\/www.tpa-group.sk\/de\/uber-uns\/wir-unterstutzen\/","name":"Wir unterst\u00fctzen - www.tpa-group.sk","isPartOf":{"@id":"https:\/\/www.tpa-group.sk\/de\/#website"},"primaryImageOfPage":{"@id":"https:\/\/www.tpa-group.sk\/de\/uber-uns\/wir-unterstutzen\/#primaryimage"},"image":{"@id":"https:\/\/www.tpa-group.sk\/de\/uber-uns\/wir-unterstutzen\/#primaryimage"},"thumbnailUrl":"https:\/\/www.tpa-group.sk\/app\/uploads\/sites\/12\/2024\/04\/pexels-photo-872955-1024x683-1.jpeg","datePublished":"2024-04-11T12:29:20+00:00","dateModified":"2025-11-19T10:39:40+00:00","description":"Home |&nbsp; Wir unterst\u00fctzen Wir unterst\u00fctzen Hilfe zu leisten ist f\u00fcr uns selbstverst\u00e4ndlich.Nicht weil es erwartet wird, sondern weil wir daran","breadcrumb":{"@id":"https:\/\/www.tpa-group.sk\/de\/uber-uns\/wir-unterstutzen\/#breadcrumb"},"inLanguage":"de-DE","potentialAction":[{"@type":"ReadAction","target":["https:\/\/www.tpa-group.sk\/de\/uber-uns\/wir-unterstutzen\/"]}]},{"@type":"ImageObject","inLanguage":"de-DE","@id":"https:\/\/www.tpa-group.sk\/de\/uber-uns\/wir-unterstutzen\/#primaryimage","url":"https:\/\/www.tpa-group.sk\/app\/uploads\/sites\/12\/2024\/04\/pexels-photo-872955-1024x683-1.jpeg","contentUrl":"https:\/\/www.tpa-group.sk\/app\/uploads\/sites\/12\/2024\/04\/pexels-photo-872955-1024x683-1.jpeg","width":1024,"height":683},{"@type":"BreadcrumbList","@id":"https:\/\/www.tpa-group.sk\/de\/uber-uns\/wir-unterstutzen\/#breadcrumb","itemListElement":[{"@type":"ListItem","position":1,"name":"Home","item":"https:\/\/www.tpa-group.sk\/de\/"},{"@type":"ListItem","position":2,"name":"\u00dcber uns","item":"https:\/\/www.tpa-group.sk\/de\/o-nas\/"},{"@type":"ListItem","position":3,"name":"Wir unterst\u00fctzen"}]},{"@type":"WebSite","@id":"https:\/\/www.tpa-group.sk\/de\/#website","url":"https:\/\/www.tpa-group.sk\/de\/","name":"www.tpa-group.sk","description":"","publisher":{"@id":"https:\/\/www.tpa-group.sk\/de\/#organization"},"potentialAction":[{"@type":"SearchAction","target":{"@type":"EntryPoint","urlTemplate":"https:\/\/www.tpa-group.sk\/de\/?s={search_term_string}"},"query-input":{"@type":"PropertyValueSpecification","valueRequired":true,"valueName":"search_term_string"}}],"inLanguage":"de-DE"},{"@type":"Organization","@id":"https:\/\/www.tpa-group.sk\/de\/#organization","name":"TPA Slovakia","url":"https:\/\/www.tpa-group.sk\/de\/","logo":{"@type":"ImageObject","inLanguage":"de-DE","@id":"https:\/\/www.tpa-group.sk\/de\/#\/schema\/logo\/image\/","url":"https:\/\/www.tpa-group.sk\/app\/uploads\/sites\/12\/2025\/01\/tpa-logo-favicon.svg","contentUrl":"https:\/\/www.tpa-group.sk\/app\/uploads\/sites\/12\/2025\/01\/tpa-logo-favicon.svg","width":110,"height":93,"caption":"TPA Slovakia"},"image":{"@id":"https:\/\/www.tpa-group.sk\/de\/#\/schema\/logo\/image\/"}}]}},"_links":{"self":[{"href":"https:\/\/www.tpa-group.sk\/de\/wp-json\/wp\/v2\/pages\/3916","targetHints":{"allow":["GET"]}}],"collection":[{"href":"https:\/\/www.tpa-group.sk\/de\/wp-json\/wp\/v2\/pages"}],"about":[{"href":"https:\/\/www.tpa-group.sk\/de\/wp-json\/wp\/v2\/types\/page"}],"author":[{"embeddable":true,"href":"https:\/\/www.tpa-group.sk\/de\/wp-json\/wp\/v2\/users\/29"}],"replies":[{"embeddable":true,"href":"https:\/\/www.tpa-group.sk\/de\/wp-json\/wp\/v2\/comments?post=3916"}],"version-history":[{"count":19,"href":"https:\/\/www.tpa-group.sk\/de\/wp-json\/wp\/v2\/pages\/3916\/revisions"}],"predecessor-version":[{"id":15465,"href":"https:\/\/www.tpa-group.sk\/de\/wp-json\/wp\/v2\/pages\/3916\/revisions\/15465"}],"up":[{"embeddable":true,"href":"https:\/\/www.tpa-group.sk\/de\/wp-json\/wp\/v2\/pages\/3865"}],"wp:featuredmedia":[{"embeddable":true,"href":"https:\/\/www.tpa-group.sk\/de\/wp-json\/wp\/v2\/media\/3791"}],"wp:attachment":[{"href":"https:\/\/www.tpa-group.sk\/de\/wp-json\/wp\/v2\/media?parent=3916"}],"curies":[{"name":"wp","href":"https:\/\/api.w.org\/{rel}","templated":true}]}}