{"id":3932,"date":"2024-04-11T12:33:13","date_gmt":"2024-04-11T12:33:13","guid":{"rendered":"https:\/\/www.tpa-group.sk\/uber-uns\/german-english-desk\/"},"modified":"2024-05-17T09:54:24","modified_gmt":"2024-05-17T09:54:24","slug":"german-english-desk","status":"publish","type":"page","link":"https:\/\/www.tpa-group.sk\/de\/uber-uns\/german-english-desk\/","title":{"rendered":"German &amp; English Desk"},"content":{"rendered":"\t\t<div data-elementor-type=\"wp-page\" data-elementor-id=\"3932\" class=\"elementor elementor-3932\" data-elementor-post-type=\"page\">\n\t\t\t\t\t\t<section class=\"elementor-section elementor-top-section elementor-element elementor-element-3d6ecf4 hero-banner elementor-section-boxed elementor-section-height-default elementor-section-height-default\" data-id=\"3d6ecf4\" data-element_type=\"section\">\n\t\t\t\t\t\t<div class=\"elementor-container elementor-column-gap-default\">\n\t\t\t\t\t<div class=\"elementor-column elementor-col-100 elementor-top-column elementor-element elementor-element-4acc027\" data-id=\"4acc027\" data-element_type=\"column\">\n\t\t\t<div class=\"elementor-widget-wrap elementor-element-populated\">\n\t\t\t\t\t\t<section class=\"elementor-section elementor-inner-section elementor-element elementor-element-efee693 hero-banner-breadcrumbs-container elementor-section-boxed elementor-section-height-default elementor-section-height-default\" data-id=\"efee693\" data-element_type=\"section\">\n\t\t\t\t\t\t<div class=\"elementor-container elementor-column-gap-default\">\n\t\t\t\t\t<div class=\"elementor-column elementor-col-100 elementor-inner-column elementor-element elementor-element-e0a65ce\" data-id=\"e0a65ce\" data-element_type=\"column\">\n\t\t\t<div class=\"elementor-widget-wrap elementor-element-populated\">\n\t\t\t\t\t\t<div class=\"elementor-element elementor-element-2cf9884 elementor-widget elementor-widget-heading\" data-id=\"2cf9884\" data-element_type=\"widget\" data-widget_type=\"heading.default\">\n\t\t\t\t<div class=\"elementor-widget-container\">\n\t\t\t\t\t<p class=\"elementor-heading-title elementor-size-default\"><a href=\"\/\">Home |&nbsp;<\/a><\/p>\t\t\t\t<\/div>\n\t\t\t\t<\/div>\n\t\t\t\t<div class=\"elementor-element elementor-element-8300309 elementor-widget elementor-widget-heading\" data-id=\"8300309\" data-element_type=\"widget\" data-widget_type=\"heading.default\">\n\t\t\t\t<div class=\"elementor-widget-container\">\n\t\t\t\t\t<p class=\"elementor-heading-title elementor-size-default\">German &amp; English Desk<\/p>\t\t\t\t<\/div>\n\t\t\t\t<\/div>\n\t\t\t\t\t<\/div>\n\t\t<\/div>\n\t\t\t\t\t<\/div>\n\t\t<\/section>\n\t\t\t\t<div class=\"elementor-element elementor-element-8a279c3 elementor-widget elementor-widget-heading\" data-id=\"8a279c3\" data-element_type=\"widget\" data-widget_type=\"heading.default\">\n\t\t\t\t<div class=\"elementor-widget-container\">\n\t\t\t\t\t<h2 class=\"elementor-heading-title elementor-size-default\">German &amp; English Desk<\/h2>\t\t\t\t<\/div>\n\t\t\t\t<\/div>\n\t\t\t\t\t<\/div>\n\t\t<\/div>\n\t\t\t\t\t<\/div>\n\t\t<\/section>\n\t\t<div class=\"elementor-element elementor-element-fde73fc page-content-container e-flex e-con-boxed e-con e-parent\" data-id=\"fde73fc\" data-element_type=\"container\" data-settings=\"{&quot;background_background&quot;:&quot;classic&quot;}\">\n\t\t\t\t\t<div class=\"e-con-inner\">\n\t\t\t\t<div class=\"elementor-element elementor-element-59c694f elementor-widget elementor-widget-text-editor\" data-id=\"59c694f\" data-element_type=\"widget\" data-widget_type=\"text-editor.default\">\n\t\t\t\t<div class=\"elementor-widget-container\">\n\t\t\t\t\t\t\t\t\t<h4>Wir beraten Sie in Ihrer Sprache \u2013 die \u201eGerman &amp; English Desks\u201c<\/h4><p>Erfolgreiche Steuerberatung, ergebnisorientierte Wirtschaftspr\u00fcfung und Unternehmensberatung sehen wir als klassisches<strong> Face to Face Business<\/strong>. Die pers\u00f6nliche Kommunikation zwischen Ihnen und dem jeweiligen Berater ist aus unserer Sicht au\u00dferordentlich wichtig f\u00fcr den Beratungserfolg.<\/p><h4>Wir bieten Ihnen an allen TPA Standorten einen \u201eGerman &amp; English Desk\u201c.<\/h4><p>Deshalb beraten Sie Partner und Mitarbeiter an jedem Standort in Mittel- und S\u00fcdosteuropa nicht nur in der jeweiligen Landessprache, sondern zus\u00e4tzlich auch in deutscher und\/oder englischer Sprache. So schalten wir von vornherein fachliche Missverst\u00e4ndnisse und Fehlerquellen aus.<\/p><p><strong>Wir sprechen Ihre Sprache<\/strong>, das vermindert das Risiko von Missverst\u00e4ndnissen und st\u00e4rkt das Vertrauen beider Gespr\u00e4chspartner.<\/p><p><img fetchpriority=\"high\" decoding=\"async\" class=\"alignnone size-full wp-image-3797\" src=\"https:\/\/www.tpa-group.sk\/app\/uploads\/sites\/12\/2024\/04\/desk.jpg.webp\" alt=\"\" width=\"500\" height=\"355\" srcset=\"https:\/\/www.tpa-group.sk\/app\/uploads\/sites\/12\/2024\/04\/desk.jpg.webp 500w, https:\/\/www.tpa-group.sk\/app\/uploads\/sites\/12\/2024\/04\/desk.jpg-300x213.webp 300w\" sizes=\"(max-width: 500px) 100vw, 500px\" \/><\/p>\t\t\t\t\t\t\t\t<\/div>\n\t\t\t\t<\/div>\n\t\t\t\t\t<\/div>\n\t\t\t\t<\/div>\n\t\t\t\t<\/div>\n\t\t","protected":false},"excerpt":{"rendered":"<p>Home |&nbsp; German &amp; English Desk German &amp; English Desk Wir beraten Sie in Ihrer Sprache \u2013 die \u201eGerman &amp; English Desks\u201c Erfolgreiche Steuerberatung, ergebnisorientierte Wirtschaftspr\u00fcfung und Unternehmensberatung sehen wir als klassisches Face to Face Business. Die pers\u00f6nliche Kommunikation zwischen Ihnen und dem jeweiligen Berater ist aus unserer Sicht au\u00dferordentlich wichtig f\u00fcr den Beratungserfolg. Wir [&hellip;]<\/p>\n","protected":false},"author":29,"featured_media":0,"parent":3865,"menu_order":5,"comment_status":"closed","ping_status":"closed","template":"elementor_header_footer","meta":{"_acf_changed":false,"footnotes":""},"class_list":["post-3932","page","type-page","status-publish","hentry"],"acf":[],"yoast_head":"<!-- This site is optimized with the Yoast SEO plugin v26.0 - https:\/\/yoast.com\/wordpress\/plugins\/seo\/ -->\n<title>German &amp; English Desk - www.tpa-group.sk<\/title>\n<meta name=\"description\" content=\"Home |&nbsp; German &amp; English Desk German &amp; English Desk Wir beraten Sie in Ihrer Sprache \u2013 die \u201eGerman &amp; English Desks\u201cErfolgreiche\" \/>\n<meta name=\"robots\" content=\"index, follow, max-snippet:-1, max-image-preview:large, max-video-preview:-1\" \/>\n<link rel=\"canonical\" href=\"https:\/\/www.tpa-group.sk\/de\/uber-uns\/german-english-desk\/\" \/>\n<meta property=\"og:locale\" content=\"de_DE\" \/>\n<meta property=\"og:type\" content=\"article\" \/>\n<meta property=\"og:title\" content=\"German &amp; English Desk - www.tpa-group.sk\" \/>\n<meta property=\"og:description\" content=\"Home |&nbsp; German &amp; English Desk German &amp; English Desk Wir beraten Sie in Ihrer Sprache \u2013 die \u201eGerman &amp; English Desks\u201cErfolgreiche\" \/>\n<meta property=\"og:url\" content=\"https:\/\/www.tpa-group.sk\/de\/uber-uns\/german-english-desk\/\" \/>\n<meta property=\"og:site_name\" content=\"www.tpa-group.sk\" \/>\n<meta property=\"article:modified_time\" content=\"2024-05-17T09:54:24+00:00\" \/>\n<meta property=\"og:image\" content=\"https:\/\/www.tpa-group.sk\/app\/uploads\/sites\/12\/2024\/04\/desk.jpg.webp\" \/>\n<meta name=\"twitter:card\" content=\"summary_large_image\" \/>\n<meta name=\"twitter:label1\" content=\"Est. reading time\" \/>\n\t<meta name=\"twitter:data1\" content=\"1 Minute\" \/>\n<script type=\"application\/ld+json\" class=\"yoast-schema-graph\">{\"@context\":\"https:\/\/schema.org\",\"@graph\":[{\"@type\":\"WebPage\",\"@id\":\"https:\/\/www.tpa-group.sk\/de\/uber-uns\/german-english-desk\/\",\"url\":\"https:\/\/www.tpa-group.sk\/de\/uber-uns\/german-english-desk\/\",\"name\":\"German &amp; English Desk - www.tpa-group.sk\",\"isPartOf\":{\"@id\":\"https:\/\/www.tpa-group.sk\/de\/#website\"},\"primaryImageOfPage\":{\"@id\":\"https:\/\/www.tpa-group.sk\/de\/uber-uns\/german-english-desk\/#primaryimage\"},\"image\":{\"@id\":\"https:\/\/www.tpa-group.sk\/de\/uber-uns\/german-english-desk\/#primaryimage\"},\"thumbnailUrl\":\"https:\/\/www.tpa-group.sk\/app\/uploads\/sites\/12\/2024\/04\/desk.jpg.webp\",\"datePublished\":\"2024-04-11T12:33:13+00:00\",\"dateModified\":\"2024-05-17T09:54:24+00:00\",\"description\":\"Home |&nbsp; German &amp; English Desk German &amp; English Desk Wir beraten Sie in Ihrer Sprache \u2013 die \u201eGerman &amp; English Desks\u201cErfolgreiche\",\"breadcrumb\":{\"@id\":\"https:\/\/www.tpa-group.sk\/de\/uber-uns\/german-english-desk\/#breadcrumb\"},\"inLanguage\":\"de-DE\",\"potentialAction\":[{\"@type\":\"ReadAction\",\"target\":[\"https:\/\/www.tpa-group.sk\/de\/uber-uns\/german-english-desk\/\"]}]},{\"@type\":\"ImageObject\",\"inLanguage\":\"de-DE\",\"@id\":\"https:\/\/www.tpa-group.sk\/de\/uber-uns\/german-english-desk\/#primaryimage\",\"url\":\"https:\/\/www.tpa-group.sk\/app\/uploads\/sites\/12\/2024\/04\/desk.jpg.webp\",\"contentUrl\":\"https:\/\/www.tpa-group.sk\/app\/uploads\/sites\/12\/2024\/04\/desk.jpg.webp\"},{\"@type\":\"BreadcrumbList\",\"@id\":\"https:\/\/www.tpa-group.sk\/de\/uber-uns\/german-english-desk\/#breadcrumb\",\"itemListElement\":[{\"@type\":\"ListItem\",\"position\":1,\"name\":\"Home\",\"item\":\"https:\/\/www.tpa-group.sk\/de\/\"},{\"@type\":\"ListItem\",\"position\":2,\"name\":\"\u00dcber uns\",\"item\":\"https:\/\/www.tpa-group.sk\/de\/o-nas\/\"},{\"@type\":\"ListItem\",\"position\":3,\"name\":\"German &amp; English Desk\"}]},{\"@type\":\"WebSite\",\"@id\":\"https:\/\/www.tpa-group.sk\/de\/#website\",\"url\":\"https:\/\/www.tpa-group.sk\/de\/\",\"name\":\"www.tpa-group.sk\",\"description\":\"\",\"publisher\":{\"@id\":\"https:\/\/www.tpa-group.sk\/de\/#organization\"},\"potentialAction\":[{\"@type\":\"SearchAction\",\"target\":{\"@type\":\"EntryPoint\",\"urlTemplate\":\"https:\/\/www.tpa-group.sk\/de\/?s={search_term_string}\"},\"query-input\":{\"@type\":\"PropertyValueSpecification\",\"valueRequired\":true,\"valueName\":\"search_term_string\"}}],\"inLanguage\":\"de-DE\"},{\"@type\":\"Organization\",\"@id\":\"https:\/\/www.tpa-group.sk\/de\/#organization\",\"name\":\"TPA Slovakia\",\"url\":\"https:\/\/www.tpa-group.sk\/de\/\",\"logo\":{\"@type\":\"ImageObject\",\"inLanguage\":\"de-DE\",\"@id\":\"https:\/\/www.tpa-group.sk\/de\/#\/schema\/logo\/image\/\",\"url\":\"https:\/\/www.tpa-group.sk\/app\/uploads\/sites\/12\/2025\/01\/tpa-logo-favicon.svg\",\"contentUrl\":\"https:\/\/www.tpa-group.sk\/app\/uploads\/sites\/12\/2025\/01\/tpa-logo-favicon.svg\",\"width\":110,\"height\":93,\"caption\":\"TPA Slovakia\"},\"image\":{\"@id\":\"https:\/\/www.tpa-group.sk\/de\/#\/schema\/logo\/image\/\"}}]}<\/script>\n<!-- \/ Yoast SEO plugin. -->","yoast_head_json":{"title":"German &amp; English Desk - www.tpa-group.sk","description":"Home |&nbsp; German &amp; English Desk German &amp; English Desk Wir beraten Sie in Ihrer Sprache \u2013 die \u201eGerman &amp; English Desks\u201cErfolgreiche","robots":{"index":"index","follow":"follow","max-snippet":"max-snippet:-1","max-image-preview":"max-image-preview:large","max-video-preview":"max-video-preview:-1"},"canonical":"https:\/\/www.tpa-group.sk\/de\/uber-uns\/german-english-desk\/","og_locale":"de_DE","og_type":"article","og_title":"German &amp; English Desk - www.tpa-group.sk","og_description":"Home |&nbsp; German &amp; English Desk German &amp; English Desk Wir beraten Sie in Ihrer Sprache \u2013 die \u201eGerman &amp; English Desks\u201cErfolgreiche","og_url":"https:\/\/www.tpa-group.sk\/de\/uber-uns\/german-english-desk\/","og_site_name":"www.tpa-group.sk","article_modified_time":"2024-05-17T09:54:24+00:00","og_image":[{"url":"https:\/\/www.tpa-group.sk\/app\/uploads\/sites\/12\/2024\/04\/desk.jpg.webp","type":"","width":"","height":""}],"twitter_card":"summary_large_image","twitter_misc":{"Est. reading time":"1 Minute"},"schema":{"@context":"https:\/\/schema.org","@graph":[{"@type":"WebPage","@id":"https:\/\/www.tpa-group.sk\/de\/uber-uns\/german-english-desk\/","url":"https:\/\/www.tpa-group.sk\/de\/uber-uns\/german-english-desk\/","name":"German &amp; English Desk - www.tpa-group.sk","isPartOf":{"@id":"https:\/\/www.tpa-group.sk\/de\/#website"},"primaryImageOfPage":{"@id":"https:\/\/www.tpa-group.sk\/de\/uber-uns\/german-english-desk\/#primaryimage"},"image":{"@id":"https:\/\/www.tpa-group.sk\/de\/uber-uns\/german-english-desk\/#primaryimage"},"thumbnailUrl":"https:\/\/www.tpa-group.sk\/app\/uploads\/sites\/12\/2024\/04\/desk.jpg.webp","datePublished":"2024-04-11T12:33:13+00:00","dateModified":"2024-05-17T09:54:24+00:00","description":"Home |&nbsp; German &amp; English Desk German &amp; English Desk Wir beraten Sie in Ihrer Sprache \u2013 die \u201eGerman &amp; English Desks\u201cErfolgreiche","breadcrumb":{"@id":"https:\/\/www.tpa-group.sk\/de\/uber-uns\/german-english-desk\/#breadcrumb"},"inLanguage":"de-DE","potentialAction":[{"@type":"ReadAction","target":["https:\/\/www.tpa-group.sk\/de\/uber-uns\/german-english-desk\/"]}]},{"@type":"ImageObject","inLanguage":"de-DE","@id":"https:\/\/www.tpa-group.sk\/de\/uber-uns\/german-english-desk\/#primaryimage","url":"https:\/\/www.tpa-group.sk\/app\/uploads\/sites\/12\/2024\/04\/desk.jpg.webp","contentUrl":"https:\/\/www.tpa-group.sk\/app\/uploads\/sites\/12\/2024\/04\/desk.jpg.webp"},{"@type":"BreadcrumbList","@id":"https:\/\/www.tpa-group.sk\/de\/uber-uns\/german-english-desk\/#breadcrumb","itemListElement":[{"@type":"ListItem","position":1,"name":"Home","item":"https:\/\/www.tpa-group.sk\/de\/"},{"@type":"ListItem","position":2,"name":"\u00dcber uns","item":"https:\/\/www.tpa-group.sk\/de\/o-nas\/"},{"@type":"ListItem","position":3,"name":"German &amp; English Desk"}]},{"@type":"WebSite","@id":"https:\/\/www.tpa-group.sk\/de\/#website","url":"https:\/\/www.tpa-group.sk\/de\/","name":"www.tpa-group.sk","description":"","publisher":{"@id":"https:\/\/www.tpa-group.sk\/de\/#organization"},"potentialAction":[{"@type":"SearchAction","target":{"@type":"EntryPoint","urlTemplate":"https:\/\/www.tpa-group.sk\/de\/?s={search_term_string}"},"query-input":{"@type":"PropertyValueSpecification","valueRequired":true,"valueName":"search_term_string"}}],"inLanguage":"de-DE"},{"@type":"Organization","@id":"https:\/\/www.tpa-group.sk\/de\/#organization","name":"TPA Slovakia","url":"https:\/\/www.tpa-group.sk\/de\/","logo":{"@type":"ImageObject","inLanguage":"de-DE","@id":"https:\/\/www.tpa-group.sk\/de\/#\/schema\/logo\/image\/","url":"https:\/\/www.tpa-group.sk\/app\/uploads\/sites\/12\/2025\/01\/tpa-logo-favicon.svg","contentUrl":"https:\/\/www.tpa-group.sk\/app\/uploads\/sites\/12\/2025\/01\/tpa-logo-favicon.svg","width":110,"height":93,"caption":"TPA Slovakia"},"image":{"@id":"https:\/\/www.tpa-group.sk\/de\/#\/schema\/logo\/image\/"}}]}},"_links":{"self":[{"href":"https:\/\/www.tpa-group.sk\/de\/wp-json\/wp\/v2\/pages\/3932","targetHints":{"allow":["GET"]}}],"collection":[{"href":"https:\/\/www.tpa-group.sk\/de\/wp-json\/wp\/v2\/pages"}],"about":[{"href":"https:\/\/www.tpa-group.sk\/de\/wp-json\/wp\/v2\/types\/page"}],"author":[{"embeddable":true,"href":"https:\/\/www.tpa-group.sk\/de\/wp-json\/wp\/v2\/users\/29"}],"replies":[{"embeddable":true,"href":"https:\/\/www.tpa-group.sk\/de\/wp-json\/wp\/v2\/comments?post=3932"}],"version-history":[{"count":6,"href":"https:\/\/www.tpa-group.sk\/de\/wp-json\/wp\/v2\/pages\/3932\/revisions"}],"predecessor-version":[{"id":5027,"href":"https:\/\/www.tpa-group.sk\/de\/wp-json\/wp\/v2\/pages\/3932\/revisions\/5027"}],"up":[{"embeddable":true,"href":"https:\/\/www.tpa-group.sk\/de\/wp-json\/wp\/v2\/pages\/3865"}],"wp:attachment":[{"href":"https:\/\/www.tpa-group.sk\/de\/wp-json\/wp\/v2\/media?parent=3932"}],"curies":[{"name":"wp","href":"https:\/\/api.w.org\/{rel}","templated":true}]}}