{"id":3940,"date":"2024-04-11T12:37:22","date_gmt":"2024-04-11T12:37:22","guid":{"rendered":"https:\/\/www.tpa-group.sk\/uber-uns\/ochrana-osobnych-udajov\/"},"modified":"2025-07-09T08:35:07","modified_gmt":"2025-07-09T08:35:07","slug":"der-schutz-personenbezogener-date","status":"publish","type":"page","link":"https:\/\/www.tpa-group.sk\/de\/uber-uns\/der-schutz-personenbezogener-date\/","title":{"rendered":"Der Schutz Personenbezogener Date"},"content":{"rendered":"\t\t<div data-elementor-type=\"wp-page\" data-elementor-id=\"3940\" class=\"elementor elementor-3940 elementor-3806\" data-elementor-post-type=\"page\">\n\t\t\t\t\t\t<section class=\"elementor-section elementor-top-section elementor-element elementor-element-3d6ecf4 hero-banner elementor-section-boxed elementor-section-height-default elementor-section-height-default\" data-id=\"3d6ecf4\" data-element_type=\"section\">\n\t\t\t\t\t\t<div class=\"elementor-container elementor-column-gap-default\">\n\t\t\t\t\t<div class=\"elementor-column elementor-col-100 elementor-top-column elementor-element elementor-element-4acc027\" data-id=\"4acc027\" data-element_type=\"column\">\n\t\t\t<div class=\"elementor-widget-wrap elementor-element-populated\">\n\t\t\t\t\t\t<section class=\"elementor-section elementor-inner-section elementor-element elementor-element-efee693 hero-banner-breadcrumbs-container elementor-section-boxed elementor-section-height-default elementor-section-height-default\" data-id=\"efee693\" data-element_type=\"section\">\n\t\t\t\t\t\t<div class=\"elementor-container elementor-column-gap-default\">\n\t\t\t\t\t<div class=\"elementor-column elementor-col-100 elementor-inner-column elementor-element elementor-element-e0a65ce\" data-id=\"e0a65ce\" data-element_type=\"column\">\n\t\t\t<div class=\"elementor-widget-wrap elementor-element-populated\">\n\t\t\t\t\t\t<div class=\"elementor-element elementor-element-2cf9884 elementor-widget elementor-widget-heading\" data-id=\"2cf9884\" data-element_type=\"widget\" data-widget_type=\"heading.default\">\n\t\t\t\t<div class=\"elementor-widget-container\">\n\t\t\t\t\t<p class=\"elementor-heading-title elementor-size-default\"><a href=\"\/\">Home |&nbsp;<\/a><\/p>\t\t\t\t<\/div>\n\t\t\t\t<\/div>\n\t\t\t\t<div class=\"elementor-element elementor-element-8300309 elementor-widget elementor-widget-heading\" data-id=\"8300309\" data-element_type=\"widget\" data-widget_type=\"heading.default\">\n\t\t\t\t<div class=\"elementor-widget-container\">\n\t\t\t\t\t<p class=\"elementor-heading-title elementor-size-default\">Disclaimer und Der Schutz personenbezogener Daten<\/p>\t\t\t\t<\/div>\n\t\t\t\t<\/div>\n\t\t\t\t\t<\/div>\n\t\t<\/div>\n\t\t\t\t\t<\/div>\n\t\t<\/section>\n\t\t\t\t<div class=\"elementor-element elementor-element-8a279c3 elementor-widget elementor-widget-heading\" data-id=\"8a279c3\" data-element_type=\"widget\" data-widget_type=\"heading.default\">\n\t\t\t\t<div class=\"elementor-widget-container\">\n\t\t\t\t\t<h1 class=\"elementor-heading-title elementor-size-default\">Disclaimer und Der Schutz personenbezogener Daten<\/h1>\t\t\t\t<\/div>\n\t\t\t\t<\/div>\n\t\t\t\t\t<\/div>\n\t\t<\/div>\n\t\t\t\t\t<\/div>\n\t\t<\/section>\n\t\t<div class=\"elementor-element elementor-element-6bbbdff page-content-container e-flex e-con-boxed e-con e-parent\" data-id=\"6bbbdff\" data-element_type=\"container\" data-settings=\"{&quot;background_background&quot;:&quot;classic&quot;}\">\n\t\t\t\t\t<div class=\"e-con-inner\">\n\t\t\t\t<div class=\"elementor-element elementor-element-f960650 elementor-widget elementor-widget-text-editor\" data-id=\"f960650\" data-element_type=\"widget\" data-widget_type=\"text-editor.default\">\n\t\t\t\t<div class=\"elementor-widget-container\">\n\t\t\t\t\t\t\t\t\t<div id=\"gt-src-c\" class=\"g-unit\"><div id=\"gt-src-p\"><div id=\"gt-src-wrap\" class=\"\"><h2>E-mail<\/h2><\/div><p>RECHTLICHER HINWEIS: Diese Nachricht und s\u00e4mtliche darin enthaltenen Informationen sind vertraulich und k\u00f6nnen der Verschwiegenheitsverpflichtung unterliegen oder anderweitig gesch\u00fctzt sein. Sollten\u00a0Sie nicht der beabsichtigte Empf\u00e4nger dieser Nachricht sein, ersuchen wir Sie, den Absender hiervon\u00a0unverz\u00fcglich\u00a0zu informieren und\u00a0die Nachricht zu l\u00f6schen. Jede unerlaubte Nutzung oder Weitergabe des Inhaltes dieser Nachricht ist unzul\u00e4ssig. Diese Nachricht kann Fehler enthalten.<\/p><p>Ausk\u00fcnfte per E-Mail samt Beilagen nur verbindlich sind, wenn sie mittels Brief oder Fax best\u00e4tigt werden. Die elektronische \u00dcbermittlung von Nachrichten erfolgt insbesondere hinsichtlich \u00dcbermittlungs- und Zustellproblemen, der Gefahr der Abwesenheit des Empf\u00e4ngers und der Gefahr der Verletzung der Geheimhaltung im Internet ausschlie\u00dflich auf Gefahr des Auftraggebers. Automatische Empfangs- und Lesebest\u00e4tigungen gelten nicht als Best\u00e4tigung des Erhaltes Ihrer Nachricht.<\/p><div id=\"gt-src-wrap\" class=\"\"><h3 id=\"gt-src-cc\">Ihre Daten in guten H\u00e4nden<\/h3><\/div><\/div><\/div><p>Sie haben es sicherlich schon geh\u00f6rt: Am 25. Mai 2018 tritt die neue EU Datenschutzgrundverord nung in Kraft \u2013 dazu bitten wir Sie kurz um Ihre Aufmerksamkeit.<\/p><h4><strong>Lesen Sie mehr:<\/strong><\/h4><p><span style=\"text-decoration: underline;\"><a href=\"\/de\/uber-uns\/erfahren-sie-mehr-uber-ihre-rechte\/\">Erfahren Sie mehr \u00fcber Ihre Rechte<\/a><\/span><\/p><p><span style=\"text-decoration: underline;\"><a href=\"\/de\/uber-uns\/widerruf-der-zustimmung\/\">Zustimmung zur Verarbeitung personenbezogener Daten &#8211; Marketingzwecke<\/a><\/span><\/p><p><span style=\"text-decoration: underline;\"><a href=\"https:\/\/www.tpa-group.sk\/de\/uber-uns\/einwilligung-in-die-verarbeitung-personenbezogener-daten-audiovisuelle-aufzeichnung\/\">Einwilligung in die Verarbeitung Personenbezogener Daten &#8211; audiovisuelle Aufzeichnung<\/a><\/span><\/p><p><span style=\"text-decoration: underline;\"><a href=\"https:\/\/www.tpa-group.sk\/?page_id=14972\">Widerruf der Zustimmung<\/a><\/span><\/p><div class=\"entry-content clearfix\">\u00a0<\/div>\t\t\t\t\t\t\t\t<\/div>\n\t\t\t\t<\/div>\n\t\t\t\t\t<\/div>\n\t\t\t\t<\/div>\n\t\t\t\t<\/div>\n\t\t","protected":false},"excerpt":{"rendered":"<p>Home |&nbsp; Disclaimer und Der Schutz personenbezogener Daten Disclaimer und Der Schutz personenbezogener Daten E-mail RECHTLICHER HINWEIS: Diese Nachricht und s\u00e4mtliche darin enthaltenen Informationen sind vertraulich und k\u00f6nnen der Verschwiegenheitsverpflichtung unterliegen oder anderweitig gesch\u00fctzt sein. Sollten\u00a0Sie nicht der beabsichtigte Empf\u00e4nger dieser Nachricht sein, ersuchen wir Sie, den Absender hiervon\u00a0unverz\u00fcglich\u00a0zu informieren und\u00a0die Nachricht zu l\u00f6schen. Jede [&hellip;]<\/p>\n","protected":false},"author":29,"featured_media":0,"parent":3865,"menu_order":6,"comment_status":"closed","ping_status":"closed","template":"elementor_header_footer","meta":{"_acf_changed":false,"footnotes":""},"class_list":["post-3940","page","type-page","status-publish","hentry"],"acf":[],"yoast_head":"<!-- This site is optimized with the Yoast SEO plugin v26.0 - https:\/\/yoast.com\/wordpress\/plugins\/seo\/ -->\n<title>Der Schutz Personenbezogener Date - www.tpa-group.sk<\/title>\n<meta name=\"description\" content=\"Home |&nbsp; Disclaimer und Der Schutz personenbezogener Daten Disclaimer und Der Schutz personenbezogener Daten E-mailRECHTLICHER HINWEIS: Diese\" \/>\n<meta name=\"robots\" content=\"index, follow, max-snippet:-1, max-image-preview:large, max-video-preview:-1\" \/>\n<link rel=\"canonical\" href=\"https:\/\/www.tpa-group.sk\/de\/uber-uns\/der-schutz-personenbezogener-date\/\" \/>\n<meta property=\"og:locale\" content=\"de_DE\" \/>\n<meta property=\"og:type\" content=\"article\" \/>\n<meta property=\"og:title\" content=\"Der Schutz Personenbezogener Date - www.tpa-group.sk\" \/>\n<meta property=\"og:description\" content=\"Home |&nbsp; Disclaimer und Der Schutz personenbezogener Daten Disclaimer und Der Schutz personenbezogener Daten E-mailRECHTLICHER HINWEIS: Diese\" \/>\n<meta property=\"og:url\" content=\"https:\/\/www.tpa-group.sk\/de\/uber-uns\/der-schutz-personenbezogener-date\/\" \/>\n<meta property=\"og:site_name\" content=\"www.tpa-group.sk\" \/>\n<meta property=\"article:modified_time\" content=\"2025-07-09T08:35:07+00:00\" \/>\n<meta property=\"og:image\" content=\"https:\/\/www.tpa-group.sk\/app\/uploads\/sites\/12\/2025\/01\/Dizajn-bez-nazvu-7.png\" \/>\n\t<meta property=\"og:image:width\" content=\"1200\" \/>\n\t<meta property=\"og:image:height\" content=\"675\" \/>\n\t<meta property=\"og:image:type\" content=\"image\/png\" \/>\n<meta name=\"twitter:card\" content=\"summary_large_image\" \/>\n<meta name=\"twitter:label1\" content=\"Est. reading time\" \/>\n\t<meta name=\"twitter:data1\" content=\"2 Minuten\" \/>\n<script type=\"application\/ld+json\" class=\"yoast-schema-graph\">{\"@context\":\"https:\/\/schema.org\",\"@graph\":[{\"@type\":\"WebPage\",\"@id\":\"https:\/\/www.tpa-group.sk\/de\/uber-uns\/der-schutz-personenbezogener-date\/\",\"url\":\"https:\/\/www.tpa-group.sk\/de\/uber-uns\/der-schutz-personenbezogener-date\/\",\"name\":\"Der Schutz Personenbezogener Date - www.tpa-group.sk\",\"isPartOf\":{\"@id\":\"https:\/\/www.tpa-group.sk\/de\/#website\"},\"datePublished\":\"2024-04-11T12:37:22+00:00\",\"dateModified\":\"2025-07-09T08:35:07+00:00\",\"description\":\"Home |&nbsp; Disclaimer und Der Schutz personenbezogener Daten Disclaimer und Der Schutz personenbezogener Daten E-mailRECHTLICHER HINWEIS: Diese\",\"breadcrumb\":{\"@id\":\"https:\/\/www.tpa-group.sk\/de\/uber-uns\/der-schutz-personenbezogener-date\/#breadcrumb\"},\"inLanguage\":\"de-DE\",\"potentialAction\":[{\"@type\":\"ReadAction\",\"target\":[\"https:\/\/www.tpa-group.sk\/de\/uber-uns\/der-schutz-personenbezogener-date\/\"]}]},{\"@type\":\"BreadcrumbList\",\"@id\":\"https:\/\/www.tpa-group.sk\/de\/uber-uns\/der-schutz-personenbezogener-date\/#breadcrumb\",\"itemListElement\":[{\"@type\":\"ListItem\",\"position\":1,\"name\":\"Home\",\"item\":\"https:\/\/www.tpa-group.sk\/de\/\"},{\"@type\":\"ListItem\",\"position\":2,\"name\":\"\u00dcber uns\",\"item\":\"https:\/\/www.tpa-group.sk\/de\/o-nas\/\"},{\"@type\":\"ListItem\",\"position\":3,\"name\":\"Der Schutz Personenbezogener Date\"}]},{\"@type\":\"WebSite\",\"@id\":\"https:\/\/www.tpa-group.sk\/de\/#website\",\"url\":\"https:\/\/www.tpa-group.sk\/de\/\",\"name\":\"www.tpa-group.sk\",\"description\":\"\",\"publisher\":{\"@id\":\"https:\/\/www.tpa-group.sk\/de\/#organization\"},\"potentialAction\":[{\"@type\":\"SearchAction\",\"target\":{\"@type\":\"EntryPoint\",\"urlTemplate\":\"https:\/\/www.tpa-group.sk\/de\/?s={search_term_string}\"},\"query-input\":{\"@type\":\"PropertyValueSpecification\",\"valueRequired\":true,\"valueName\":\"search_term_string\"}}],\"inLanguage\":\"de-DE\"},{\"@type\":\"Organization\",\"@id\":\"https:\/\/www.tpa-group.sk\/de\/#organization\",\"name\":\"TPA Slovakia\",\"url\":\"https:\/\/www.tpa-group.sk\/de\/\",\"logo\":{\"@type\":\"ImageObject\",\"inLanguage\":\"de-DE\",\"@id\":\"https:\/\/www.tpa-group.sk\/de\/#\/schema\/logo\/image\/\",\"url\":\"https:\/\/www.tpa-group.sk\/app\/uploads\/sites\/12\/2025\/01\/tpa-logo-favicon.svg\",\"contentUrl\":\"https:\/\/www.tpa-group.sk\/app\/uploads\/sites\/12\/2025\/01\/tpa-logo-favicon.svg\",\"width\":110,\"height\":93,\"caption\":\"TPA Slovakia\"},\"image\":{\"@id\":\"https:\/\/www.tpa-group.sk\/de\/#\/schema\/logo\/image\/\"}}]}<\/script>\n<!-- \/ Yoast SEO plugin. -->","yoast_head_json":{"title":"Der Schutz Personenbezogener Date - www.tpa-group.sk","description":"Home |&nbsp; Disclaimer und Der Schutz personenbezogener Daten Disclaimer und Der Schutz personenbezogener Daten E-mailRECHTLICHER HINWEIS: Diese","robots":{"index":"index","follow":"follow","max-snippet":"max-snippet:-1","max-image-preview":"max-image-preview:large","max-video-preview":"max-video-preview:-1"},"canonical":"https:\/\/www.tpa-group.sk\/de\/uber-uns\/der-schutz-personenbezogener-date\/","og_locale":"de_DE","og_type":"article","og_title":"Der Schutz Personenbezogener Date - www.tpa-group.sk","og_description":"Home |&nbsp; Disclaimer und Der Schutz personenbezogener Daten Disclaimer und Der Schutz personenbezogener Daten E-mailRECHTLICHER HINWEIS: Diese","og_url":"https:\/\/www.tpa-group.sk\/de\/uber-uns\/der-schutz-personenbezogener-date\/","og_site_name":"www.tpa-group.sk","article_modified_time":"2025-07-09T08:35:07+00:00","og_image":[{"width":1200,"height":675,"url":"https:\/\/www.tpa-group.sk\/app\/uploads\/sites\/12\/2025\/01\/Dizajn-bez-nazvu-7.png","type":"image\/png"}],"twitter_card":"summary_large_image","twitter_misc":{"Est. reading time":"2 Minuten"},"schema":{"@context":"https:\/\/schema.org","@graph":[{"@type":"WebPage","@id":"https:\/\/www.tpa-group.sk\/de\/uber-uns\/der-schutz-personenbezogener-date\/","url":"https:\/\/www.tpa-group.sk\/de\/uber-uns\/der-schutz-personenbezogener-date\/","name":"Der Schutz Personenbezogener Date - www.tpa-group.sk","isPartOf":{"@id":"https:\/\/www.tpa-group.sk\/de\/#website"},"datePublished":"2024-04-11T12:37:22+00:00","dateModified":"2025-07-09T08:35:07+00:00","description":"Home |&nbsp; Disclaimer und Der Schutz personenbezogener Daten Disclaimer und Der Schutz personenbezogener Daten E-mailRECHTLICHER HINWEIS: Diese","breadcrumb":{"@id":"https:\/\/www.tpa-group.sk\/de\/uber-uns\/der-schutz-personenbezogener-date\/#breadcrumb"},"inLanguage":"de-DE","potentialAction":[{"@type":"ReadAction","target":["https:\/\/www.tpa-group.sk\/de\/uber-uns\/der-schutz-personenbezogener-date\/"]}]},{"@type":"BreadcrumbList","@id":"https:\/\/www.tpa-group.sk\/de\/uber-uns\/der-schutz-personenbezogener-date\/#breadcrumb","itemListElement":[{"@type":"ListItem","position":1,"name":"Home","item":"https:\/\/www.tpa-group.sk\/de\/"},{"@type":"ListItem","position":2,"name":"\u00dcber uns","item":"https:\/\/www.tpa-group.sk\/de\/o-nas\/"},{"@type":"ListItem","position":3,"name":"Der Schutz Personenbezogener Date"}]},{"@type":"WebSite","@id":"https:\/\/www.tpa-group.sk\/de\/#website","url":"https:\/\/www.tpa-group.sk\/de\/","name":"www.tpa-group.sk","description":"","publisher":{"@id":"https:\/\/www.tpa-group.sk\/de\/#organization"},"potentialAction":[{"@type":"SearchAction","target":{"@type":"EntryPoint","urlTemplate":"https:\/\/www.tpa-group.sk\/de\/?s={search_term_string}"},"query-input":{"@type":"PropertyValueSpecification","valueRequired":true,"valueName":"search_term_string"}}],"inLanguage":"de-DE"},{"@type":"Organization","@id":"https:\/\/www.tpa-group.sk\/de\/#organization","name":"TPA Slovakia","url":"https:\/\/www.tpa-group.sk\/de\/","logo":{"@type":"ImageObject","inLanguage":"de-DE","@id":"https:\/\/www.tpa-group.sk\/de\/#\/schema\/logo\/image\/","url":"https:\/\/www.tpa-group.sk\/app\/uploads\/sites\/12\/2025\/01\/tpa-logo-favicon.svg","contentUrl":"https:\/\/www.tpa-group.sk\/app\/uploads\/sites\/12\/2025\/01\/tpa-logo-favicon.svg","width":110,"height":93,"caption":"TPA Slovakia"},"image":{"@id":"https:\/\/www.tpa-group.sk\/de\/#\/schema\/logo\/image\/"}}]}},"_links":{"self":[{"href":"https:\/\/www.tpa-group.sk\/de\/wp-json\/wp\/v2\/pages\/3940","targetHints":{"allow":["GET"]}}],"collection":[{"href":"https:\/\/www.tpa-group.sk\/de\/wp-json\/wp\/v2\/pages"}],"about":[{"href":"https:\/\/www.tpa-group.sk\/de\/wp-json\/wp\/v2\/types\/page"}],"author":[{"embeddable":true,"href":"https:\/\/www.tpa-group.sk\/de\/wp-json\/wp\/v2\/users\/29"}],"replies":[{"embeddable":true,"href":"https:\/\/www.tpa-group.sk\/de\/wp-json\/wp\/v2\/comments?post=3940"}],"version-history":[{"count":13,"href":"https:\/\/www.tpa-group.sk\/de\/wp-json\/wp\/v2\/pages\/3940\/revisions"}],"predecessor-version":[{"id":14176,"href":"https:\/\/www.tpa-group.sk\/de\/wp-json\/wp\/v2\/pages\/3940\/revisions\/14176"}],"up":[{"embeddable":true,"href":"https:\/\/www.tpa-group.sk\/de\/wp-json\/wp\/v2\/pages\/3865"}],"wp:attachment":[{"href":"https:\/\/www.tpa-group.sk\/de\/wp-json\/wp\/v2\/media?parent=3940"}],"curies":[{"name":"wp","href":"https:\/\/api.w.org\/{rel}","templated":true}]}}