{"id":3955,"date":"2024-04-11T12:43:31","date_gmt":"2024-04-11T12:43:31","guid":{"rendered":"https:\/\/www.tpa-group.sk\/uber-uns\/suhlas-so-spracuvanim-osobnych-udajov-marketingove-ucely\/"},"modified":"2025-07-09T08:39:05","modified_gmt":"2025-07-09T08:39:05","slug":"datenschutzbestimmungen","status":"publish","type":"page","link":"https:\/\/www.tpa-group.sk\/de\/uber-uns\/datenschutzbestimmungen\/","title":{"rendered":"Datenschutzbestimmungen"},"content":{"rendered":"\t\t<div data-elementor-type=\"wp-page\" data-elementor-id=\"3955\" class=\"elementor elementor-3955 elementor-3816\" data-elementor-post-type=\"page\">\n\t\t\t\t\t\t<section class=\"elementor-section elementor-top-section elementor-element elementor-element-3d6ecf4 hero-banner elementor-section-boxed elementor-section-height-default elementor-section-height-default\" data-id=\"3d6ecf4\" data-element_type=\"section\">\n\t\t\t\t\t\t<div class=\"elementor-container elementor-column-gap-default\">\n\t\t\t\t\t<div class=\"elementor-column elementor-col-100 elementor-top-column elementor-element elementor-element-4acc027\" data-id=\"4acc027\" data-element_type=\"column\">\n\t\t\t<div class=\"elementor-widget-wrap elementor-element-populated\">\n\t\t\t\t\t\t<section class=\"elementor-section elementor-inner-section elementor-element elementor-element-efee693 hero-banner-breadcrumbs-container elementor-section-boxed elementor-section-height-default elementor-section-height-default\" data-id=\"efee693\" data-element_type=\"section\">\n\t\t\t\t\t\t<div class=\"elementor-container elementor-column-gap-default\">\n\t\t\t\t\t<div class=\"elementor-column elementor-col-100 elementor-inner-column elementor-element elementor-element-e0a65ce\" data-id=\"e0a65ce\" data-element_type=\"column\">\n\t\t\t<div class=\"elementor-widget-wrap elementor-element-populated\">\n\t\t\t\t\t\t<div class=\"elementor-element elementor-element-2cf9884 elementor-widget elementor-widget-heading\" data-id=\"2cf9884\" data-element_type=\"widget\" data-widget_type=\"heading.default\">\n\t\t\t\t<div class=\"elementor-widget-container\">\n\t\t\t\t\t<p class=\"elementor-heading-title elementor-size-default\"><a href=\"\/\">Home |&nbsp;<\/a><\/p>\t\t\t\t<\/div>\n\t\t\t\t<\/div>\n\t\t\t\t<div class=\"elementor-element elementor-element-8300309 elementor-widget elementor-widget-heading\" data-id=\"8300309\" data-element_type=\"widget\" data-widget_type=\"heading.default\">\n\t\t\t\t<div class=\"elementor-widget-container\">\n\t\t\t\t\t<p class=\"elementor-heading-title elementor-size-default\">Datenschutzbestimmungen<\/p>\t\t\t\t<\/div>\n\t\t\t\t<\/div>\n\t\t\t\t\t<\/div>\n\t\t<\/div>\n\t\t\t\t\t<\/div>\n\t\t<\/section>\n\t\t\t\t<div class=\"elementor-element elementor-element-8a279c3 elementor-widget elementor-widget-heading\" data-id=\"8a279c3\" data-element_type=\"widget\" data-widget_type=\"heading.default\">\n\t\t\t\t<div class=\"elementor-widget-container\">\n\t\t\t\t\t<h1 class=\"elementor-heading-title elementor-size-default\">Datenschutzbestimmungen<\/h1>\t\t\t\t<\/div>\n\t\t\t\t<\/div>\n\t\t\t\t\t<\/div>\n\t\t<\/div>\n\t\t\t\t\t<\/div>\n\t\t<\/section>\n\t\t<div class=\"elementor-element elementor-element-5a4b4c2 page-content-container e-flex e-con-boxed e-con e-parent\" data-id=\"5a4b4c2\" data-element_type=\"container\" data-settings=\"{&quot;background_background&quot;:&quot;classic&quot;}\">\n\t\t\t\t\t<div class=\"e-con-inner\">\n\t\t\t\t<div class=\"elementor-element elementor-element-8a67af4 elementor-widget elementor-widget-text-editor\" data-id=\"8a67af4\" data-element_type=\"widget\" data-widget_type=\"text-editor.default\">\n\t\t\t\t<div class=\"elementor-widget-container\">\n\t\t\t\t\t\t\t\t\t<h2>Einwilligung zur Verarbeitung personenbezogener Daten<\/h2><p><strong>Gem\u00e4\u00df dem Artikel 7 ff. der Verordnung (EU) 2016\/679 des Europ\u00e4ischen Parlaments und des Rates vom 2016\/679 zum Schutz nat\u00fcrlicher Personen bei der Verarbeitung personenbezogener Daten und zum freien Datenverkehr (im Folgenden \u201eEinwilligung\u201c genannt).<\/strong><\/p><p>Ich willige in die Verarbeitung meiner personenbezogenen Daten durch die Gesellschaften TPA TAX, s.r.o., Blumental offices II, N\u00e1m. Mateja Korv\u00edna, 81107 Bratislava, IdNr. 35685115 und TPA AUDIT, s.r.o., Blumental offices II, N\u00e1m. Mateja Korv\u00edna, 81107 Bratislava, IdNr. 36714879 und TPA GetFinDone, s.r.o., Blumental offices II, N\u00e1m. Mateja Korv\u00edna, 81107 Bratislava, IdNr. \u00a055155235, als gemeinsame Betreiber (im Folgenden \u201eBetreiber\u201c genannt), ein, und dies:<\/p><p><strong>im Umfang:<\/strong> \u00a0\u00a0\u00a0 Geschlecht, Titel, Vorname, Nachname, Firmenname, Adresse (Stra\u00dfe, Stadt, PLZ), E-Mail;<\/p><p><strong>zum Zweck:<\/strong> \u00a0\u00a0\u00a0 Versendung von Werbe-E-Mails, Newsletters und anderen Marketingaktivit\u00e4ten zur Verkaufsf\u00f6rderung;<\/p><p><strong>f\u00fcr die Dauer:<\/strong>\u00a0 5 Jahre.<\/p><p>Ich erkl\u00e4re gleichzeitig, zur Kenntnis zu nehmen, dass der Betreiber die bereitgestellten personenbezogenen Daten ausschlie\u00dflich aufgrund dieser Einwilligung verarbeiten wird. Ich bin nicht verpflichtet, die personenbezogenen Daten dem Betreiber bereitzustellen, und ich bin berechtigt, diese Einwilligung jederzeit zu widerrufen. Beim Widerruf dieser Einwilligung ist der Betreiber verpflichtet, meine ihm zur Verf\u00fcgung gestellten personenbezogenen Daten unverz\u00fcglich zu l\u00f6schen.<\/p><h2>Belehrung \u00fcber ihre Rechte und andere Tatsachen<\/h2><p>Die \u00fcbermittelten personenbezogenen Daten <strong>werden wir anderen Empf\u00e4ngern bereitstellen<\/strong>, und zwar dem Vertreter der Erbringung von Webhosting-Dienstleistungen (Thomas B\u00f6hmwalder, NetzwerkBerater B&amp;W OG, 3470 Kirchbers) und dem Homepage-Administrator (Anna Rebel, TPA Group Administration und Steuerberatung GmbH, 1220 Wien). Der Grund dieser Teilung ist die Speicherung und Verwaltung der Datenbank personenbezogener Daten.<\/p><p>Sie haben das Recht auf den Zugang zu den bereitgestellten personenbezogenen Daten, das Sie am besten durch einen schriftlichen, an die im Kopftitel dieser Einwilligung angef\u00fchrte E-Mail-Adresse des Betreibers gesendeten Antrag in Anspruch nehmen k\u00f6nnen.<\/p><p>Dar\u00fcber hinaus haben Sie das <strong>Recht, eine Korrektur oder Einschr\u00e4nkung der Verarbeitung<\/strong>bereitgestellter personenbezogener Daten <strong>zu beantragen<\/strong>, wenn Sie diese f\u00fcr unrichtig halten, Sie haben das <strong>Recht, die bereitgestellten personenbezogenen Daten anzufordern, um sie an einen anderen Betreiber zu \u00fcbertragen, <\/strong>\u00a0oder eine solche \u00dcbertragung direkt bei uns zu beantragen, und Sie haben das Recht, <strong>die L\u00f6schung <\/strong>Ihrer \u00fcbermittelten personenbezogenen Daten zu beantragen.<\/p><p>Sie k\u00f6nnen den Schutz Ihrer Rechte auch durch eine an das Amt f\u00fcr den Schutz personenbezogener Daten der Slowakischen Republik gerichtete Beschwerde in Anspruch zu nehmen.<\/p><div class=\"px-2 py-1\"><i class=\"fa fa-download\" aria-hidden=\"true\"><\/i><a href=\"https:\/\/www.tpa-group.sk\/app\/uploads\/sites\/12\/2024\/09\/F_104_TPA-agreement-DE.pdf\">TPA-agreement-DE<\/a><\/div><div class=\"px-2 py-1\">\u00a0<\/div>\t\t\t\t\t\t\t\t<\/div>\n\t\t\t\t<\/div>\n\t\t\t\t\t<\/div>\n\t\t\t\t<\/div>\n\t\t\t\t<\/div>\n\t\t","protected":false},"excerpt":{"rendered":"<p>Home |&nbsp; Datenschutzbestimmungen Datenschutzbestimmungen Einwilligung zur Verarbeitung personenbezogener Daten Gem\u00e4\u00df dem Artikel 7 ff. der Verordnung (EU) 2016\/679 des Europ\u00e4ischen Parlaments und des Rates vom 2016\/679 zum Schutz nat\u00fcrlicher Personen bei der Verarbeitung personenbezogener Daten und zum freien Datenverkehr (im Folgenden \u201eEinwilligung\u201c genannt). Ich willige in die Verarbeitung meiner personenbezogenen Daten durch die Gesellschaften TPA [&hellip;]<\/p>\n","protected":false},"author":29,"featured_media":0,"parent":3865,"menu_order":8,"comment_status":"closed","ping_status":"closed","template":"elementor_header_footer","meta":{"_acf_changed":false,"footnotes":""},"class_list":["post-3955","page","type-page","status-publish","hentry"],"acf":[],"yoast_head":"<!-- This site is optimized with the Yoast SEO plugin v26.0 - https:\/\/yoast.com\/wordpress\/plugins\/seo\/ -->\n<title>Datenschutzbestimmungen - www.tpa-group.sk<\/title>\n<meta name=\"description\" content=\"Home |&nbsp; Datenschutzbestimmungen Datenschutzbestimmungen Einwilligung zur Verarbeitung personenbezogener DatenGem\u00e4\u00df dem Artikel 7 ff. der Verordnung\" \/>\n<meta name=\"robots\" content=\"index, follow, max-snippet:-1, max-image-preview:large, max-video-preview:-1\" \/>\n<link rel=\"canonical\" href=\"https:\/\/www.tpa-group.sk\/de\/uber-uns\/datenschutzbestimmungen\/\" \/>\n<meta property=\"og:locale\" content=\"de_DE\" \/>\n<meta property=\"og:type\" content=\"article\" \/>\n<meta property=\"og:title\" content=\"Datenschutzbestimmungen - www.tpa-group.sk\" \/>\n<meta property=\"og:description\" content=\"Home |&nbsp; Datenschutzbestimmungen Datenschutzbestimmungen Einwilligung zur Verarbeitung personenbezogener DatenGem\u00e4\u00df dem Artikel 7 ff. der Verordnung\" \/>\n<meta property=\"og:url\" content=\"https:\/\/www.tpa-group.sk\/de\/uber-uns\/datenschutzbestimmungen\/\" \/>\n<meta property=\"og:site_name\" content=\"www.tpa-group.sk\" \/>\n<meta property=\"article:modified_time\" content=\"2025-07-09T08:39:05+00:00\" \/>\n<meta property=\"og:image\" content=\"https:\/\/www.tpa-group.sk\/app\/uploads\/sites\/12\/2025\/01\/Dizajn-bez-nazvu-7.png\" \/>\n\t<meta property=\"og:image:width\" content=\"1200\" \/>\n\t<meta property=\"og:image:height\" content=\"675\" \/>\n\t<meta property=\"og:image:type\" content=\"image\/png\" \/>\n<meta name=\"twitter:card\" content=\"summary_large_image\" \/>\n<meta name=\"twitter:label1\" content=\"Est. reading time\" \/>\n\t<meta name=\"twitter:data1\" content=\"3 Minuten\" \/>\n<script type=\"application\/ld+json\" class=\"yoast-schema-graph\">{\"@context\":\"https:\/\/schema.org\",\"@graph\":[{\"@type\":\"WebPage\",\"@id\":\"https:\/\/www.tpa-group.sk\/de\/uber-uns\/datenschutzbestimmungen\/\",\"url\":\"https:\/\/www.tpa-group.sk\/de\/uber-uns\/datenschutzbestimmungen\/\",\"name\":\"Datenschutzbestimmungen - www.tpa-group.sk\",\"isPartOf\":{\"@id\":\"https:\/\/www.tpa-group.sk\/de\/#website\"},\"datePublished\":\"2024-04-11T12:43:31+00:00\",\"dateModified\":\"2025-07-09T08:39:05+00:00\",\"description\":\"Home |&nbsp; Datenschutzbestimmungen Datenschutzbestimmungen Einwilligung zur Verarbeitung personenbezogener DatenGem\u00e4\u00df dem Artikel 7 ff. der Verordnung\",\"breadcrumb\":{\"@id\":\"https:\/\/www.tpa-group.sk\/de\/uber-uns\/datenschutzbestimmungen\/#breadcrumb\"},\"inLanguage\":\"de-DE\",\"potentialAction\":[{\"@type\":\"ReadAction\",\"target\":[\"https:\/\/www.tpa-group.sk\/de\/uber-uns\/datenschutzbestimmungen\/\"]}]},{\"@type\":\"BreadcrumbList\",\"@id\":\"https:\/\/www.tpa-group.sk\/de\/uber-uns\/datenschutzbestimmungen\/#breadcrumb\",\"itemListElement\":[{\"@type\":\"ListItem\",\"position\":1,\"name\":\"Home\",\"item\":\"https:\/\/www.tpa-group.sk\/de\/\"},{\"@type\":\"ListItem\",\"position\":2,\"name\":\"\u00dcber uns\",\"item\":\"https:\/\/www.tpa-group.sk\/de\/o-nas\/\"},{\"@type\":\"ListItem\",\"position\":3,\"name\":\"Datenschutzbestimmungen\"}]},{\"@type\":\"WebSite\",\"@id\":\"https:\/\/www.tpa-group.sk\/de\/#website\",\"url\":\"https:\/\/www.tpa-group.sk\/de\/\",\"name\":\"www.tpa-group.sk\",\"description\":\"\",\"publisher\":{\"@id\":\"https:\/\/www.tpa-group.sk\/de\/#organization\"},\"potentialAction\":[{\"@type\":\"SearchAction\",\"target\":{\"@type\":\"EntryPoint\",\"urlTemplate\":\"https:\/\/www.tpa-group.sk\/de\/?s={search_term_string}\"},\"query-input\":{\"@type\":\"PropertyValueSpecification\",\"valueRequired\":true,\"valueName\":\"search_term_string\"}}],\"inLanguage\":\"de-DE\"},{\"@type\":\"Organization\",\"@id\":\"https:\/\/www.tpa-group.sk\/de\/#organization\",\"name\":\"TPA Slovakia\",\"url\":\"https:\/\/www.tpa-group.sk\/de\/\",\"logo\":{\"@type\":\"ImageObject\",\"inLanguage\":\"de-DE\",\"@id\":\"https:\/\/www.tpa-group.sk\/de\/#\/schema\/logo\/image\/\",\"url\":\"https:\/\/www.tpa-group.sk\/app\/uploads\/sites\/12\/2025\/01\/tpa-logo-favicon.svg\",\"contentUrl\":\"https:\/\/www.tpa-group.sk\/app\/uploads\/sites\/12\/2025\/01\/tpa-logo-favicon.svg\",\"width\":110,\"height\":93,\"caption\":\"TPA Slovakia\"},\"image\":{\"@id\":\"https:\/\/www.tpa-group.sk\/de\/#\/schema\/logo\/image\/\"}}]}<\/script>\n<!-- \/ Yoast SEO plugin. -->","yoast_head_json":{"title":"Datenschutzbestimmungen - www.tpa-group.sk","description":"Home |&nbsp; Datenschutzbestimmungen Datenschutzbestimmungen Einwilligung zur Verarbeitung personenbezogener DatenGem\u00e4\u00df dem Artikel 7 ff. der Verordnung","robots":{"index":"index","follow":"follow","max-snippet":"max-snippet:-1","max-image-preview":"max-image-preview:large","max-video-preview":"max-video-preview:-1"},"canonical":"https:\/\/www.tpa-group.sk\/de\/uber-uns\/datenschutzbestimmungen\/","og_locale":"de_DE","og_type":"article","og_title":"Datenschutzbestimmungen - www.tpa-group.sk","og_description":"Home |&nbsp; Datenschutzbestimmungen Datenschutzbestimmungen Einwilligung zur Verarbeitung personenbezogener DatenGem\u00e4\u00df dem Artikel 7 ff. der Verordnung","og_url":"https:\/\/www.tpa-group.sk\/de\/uber-uns\/datenschutzbestimmungen\/","og_site_name":"www.tpa-group.sk","article_modified_time":"2025-07-09T08:39:05+00:00","og_image":[{"width":1200,"height":675,"url":"https:\/\/www.tpa-group.sk\/app\/uploads\/sites\/12\/2025\/01\/Dizajn-bez-nazvu-7.png","type":"image\/png"}],"twitter_card":"summary_large_image","twitter_misc":{"Est. reading time":"3 Minuten"},"schema":{"@context":"https:\/\/schema.org","@graph":[{"@type":"WebPage","@id":"https:\/\/www.tpa-group.sk\/de\/uber-uns\/datenschutzbestimmungen\/","url":"https:\/\/www.tpa-group.sk\/de\/uber-uns\/datenschutzbestimmungen\/","name":"Datenschutzbestimmungen - www.tpa-group.sk","isPartOf":{"@id":"https:\/\/www.tpa-group.sk\/de\/#website"},"datePublished":"2024-04-11T12:43:31+00:00","dateModified":"2025-07-09T08:39:05+00:00","description":"Home |&nbsp; Datenschutzbestimmungen Datenschutzbestimmungen Einwilligung zur Verarbeitung personenbezogener DatenGem\u00e4\u00df dem Artikel 7 ff. der Verordnung","breadcrumb":{"@id":"https:\/\/www.tpa-group.sk\/de\/uber-uns\/datenschutzbestimmungen\/#breadcrumb"},"inLanguage":"de-DE","potentialAction":[{"@type":"ReadAction","target":["https:\/\/www.tpa-group.sk\/de\/uber-uns\/datenschutzbestimmungen\/"]}]},{"@type":"BreadcrumbList","@id":"https:\/\/www.tpa-group.sk\/de\/uber-uns\/datenschutzbestimmungen\/#breadcrumb","itemListElement":[{"@type":"ListItem","position":1,"name":"Home","item":"https:\/\/www.tpa-group.sk\/de\/"},{"@type":"ListItem","position":2,"name":"\u00dcber uns","item":"https:\/\/www.tpa-group.sk\/de\/o-nas\/"},{"@type":"ListItem","position":3,"name":"Datenschutzbestimmungen"}]},{"@type":"WebSite","@id":"https:\/\/www.tpa-group.sk\/de\/#website","url":"https:\/\/www.tpa-group.sk\/de\/","name":"www.tpa-group.sk","description":"","publisher":{"@id":"https:\/\/www.tpa-group.sk\/de\/#organization"},"potentialAction":[{"@type":"SearchAction","target":{"@type":"EntryPoint","urlTemplate":"https:\/\/www.tpa-group.sk\/de\/?s={search_term_string}"},"query-input":{"@type":"PropertyValueSpecification","valueRequired":true,"valueName":"search_term_string"}}],"inLanguage":"de-DE"},{"@type":"Organization","@id":"https:\/\/www.tpa-group.sk\/de\/#organization","name":"TPA Slovakia","url":"https:\/\/www.tpa-group.sk\/de\/","logo":{"@type":"ImageObject","inLanguage":"de-DE","@id":"https:\/\/www.tpa-group.sk\/de\/#\/schema\/logo\/image\/","url":"https:\/\/www.tpa-group.sk\/app\/uploads\/sites\/12\/2025\/01\/tpa-logo-favicon.svg","contentUrl":"https:\/\/www.tpa-group.sk\/app\/uploads\/sites\/12\/2025\/01\/tpa-logo-favicon.svg","width":110,"height":93,"caption":"TPA Slovakia"},"image":{"@id":"https:\/\/www.tpa-group.sk\/de\/#\/schema\/logo\/image\/"}}]}},"_links":{"self":[{"href":"https:\/\/www.tpa-group.sk\/de\/wp-json\/wp\/v2\/pages\/3955","targetHints":{"allow":["GET"]}}],"collection":[{"href":"https:\/\/www.tpa-group.sk\/de\/wp-json\/wp\/v2\/pages"}],"about":[{"href":"https:\/\/www.tpa-group.sk\/de\/wp-json\/wp\/v2\/types\/page"}],"author":[{"embeddable":true,"href":"https:\/\/www.tpa-group.sk\/de\/wp-json\/wp\/v2\/users\/29"}],"replies":[{"embeddable":true,"href":"https:\/\/www.tpa-group.sk\/de\/wp-json\/wp\/v2\/comments?post=3955"}],"version-history":[{"count":19,"href":"https:\/\/www.tpa-group.sk\/de\/wp-json\/wp\/v2\/pages\/3955\/revisions"}],"predecessor-version":[{"id":14188,"href":"https:\/\/www.tpa-group.sk\/de\/wp-json\/wp\/v2\/pages\/3955\/revisions\/14188"}],"up":[{"embeddable":true,"href":"https:\/\/www.tpa-group.sk\/de\/wp-json\/wp\/v2\/pages\/3865"}],"wp:attachment":[{"href":"https:\/\/www.tpa-group.sk\/de\/wp-json\/wp\/v2\/media?parent=3955"}],"curies":[{"name":"wp","href":"https:\/\/api.w.org\/{rel}","templated":true}]}}