{"id":4811,"date":"2024-05-16T21:06:27","date_gmt":"2024-05-16T21:06:27","guid":{"rendered":"https:\/\/www.tpa-group.sk\/?page_id=4811"},"modified":"2025-01-16T12:03:25","modified_gmt":"2025-01-16T12:03:25","slug":"presse","status":"publish","type":"page","link":"https:\/\/www.tpa-group.sk\/de\/presse\/","title":{"rendered":"Presse"},"content":{"rendered":"\t\t<div data-elementor-type=\"wp-page\" data-elementor-id=\"4811\" class=\"elementor elementor-4811 elementor-4810\" data-elementor-post-type=\"page\">\n\t\t\t\t\t\t<section class=\"elementor-section elementor-top-section elementor-element elementor-element-43291d83 hero-banner elementor-section-boxed elementor-section-height-default elementor-section-height-default\" data-id=\"43291d83\" data-element_type=\"section\">\n\t\t\t\t\t\t<div class=\"elementor-container elementor-column-gap-default\">\n\t\t\t\t\t<div class=\"elementor-column elementor-col-50 elementor-top-column elementor-element elementor-element-4ad7a4e6\" data-id=\"4ad7a4e6\" data-element_type=\"column\">\n\t\t\t<div class=\"elementor-widget-wrap elementor-element-populated\">\n\t\t\t\t\t\t<section class=\"elementor-section elementor-inner-section elementor-element elementor-element-40f36bfd hero-banner-breadcrumbs-container elementor-section-boxed elementor-section-height-default elementor-section-height-default\" data-id=\"40f36bfd\" data-element_type=\"section\">\n\t\t\t\t\t\t<div class=\"elementor-container elementor-column-gap-default\">\n\t\t\t\t\t<div class=\"elementor-column elementor-col-100 elementor-inner-column elementor-element elementor-element-4f7f3715\" data-id=\"4f7f3715\" data-element_type=\"column\">\n\t\t\t<div class=\"elementor-widget-wrap elementor-element-populated\">\n\t\t\t\t\t\t<div class=\"elementor-element elementor-element-4f744f0 elementor-widget elementor-widget-heading\" data-id=\"4f744f0\" data-element_type=\"widget\" data-widget_type=\"heading.default\">\n\t\t\t\t<div class=\"elementor-widget-container\">\n\t\t\t\t\t<p class=\"elementor-heading-title elementor-size-default\"><a href=\"\/\">Home |&nbsp;<\/a><\/p>\t\t\t\t<\/div>\n\t\t\t\t<\/div>\n\t\t\t\t<div class=\"elementor-element elementor-element-248bfdee elementor-widget elementor-widget-heading\" data-id=\"248bfdee\" data-element_type=\"widget\" data-widget_type=\"heading.default\">\n\t\t\t\t<div class=\"elementor-widget-container\">\n\t\t\t\t\t<p class=\"elementor-heading-title elementor-size-default\">Presse<\/p>\t\t\t\t<\/div>\n\t\t\t\t<\/div>\n\t\t\t\t\t<\/div>\n\t\t<\/div>\n\t\t\t\t\t<\/div>\n\t\t<\/section>\n\t\t\t\t<div class=\"elementor-element elementor-element-3dbdca88 elementor-widget elementor-widget-heading\" data-id=\"3dbdca88\" data-element_type=\"widget\" data-widget_type=\"heading.default\">\n\t\t\t\t<div class=\"elementor-widget-container\">\n\t\t\t\t\t<h1 class=\"elementor-heading-title elementor-size-default\">Presse<\/h1>\t\t\t\t<\/div>\n\t\t\t\t<\/div>\n\t\t\t\t<div class=\"elementor-element elementor-element-4b47b86e elementor-widget elementor-widget-text-editor\" data-id=\"4b47b86e\" data-element_type=\"widget\" data-widget_type=\"text-editor.default\">\n\t\t\t\t<div class=\"elementor-widget-container\">\n\t\t\t\t\t\t\t\t\t<p><strong>Alles Wichtige an einem Ort.<\/strong><\/p><p>In diesem Bereich finden Sie Pressemitteilungen der TPA. Bleiben Sie auf dem Laufenden \u00fcber die neuesten Nachrichten \u00fcber unser Unternehmen.<\/p>\t\t\t\t\t\t\t\t<\/div>\n\t\t\t\t<\/div>\n\t\t\t\t\t<\/div>\n\t\t<\/div>\n\t\t\t\t<div class=\"elementor-column elementor-col-50 elementor-top-column elementor-element elementor-element-114499\" data-id=\"114499\" data-element_type=\"column\">\n\t\t\t<div class=\"elementor-widget-wrap\">\n\t\t\t\t\t\t\t<\/div>\n\t\t<\/div>\n\t\t\t\t\t<\/div>\n\t\t<\/section>\n\t\t<div class=\"elementor-element elementor-element-758bdeab e-flex e-con-boxed e-con e-parent\" data-id=\"758bdeab\" data-element_type=\"container\" data-settings=\"{&quot;background_background&quot;:&quot;classic&quot;}\">\n\t\t\t\t\t<div class=\"e-con-inner\">\n\t\t<div class=\"elementor-element elementor-element-4a89ae7 e-flex e-con-boxed e-con e-child\" data-id=\"4a89ae7\" data-element_type=\"container\">\n\t\t\t\t\t<div class=\"e-con-inner\">\n\t\t\t\t<div class=\"elementor-element elementor-element-c31275 elementor-widget elementor-widget-posts-card-grid\" data-id=\"c31275\" data-element_type=\"widget\" data-settings=\"{&quot;posts_card_grid_content_type&quot;:&quot;news&quot;,&quot;posts_card_grid_category&quot;:&quot;65&quot;,&quot;posts_card_grid_order_by&quot;:&quot;date&quot;,&quot;posts_card_grid_order&quot;:&quot;DESC&quot;}\" data-widget_type=\"posts-card-grid.default\">\n\t\t\t\t<div class=\"elementor-widget-container\">\n\t\t\t\t\t\t \t<div \n\t \t\tclass=\"posts-card-grid-container\" \n \t\t>   \n\n\t\t\t\t  <div class=\"posts-grid\" style=\"opacity: 0;\">\n\n\t\t  \t<div class=\"posts-grid-sizer\"><\/div>\n\t\t    \t\n\t\t        \t<div class=\"posts-grid-item\">\n\t\t        \t\t\t        \t\t\t<a href=\"https:\/\/www.tpa-group.sk\/de\/news\/erfolgreiche-rezertifizierung-nach-iso-normen\/\">\n\n\t\t        \t\t\t        \t\t\t\t\t\t<p class=\"main-category\">Erfolgreiche Rezertifizierung nach ISO-Normen<\/p>\n\t        \t\t\t\t\t\t\t        \t\t<div class=\"img-container\">\n\t\t\t        \t\t\t<img decoding=\"async\" class=\"post-image\" src=\"https:\/\/www.tpa-group.sk\/app\/uploads\/sites\/12\/2025\/09\/ISO-recertif-472x280.jpg\" alt=\"Erfolgreiche Rezertifizierung nach ISO-Normen\">\n\t\t        \t\t\t\t\t\t\t        \t\t<\/div>\n        \t\t\t\t<\/a>\n\n        \t\t\t\t\t\t        \t<\/div>\n\t\t        \t\n\t\t        \t<div class=\"posts-grid-item\">\n\t\t        \t\t\t        \t\t\t<a href=\"https:\/\/www.tpa-group.sk\/de\/news\/tpa-gewann-den-preis-fuer-die-beste-steuerberatung\/\">\n\n\t\t        \t\t\t\t\t        \t\t\t\t<p class=\"main-category\">HOF Awards 2024<\/p>\n\t        \t\t\t\t\t\t\t        \t\t<div class=\"img-container\">\n\t\t\t        \t\t\t<img decoding=\"async\" class=\"post-image\" src=\"https:\/\/www.tpa-group.sk\/app\/uploads\/sites\/12\/2025\/06\/HOF-Awards-2-472x280.jpg\" alt=\"TPA gewann den Preis f\u00fcr die beste Steuerberatung\">\n\t\t        \t\t\t\t\t\t\t        \t\t<\/div>\n        \t\t\t\t<\/a>\n\n        \t\t\t\t\t\t        \t<\/div>\n\t\t        \t\n\t\t        \t<div class=\"posts-grid-item\">\n\t\t        \t\t\t        \t\t\t<a href=\"https:\/\/www.tpa-group.sk\/de\/news\/wir-stellen-vor-tpaecommerce-sk\/\">\n\n\t\t        \t\t\t        \t\t\t\t\t\t<p class=\"main-category\">Wir stellen vor: TPAecommerce.sk<\/p>\n\t        \t\t\t\t\t\t\t        \t\t<div class=\"img-container\">\n\t\t\t        \t\t\t<img decoding=\"async\" class=\"post-image\" src=\"https:\/\/www.tpa-group.sk\/app\/uploads\/sites\/12\/2025\/06\/tpaecommerce-472x280.jpg\" alt=\"Wir stellen vor: TPAecommerce.sk\">\n\t\t        \t\t\t\t\t\t\t        \t\t<\/div>\n        \t\t\t\t<\/a>\n\n        \t\t\t\t\t\t        \t<\/div>\n\t\t        \t\n\t\t        \t<div class=\"posts-grid-item\">\n\t\t        \t\t\t        \t\t\t<a href=\"https:\/\/www.tpa-group.sk\/de\/news\/cij-awards-2024-ausgezeichnet\/\">\n\n\t\t        \t\t\t        \t\t\t\t\t\t<p class=\"main-category\">CIJ Awards 2024 ausgezeichnet<\/p>\n\t        \t\t\t\t\t\t\t        \t\t<div class=\"img-container\">\n\t\t\t        \t\t\t<img decoding=\"async\" class=\"post-image\" src=\"https:\/\/www.tpa-group.sk\/app\/uploads\/sites\/12\/2024\/11\/cij.jpg\" alt=\"CIJ Awards 2024 ausgezeichnet\">\n\t\t        \t\t\t\t\t\t\t        \t\t<\/div>\n        \t\t\t\t<\/a>\n\n        \t\t\t\t\t\t        \t<\/div>\n\t\t        \t\n\t\t        \t<div class=\"posts-grid-item\">\n\t\t        \t\t\t        \t\t\t<a href=\"https:\/\/www.tpa-group.sk\/de\/news\/entdecken-sie-den-neuen-stil-unserer-website\/\">\n\n\t\t        \t\t\t\t\t        \t\t\t\t<p class=\"main-category\">Neue Website<\/p>\n\t        \t\t\t\t\t\t\t        \t\t<div class=\"img-container\">\n\t\t\t        \t\t\t<img decoding=\"async\" class=\"post-image\" src=\"https:\/\/www.tpa-group.sk\/app\/uploads\/sites\/12\/2024\/06\/pexels-picjumbo-com-55570-196655.jpg\" alt=\"Entdecken Sie den neuen Stil unserer Website\">\n\t\t        \t\t\t\t\t\t\t        \t\t<\/div>\n        \t\t\t\t<\/a>\n\n        \t\t\t\t\t\t        \t<\/div>\n\t\t        \t\n\t\t        \t<div class=\"posts-grid-item\">\n\t\t        \t\t\t        \t\t\t<a href=\"https:\/\/www.tpa-group.sk\/de\/news\/wir-sind-zertifiziert\/\">\n\n\t\t        \t\t\t\t\t        \t\t\t\t<p class=\"main-category\">ISO Zertifizierung<\/p>\n\t        \t\t\t\t\t\t\t        \t\t<div class=\"img-container\">\n\t\t\t        \t\t\t<img decoding=\"async\" class=\"post-image\" src=\"https:\/\/www.tpa-group.sk\/app\/uploads\/sites\/12\/2024\/07\/pexels-fauxels-3184434.jpg\" alt=\"Wir sind zertifiziert!\">\n\t\t        \t\t\t\t\t\t\t        \t\t<\/div>\n        \t\t\t\t<\/a>\n\n        \t\t\t\t\t\t        \t<\/div>\n\t\t        \t\n\t\t        \t<div class=\"posts-grid-item\">\n\t\t        \t\t\t        \t\t\t<a href=\"https:\/\/www.tpa-group.sk\/de\/news\/hilfe-fuer-die-ukraine\/\">\n\n\t\t        \t\t\t        \t\t\t\t\t\t<p class=\"main-category\">Hilfe f\u00fcr die Ukraine<\/p>\n\t        \t\t\t\t\t\t\t        \t\t<div class=\"img-container\">\n\t\t\t        \t\t\t<img decoding=\"async\" class=\"post-image\" src=\"https:\/\/www.tpa-group.sk\/app\/uploads\/sites\/12\/2024\/05\/Pomahame-Ukrajine.jpg\" alt=\"Hilfe f\u00fcr die Ukraine\">\n\t\t        \t\t\t\t\t\t\t        \t\t<\/div>\n        \t\t\t\t<\/a>\n\n        \t\t\t\t\t\t        \t<\/div>\n\t\t        \t\n\t\t        \t<div class=\"posts-grid-item\">\n\t\t        \t\t\t        \t\t\t<a href=\"https:\/\/www.tpa-group.sk\/de\/news\/cij-awards-2022\/\">\n\n\t\t        \t\t\t        \t\t\t\t\t\t<p class=\"main-category\">CIJ Awards 2022<\/p>\n\t        \t\t\t\t\t\t\t        \t\t<div class=\"img-container\">\n\t\t\t        \t\t\t<img decoding=\"async\" class=\"post-image\" src=\"https:\/\/www.tpa-group.sk\/app\/uploads\/sites\/12\/2024\/05\/TPA-uz-druhym-rokom-obhajila-kategoriu.CIJ-Awards-2022.jpg\" alt=\"CIJ Awards 2022\">\n\t\t        \t\t\t\t\t\t\t        \t\t<\/div>\n        \t\t\t\t<\/a>\n\n        \t\t\t\t\t\t        \t<\/div>\n\t\t        \t\n\t\t        \t<div class=\"posts-grid-item\">\n\t\t        \t\t\t        \t\t\t<a href=\"https:\/\/www.tpa-group.sk\/de\/news\/neuer-tpa-getfindone-partner\/\">\n\n\t\t        \t\t\t        \t\t\t\t\t\t<p class=\"main-category\">Neuer TPA GetFinDone Partner<\/p>\n\t        \t\t\t\t\t\t\t        \t\t<div class=\"img-container\">\n\t\t\t        \t\t\t<img decoding=\"async\" class=\"post-image\" src=\"https:\/\/www.tpa-group.sk\/app\/uploads\/sites\/12\/2024\/05\/Juraj-Tobak-je-novym-partnerom-TPA.jpg\" alt=\"Neuer TPA GetFinDone Partner\">\n\t\t        \t\t\t\t\t\t\t        \t\t<\/div>\n        \t\t\t\t<\/a>\n\n        \t\t\t\t\t\t        \t<\/div>\n\t\t        \t\n\t\t        \t<div class=\"posts-grid-item\">\n\t\t        \t\t\t        \t\t\t<a href=\"https:\/\/www.tpa-group.sk\/de\/news\/cij-awards-2021\/\">\n\n\t\t        \t\t\t        \t\t\t\t\t\t<p class=\"main-category\">CIJ Awards 2021<\/p>\n\t        \t\t\t\t\t\t\t        \t\t<div class=\"img-container\">\n\t\t\t        \t\t\t<img decoding=\"async\" class=\"post-image\" src=\"https:\/\/www.tpa-group.sk\/app\/uploads\/sites\/12\/2024\/05\/image-3.jpg\" alt=\"CIJ Awards 2021\">\n\t\t        \t\t\t\t\t\t\t        \t\t<\/div>\n        \t\t\t\t<\/a>\n\n        \t\t\t\t\t\t        \t<\/div>\n\t\t        \t\n\t\t        \t<div class=\"posts-grid-item\">\n\t\t        \t\t\t        \t\t\t<a href=\"https:\/\/www.tpa-group.sk\/de\/news\/back-to-face-to-face\/\">\n\n\t\t        \t\t\t        \t\t\t\t\t\t<p class=\"main-category\">Back to Face to Face!<\/p>\n\t        \t\t\t\t\t\t\t        \t\t<div class=\"img-container\">\n\t\t\t        \t\t\t<img decoding=\"async\" class=\"post-image\" src=\"https:\/\/www.tpa-group.sk\/app\/uploads\/sites\/12\/2024\/05\/image-2.png\" alt=\"Back to Face to Face!\">\n\t\t        \t\t\t\t\t\t\t        \t\t<\/div>\n        \t\t\t\t<\/a>\n\n        \t\t\t\t\t\t        \t<\/div>\n\t\t        \t\n\t\t        \t<div class=\"posts-grid-item\">\n\t\t        \t\t\t        \t\t\t<a href=\"https:\/\/www.tpa-group.sk\/de\/news\/wichtige-aenderungen-zu-covid-19\/\">\n\n\t\t        \t\t\t        \t\t\t\t\t\t<p class=\"main-category\">Wichtige \u00c4nderungen zu COVID-19<\/p>\n\t        \t\t\t\t\t\t\t        \t\t<div class=\"img-container\">\n\t\t\t        \t\t\t<img decoding=\"async\" class=\"post-image\" src=\"https:\/\/www.tpa-group.sk\/app\/uploads\/sites\/12\/2024\/05\/image-1.png\" alt=\"Wichtige \u00c4nderungen zu COVID-19\">\n\t\t        \t\t\t\t\t\t\t        \t\t<\/div>\n        \t\t\t\t<\/a>\n\n        \t\t\t\t\t\t        \t<\/div>\n\t\t        \t\n\t\t        \t<div class=\"posts-grid-item\">\n\t\t        \t\t\t        \t\t\t<a href=\"https:\/\/www.tpa-group.sk\/de\/news\/neue-partnerin-bei-tpa\/\">\n\n\t\t        \t\t\t        \t\t\t\t\t\t<p class=\"main-category\">Neue Partnerin bei TPA<\/p>\n\t        \t\t\t\t\t\t\t        \t\t<div class=\"img-container\">\n\t\t\t        \t\t\t<img decoding=\"async\" class=\"post-image\" src=\"https:\/\/www.tpa-group.sk\/app\/uploads\/sites\/12\/2024\/05\/Maria-Januskova-je-novym-partnerom-TPA.jpg\" alt=\"Neue Partnerin bei TPA\">\n\t\t        \t\t\t\t\t\t\t        \t\t<\/div>\n        \t\t\t\t<\/a>\n\n        \t\t\t\t\t\t        \t<\/div>\n\t\t        \t\n\t\t        \t<div class=\"posts-grid-item\">\n\t\t        \t\t\t        \t\t\t<a href=\"https:\/\/www.tpa-group.sk\/de\/news\/energy-tomorrow-2019\/\">\n\n\t\t        \t\t\t        \t\t\t\t\t\t<p class=\"main-category\">Energy Tomorrow 2019<\/p>\n\t        \t\t\t\t\t\t\t        \t\t<div class=\"img-container\">\n\t\t\t        \t\t\t<img decoding=\"async\" class=\"post-image\" src=\"https:\/\/www.tpa-group.sk\/app\/uploads\/sites\/12\/2024\/05\/Energy-Tomorrow-2019.jpg\" alt=\"Energy Tomorrow 2019\">\n\t\t        \t\t\t\t\t\t\t        \t\t<\/div>\n        \t\t\t\t<\/a>\n\n        \t\t\t\t\t\t        \t<\/div>\n\t\t        \t\t  <\/div>\n\t\t  \t\t\n\t\t\n\n\t\t\t \t<\/div>\n\t\t\t\t\t\t<\/div>\n\t\t\t\t<\/div>\n\t\t\t\t\t<\/div>\n\t\t\t\t<\/div>\n\t\t\t\t\t<\/div>\n\t\t\t\t<\/div>\n\t\t<div class=\"elementor-element elementor-element-59c008ff e-flex e-con-boxed e-con e-parent\" data-id=\"59c008ff\" data-element_type=\"container\">\n\t\t\t\t\t<div class=\"e-con-inner\">\n\t\t\t\t<div class=\"elementor-element elementor-element-24e00a36 elementor-widget elementor-widget-text-editor\" data-id=\"24e00a36\" data-element_type=\"widget\" data-widget_type=\"text-editor.default\">\n\t\t\t\t<div class=\"elementor-widget-container\">\n\t\t\t\t\t\t\t\t\t<p>Naturally our consultancy extends to all other sectors. Find out about our further services in the fields of tax consultancy, audit and management consulting.<\/p>\n\t\t\t\t\t\t\t\t<\/div>\n\t\t\t\t<\/div>\n\t\t\t\t\t<\/div>\n\t\t\t\t<\/div>\n\t\t\t\t<\/div>\n\t\t","protected":false},"excerpt":{"rendered":"<p>Home |&nbsp; Presse Presse Alles Wichtige an einem Ort. In diesem Bereich finden Sie Pressemitteilungen der TPA. Bleiben Sie auf dem Laufenden \u00fcber die neuesten Nachrichten \u00fcber unser Unternehmen. CIJ Awards 2024 ausgezeichnet Neue Website ISO Zertifizierung Hilfe f\u00fcr die Ukraine CIJ Awards 2022 Neuer TPA GetFinDone Partner CIJ Awards 2021 Back to Face to [&hellip;]<\/p>\n","protected":false},"author":29,"featured_media":13353,"parent":0,"menu_order":0,"comment_status":"closed","ping_status":"closed","template":"elementor_header_footer","meta":{"_acf_changed":false,"footnotes":""},"class_list":["post-4811","page","type-page","status-publish","has-post-thumbnail","hentry"],"acf":[],"yoast_head":"<!-- This site is optimized with the Yoast SEO plugin v26.0 - https:\/\/yoast.com\/wordpress\/plugins\/seo\/ -->\n<title>Presse - www.tpa-group.sk<\/title>\n<meta name=\"description\" content=\"Home |&nbsp; Presse Presse Alles Wichtige an einem Ort.In diesem Bereich finden Sie Pressemitteilungen der TPA. Bleiben Sie auf dem Laufenden \u00fcber die\" \/>\n<meta name=\"robots\" content=\"index, follow, max-snippet:-1, max-image-preview:large, max-video-preview:-1\" \/>\n<link rel=\"canonical\" href=\"https:\/\/www.tpa-group.sk\/de\/presse\/\" \/>\n<meta property=\"og:locale\" content=\"de_DE\" \/>\n<meta property=\"og:type\" content=\"article\" \/>\n<meta property=\"og:title\" content=\"Presse - www.tpa-group.sk\" \/>\n<meta property=\"og:description\" content=\"Home |&nbsp; Presse Presse Alles Wichtige an einem Ort.In diesem Bereich finden Sie Pressemitteilungen der TPA. Bleiben Sie auf dem Laufenden \u00fcber die\" \/>\n<meta property=\"og:url\" content=\"https:\/\/www.tpa-group.sk\/de\/presse\/\" \/>\n<meta property=\"og:site_name\" content=\"www.tpa-group.sk\" \/>\n<meta property=\"article:modified_time\" content=\"2025-01-16T12:03:25+00:00\" \/>\n<meta property=\"og:image\" content=\"https:\/\/www.tpa-group.sk\/app\/uploads\/sites\/12\/2024\/11\/cij-1024x683.jpg\" \/>\n<meta name=\"twitter:card\" content=\"summary_large_image\" \/>\n<meta name=\"twitter:label1\" content=\"Est. reading time\" \/>\n\t<meta name=\"twitter:data1\" content=\"3 Minuten\" \/>\n<script type=\"application\/ld+json\" class=\"yoast-schema-graph\">{\"@context\":\"https:\/\/schema.org\",\"@graph\":[{\"@type\":\"WebPage\",\"@id\":\"https:\/\/www.tpa-group.sk\/de\/presse\/\",\"url\":\"https:\/\/www.tpa-group.sk\/de\/presse\/\",\"name\":\"Presse - www.tpa-group.sk\",\"isPartOf\":{\"@id\":\"https:\/\/www.tpa-group.sk\/de\/#website\"},\"primaryImageOfPage\":{\"@id\":\"https:\/\/www.tpa-group.sk\/de\/presse\/#primaryimage\"},\"image\":{\"@id\":\"https:\/\/www.tpa-group.sk\/de\/presse\/#primaryimage\"},\"thumbnailUrl\":\"https:\/\/www.tpa-group.sk\/app\/uploads\/sites\/12\/2025\/05\/pexels-nappy-936137.jpg\",\"datePublished\":\"2024-05-16T21:06:27+00:00\",\"dateModified\":\"2025-01-16T12:03:25+00:00\",\"description\":\"Home |&nbsp; Presse Presse Alles Wichtige an einem Ort.In diesem Bereich finden Sie Pressemitteilungen der TPA. Bleiben Sie auf dem Laufenden \u00fcber die\",\"breadcrumb\":{\"@id\":\"https:\/\/www.tpa-group.sk\/de\/presse\/#breadcrumb\"},\"inLanguage\":\"de-DE\",\"potentialAction\":[{\"@type\":\"ReadAction\",\"target\":[\"https:\/\/www.tpa-group.sk\/de\/presse\/\"]}]},{\"@type\":\"ImageObject\",\"inLanguage\":\"de-DE\",\"@id\":\"https:\/\/www.tpa-group.sk\/de\/presse\/#primaryimage\",\"url\":\"https:\/\/www.tpa-group.sk\/app\/uploads\/sites\/12\/2025\/05\/pexels-nappy-936137.jpg\",\"contentUrl\":\"https:\/\/www.tpa-group.sk\/app\/uploads\/sites\/12\/2025\/05\/pexels-nappy-936137.jpg\",\"width\":2048,\"height\":1357},{\"@type\":\"BreadcrumbList\",\"@id\":\"https:\/\/www.tpa-group.sk\/de\/presse\/#breadcrumb\",\"itemListElement\":[{\"@type\":\"ListItem\",\"position\":1,\"name\":\"Home\",\"item\":\"https:\/\/www.tpa-group.sk\/de\/\"},{\"@type\":\"ListItem\",\"position\":2,\"name\":\"Presse\"}]},{\"@type\":\"WebSite\",\"@id\":\"https:\/\/www.tpa-group.sk\/de\/#website\",\"url\":\"https:\/\/www.tpa-group.sk\/de\/\",\"name\":\"www.tpa-group.sk\",\"description\":\"\",\"publisher\":{\"@id\":\"https:\/\/www.tpa-group.sk\/de\/#organization\"},\"potentialAction\":[{\"@type\":\"SearchAction\",\"target\":{\"@type\":\"EntryPoint\",\"urlTemplate\":\"https:\/\/www.tpa-group.sk\/de\/?s={search_term_string}\"},\"query-input\":{\"@type\":\"PropertyValueSpecification\",\"valueRequired\":true,\"valueName\":\"search_term_string\"}}],\"inLanguage\":\"de-DE\"},{\"@type\":\"Organization\",\"@id\":\"https:\/\/www.tpa-group.sk\/de\/#organization\",\"name\":\"TPA Slovakia\",\"url\":\"https:\/\/www.tpa-group.sk\/de\/\",\"logo\":{\"@type\":\"ImageObject\",\"inLanguage\":\"de-DE\",\"@id\":\"https:\/\/www.tpa-group.sk\/de\/#\/schema\/logo\/image\/\",\"url\":\"https:\/\/www.tpa-group.sk\/app\/uploads\/sites\/12\/2025\/01\/tpa-logo-favicon.svg\",\"contentUrl\":\"https:\/\/www.tpa-group.sk\/app\/uploads\/sites\/12\/2025\/01\/tpa-logo-favicon.svg\",\"width\":110,\"height\":93,\"caption\":\"TPA Slovakia\"},\"image\":{\"@id\":\"https:\/\/www.tpa-group.sk\/de\/#\/schema\/logo\/image\/\"}}]}<\/script>\n<!-- \/ Yoast SEO plugin. -->","yoast_head_json":{"title":"Presse - www.tpa-group.sk","description":"Home |&nbsp; Presse Presse Alles Wichtige an einem Ort.In diesem Bereich finden Sie Pressemitteilungen der TPA. Bleiben Sie auf dem Laufenden \u00fcber die","robots":{"index":"index","follow":"follow","max-snippet":"max-snippet:-1","max-image-preview":"max-image-preview:large","max-video-preview":"max-video-preview:-1"},"canonical":"https:\/\/www.tpa-group.sk\/de\/presse\/","og_locale":"de_DE","og_type":"article","og_title":"Presse - www.tpa-group.sk","og_description":"Home |&nbsp; Presse Presse Alles Wichtige an einem Ort.In diesem Bereich finden Sie Pressemitteilungen der TPA. Bleiben Sie auf dem Laufenden \u00fcber die","og_url":"https:\/\/www.tpa-group.sk\/de\/presse\/","og_site_name":"www.tpa-group.sk","article_modified_time":"2025-01-16T12:03:25+00:00","og_image":[{"url":"https:\/\/www.tpa-group.sk\/app\/uploads\/sites\/12\/2024\/11\/cij-1024x683.jpg","type":"","width":"","height":""}],"twitter_card":"summary_large_image","twitter_misc":{"Est. reading time":"3 Minuten"},"schema":{"@context":"https:\/\/schema.org","@graph":[{"@type":"WebPage","@id":"https:\/\/www.tpa-group.sk\/de\/presse\/","url":"https:\/\/www.tpa-group.sk\/de\/presse\/","name":"Presse - www.tpa-group.sk","isPartOf":{"@id":"https:\/\/www.tpa-group.sk\/de\/#website"},"primaryImageOfPage":{"@id":"https:\/\/www.tpa-group.sk\/de\/presse\/#primaryimage"},"image":{"@id":"https:\/\/www.tpa-group.sk\/de\/presse\/#primaryimage"},"thumbnailUrl":"https:\/\/www.tpa-group.sk\/app\/uploads\/sites\/12\/2025\/05\/pexels-nappy-936137.jpg","datePublished":"2024-05-16T21:06:27+00:00","dateModified":"2025-01-16T12:03:25+00:00","description":"Home |&nbsp; Presse Presse Alles Wichtige an einem Ort.In diesem Bereich finden Sie Pressemitteilungen der TPA. Bleiben Sie auf dem Laufenden \u00fcber die","breadcrumb":{"@id":"https:\/\/www.tpa-group.sk\/de\/presse\/#breadcrumb"},"inLanguage":"de-DE","potentialAction":[{"@type":"ReadAction","target":["https:\/\/www.tpa-group.sk\/de\/presse\/"]}]},{"@type":"ImageObject","inLanguage":"de-DE","@id":"https:\/\/www.tpa-group.sk\/de\/presse\/#primaryimage","url":"https:\/\/www.tpa-group.sk\/app\/uploads\/sites\/12\/2025\/05\/pexels-nappy-936137.jpg","contentUrl":"https:\/\/www.tpa-group.sk\/app\/uploads\/sites\/12\/2025\/05\/pexels-nappy-936137.jpg","width":2048,"height":1357},{"@type":"BreadcrumbList","@id":"https:\/\/www.tpa-group.sk\/de\/presse\/#breadcrumb","itemListElement":[{"@type":"ListItem","position":1,"name":"Home","item":"https:\/\/www.tpa-group.sk\/de\/"},{"@type":"ListItem","position":2,"name":"Presse"}]},{"@type":"WebSite","@id":"https:\/\/www.tpa-group.sk\/de\/#website","url":"https:\/\/www.tpa-group.sk\/de\/","name":"www.tpa-group.sk","description":"","publisher":{"@id":"https:\/\/www.tpa-group.sk\/de\/#organization"},"potentialAction":[{"@type":"SearchAction","target":{"@type":"EntryPoint","urlTemplate":"https:\/\/www.tpa-group.sk\/de\/?s={search_term_string}"},"query-input":{"@type":"PropertyValueSpecification","valueRequired":true,"valueName":"search_term_string"}}],"inLanguage":"de-DE"},{"@type":"Organization","@id":"https:\/\/www.tpa-group.sk\/de\/#organization","name":"TPA Slovakia","url":"https:\/\/www.tpa-group.sk\/de\/","logo":{"@type":"ImageObject","inLanguage":"de-DE","@id":"https:\/\/www.tpa-group.sk\/de\/#\/schema\/logo\/image\/","url":"https:\/\/www.tpa-group.sk\/app\/uploads\/sites\/12\/2025\/01\/tpa-logo-favicon.svg","contentUrl":"https:\/\/www.tpa-group.sk\/app\/uploads\/sites\/12\/2025\/01\/tpa-logo-favicon.svg","width":110,"height":93,"caption":"TPA Slovakia"},"image":{"@id":"https:\/\/www.tpa-group.sk\/de\/#\/schema\/logo\/image\/"}}]}},"_links":{"self":[{"href":"https:\/\/www.tpa-group.sk\/de\/wp-json\/wp\/v2\/pages\/4811","targetHints":{"allow":["GET"]}}],"collection":[{"href":"https:\/\/www.tpa-group.sk\/de\/wp-json\/wp\/v2\/pages"}],"about":[{"href":"https:\/\/www.tpa-group.sk\/de\/wp-json\/wp\/v2\/types\/page"}],"author":[{"embeddable":true,"href":"https:\/\/www.tpa-group.sk\/de\/wp-json\/wp\/v2\/users\/29"}],"replies":[{"embeddable":true,"href":"https:\/\/www.tpa-group.sk\/de\/wp-json\/wp\/v2\/comments?post=4811"}],"version-history":[{"count":10,"href":"https:\/\/www.tpa-group.sk\/de\/wp-json\/wp\/v2\/pages\/4811\/revisions"}],"predecessor-version":[{"id":11492,"href":"https:\/\/www.tpa-group.sk\/de\/wp-json\/wp\/v2\/pages\/4811\/revisions\/11492"}],"wp:featuredmedia":[{"embeddable":true,"href":"https:\/\/www.tpa-group.sk\/de\/wp-json\/wp\/v2\/media\/13353"}],"wp:attachment":[{"href":"https:\/\/www.tpa-group.sk\/de\/wp-json\/wp\/v2\/media?parent=4811"}],"curies":[{"name":"wp","href":"https:\/\/api.w.org\/{rel}","templated":true}]}}