{"id":5519,"date":"2024-05-18T11:07:51","date_gmt":"2024-05-18T11:07:51","guid":{"rendered":"https:\/\/www.tpa-group.sk\/fotografie-partnerov\/"},"modified":"2024-06-18T08:32:06","modified_gmt":"2024-06-18T08:32:06","slug":"bilder-der-partner","status":"publish","type":"page","link":"https:\/\/www.tpa-group.sk\/de\/bilder-der-partner\/","title":{"rendered":"Bilder der Partner"},"content":{"rendered":"\t\t<div data-elementor-type=\"wp-page\" data-elementor-id=\"5519\" class=\"elementor elementor-5519 elementor-5478\" data-elementor-post-type=\"page\">\n\t\t\t\t\t\t<section class=\"elementor-section elementor-top-section elementor-element elementor-element-3d6ecf4 hero-banner elementor-section-boxed elementor-section-height-default elementor-section-height-default\" data-id=\"3d6ecf4\" data-element_type=\"section\">\n\t\t\t\t\t\t<div class=\"elementor-container elementor-column-gap-default\">\n\t\t\t\t\t<div class=\"elementor-column elementor-col-100 elementor-top-column elementor-element elementor-element-4acc027\" data-id=\"4acc027\" data-element_type=\"column\">\n\t\t\t<div class=\"elementor-widget-wrap elementor-element-populated\">\n\t\t\t\t\t\t<section class=\"elementor-section elementor-inner-section elementor-element elementor-element-efee693 hero-banner-breadcrumbs-container elementor-section-boxed elementor-section-height-default elementor-section-height-default\" data-id=\"efee693\" data-element_type=\"section\">\n\t\t\t\t\t\t<div class=\"elementor-container elementor-column-gap-default\">\n\t\t\t\t\t<div class=\"elementor-column elementor-col-100 elementor-inner-column elementor-element elementor-element-e0a65ce\" data-id=\"e0a65ce\" data-element_type=\"column\">\n\t\t\t<div class=\"elementor-widget-wrap elementor-element-populated\">\n\t\t\t\t\t\t<div class=\"elementor-element elementor-element-2cf9884 elementor-widget elementor-widget-heading\" data-id=\"2cf9884\" data-element_type=\"widget\" data-widget_type=\"heading.default\">\n\t\t\t\t<div class=\"elementor-widget-container\">\n\t\t\t\t\t<p class=\"elementor-heading-title elementor-size-default\"><a href=\"\/\">Home |&nbsp;<\/a><\/p>\t\t\t\t<\/div>\n\t\t\t\t<\/div>\n\t\t\t\t<div class=\"elementor-element elementor-element-8300309 elementor-widget elementor-widget-heading\" data-id=\"8300309\" data-element_type=\"widget\" data-widget_type=\"heading.default\">\n\t\t\t\t<div class=\"elementor-widget-container\">\n\t\t\t\t\t<p class=\"elementor-heading-title elementor-size-default\">Bilder der Partner<\/p>\t\t\t\t<\/div>\n\t\t\t\t<\/div>\n\t\t\t\t\t<\/div>\n\t\t<\/div>\n\t\t\t\t\t<\/div>\n\t\t<\/section>\n\t\t\t\t<div class=\"elementor-element elementor-element-8a279c3 elementor-widget elementor-widget-heading\" data-id=\"8a279c3\" data-element_type=\"widget\" data-widget_type=\"heading.default\">\n\t\t\t\t<div class=\"elementor-widget-container\">\n\t\t\t\t\t<h2 class=\"elementor-heading-title elementor-size-default\">Bilder der Partner<\/h2>\t\t\t\t<\/div>\n\t\t\t\t<\/div>\n\t\t\t\t<div class=\"elementor-element elementor-element-3fccac8 elementor-widget__width-initial elementor-widget-tablet__width-inherit elementor-widget-mobile__width-inherit elementor-widget elementor-widget-text-editor\" data-id=\"3fccac8\" data-element_type=\"widget\" data-widget_type=\"text-editor.default\">\n\t\t\t\t<div class=\"elementor-widget-container\">\n\t\t\t\t\t\t\t\t\t<p>Fotos unserer TPA Partner der Slowakei zum Download.<\/p>\t\t\t\t\t\t\t\t<\/div>\n\t\t\t\t<\/div>\n\t\t\t\t\t<\/div>\n\t\t<\/div>\n\t\t\t\t\t<\/div>\n\t\t<\/section>\n\t\t<div class=\"elementor-element elementor-element-56f1d80 page-content-container e-flex e-con-boxed e-con e-parent\" data-id=\"56f1d80\" data-element_type=\"container\" data-settings=\"{&quot;background_background&quot;:&quot;classic&quot;}\">\n\t\t\t\t\t<div class=\"e-con-inner\">\n\t\t<div class=\"elementor-element elementor-element-6891f51 e-con-full e-flex e-con e-child\" data-id=\"6891f51\" data-element_type=\"container\">\n\t\t\t\t<div class=\"elementor-element elementor-element-adff1c3 elementor-widget elementor-widget-text-editor\" data-id=\"adff1c3\" data-element_type=\"widget\" data-widget_type=\"text-editor.default\">\n\t\t\t\t<div class=\"elementor-widget-container\">\n\t\t\t\t\t\t\t\t\t<p>In diesem Bereich unserer Website stellen wir Ihnen unter anderem hochaufl\u00f6sendes Bildmaterial unserer Partner<\/p>\t\t\t\t\t\t\t\t<\/div>\n\t\t\t\t<\/div>\n\t\t\t\t<\/div>\n\t\t<div class=\"elementor-element elementor-element-bff4b4a e-con-full e-flex e-con e-child\" data-id=\"bff4b4a\" data-element_type=\"container\">\n\t\t\t\t<div class=\"elementor-element elementor-element-5e8a4dc elementor-widget elementor-widget-file-download\" data-id=\"5e8a4dc\" data-element_type=\"widget\" data-widget_type=\"file-download.default\">\n\t\t\t\t<div class=\"elementor-widget-container\">\n\t\t\t\t\t\n\t\t<div class=\"file-download-container\">\n\t\t\t<div class=\"file-download-container-row\">\n\t\t\t\t<div class=\"col col1\">\n\t\t\t\t\t<div class=\"img-wrapper\">\n\t\t\t\t\t\t<img decoding=\"async\" src=\"https:\/\/www.tpa-group.sk\/app\/uploads\/sites\/12\/2024\/03\/Paule-Ivan_880x1000-2.png\">\n\t\t\t\t\t<\/div>\n\t\t\t\t<\/div>\n\t\t\t\t<div class=\"col col2\">\n\t\t\t\t\t<h5 class=\"file-download-title\">Ivan Paule <\/h5>\n\n\t\t\t\t\t<div class=\"file-info-container\">\n\t\t\t\t\t\t\t\t\t\t\t\t\t<i aria-hidden=\"true\" class=\"fa6s fa6s-solid-file\"><\/i>\n\t\t\t\t\t\t\t\t\t\t\t\t<p class=\"file-size\">880x1000px<\/p>\n\t\t\t\t\t\t<p class=\"file-extension-type\">.JPG<\/p>\n\t\t\t\t\t<\/div>\n\t\t\t\t<\/div>\n\t\t\t\t<div class=\"col col3\">\n\t\t\t\t\t<div class=\"btn__wrapper download-btn-wrapper\">\n\t\t\t\t\t  \t<a href=\"https:\/\/www.tpa-group.sk\/app\/uploads\/sites\/12\/2024\/03\/Paule-Ivan_880x1000-2.png\" target=\"_blank\" class=\"btn btn__primary elementor-button download-btn\">\n\t\t\t\t\t  \t\tDownload\t\t\t\t\t  \t\t<i class=\"fa6s fa6s-solid-download\"><\/i>\t\n\t\t\t\t\t  \t<\/a>\n\t\t\t  \t\t\n\t\t\t\t\t<\/div>\n\t\t\t\t<\/div>\n\t\t\t<\/div>\n    \t<\/div>\n\n\t\t\t\t\t\t<\/div>\n\t\t\t\t<\/div>\n\t\t\t\t<\/div>\n\t\t<div class=\"elementor-element elementor-element-d1a1fdc e-con-full e-flex e-con e-child\" data-id=\"d1a1fdc\" data-element_type=\"container\">\n\t\t\t\t<div class=\"elementor-element elementor-element-ea723a7 elementor-widget elementor-widget-file-download\" data-id=\"ea723a7\" data-element_type=\"widget\" data-widget_type=\"file-download.default\">\n\t\t\t\t<div class=\"elementor-widget-container\">\n\t\t\t\t\t\n\t\t<div class=\"file-download-container\">\n\t\t\t<div class=\"file-download-container-row\">\n\t\t\t\t<div class=\"col col1\">\n\t\t\t\t\t<div class=\"img-wrapper\">\n\t\t\t\t\t\t<img decoding=\"async\" src=\"https:\/\/www.tpa-group.sk\/app\/uploads\/sites\/12\/2024\/03\/fotky_KO_web-2.png\">\n\t\t\t\t\t<\/div>\n\t\t\t\t<\/div>\n\t\t\t\t<div class=\"col col2\">\n\t\t\t\t\t<h5 class=\"file-download-title\">Peter \u010eanovsk\u00fd <\/h5>\n\n\t\t\t\t\t<div class=\"file-info-container\">\n\t\t\t\t\t\t\t\t\t\t\t\t\t<i aria-hidden=\"true\" class=\"fa6s fa6s-solid-file\"><\/i>\n\t\t\t\t\t\t\t\t\t\t\t\t<p class=\"file-size\">880x1000px<\/p>\n\t\t\t\t\t\t<p class=\"file-extension-type\">.JPG<\/p>\n\t\t\t\t\t<\/div>\n\t\t\t\t<\/div>\n\t\t\t\t<div class=\"col col3\">\n\t\t\t\t\t<div class=\"btn__wrapper download-btn-wrapper\">\n\t\t\t\t\t  \t<a href=\"https:\/\/www.tpa-group.sk\/app\/uploads\/sites\/12\/2024\/03\/fotky_KO_web-2.png\" target=\"_blank\" class=\"btn btn__primary elementor-button download-btn\">\n\t\t\t\t\t  \t\tDownload\t\t\t\t\t  \t\t<i class=\"fa6s fa6s-solid-download\"><\/i>\t\n\t\t\t\t\t  \t<\/a>\n\t\t\t  \t\t\n\t\t\t\t\t<\/div>\n\t\t\t\t<\/div>\n\t\t\t<\/div>\n    \t<\/div>\n\n\t\t\t\t\t\t<\/div>\n\t\t\t\t<\/div>\n\t\t\t\t<\/div>\n\t\t<div class=\"elementor-element elementor-element-e914d67 e-con-full e-flex e-con e-child\" data-id=\"e914d67\" data-element_type=\"container\">\n\t\t\t\t<div class=\"elementor-element elementor-element-aa938cd elementor-widget elementor-widget-file-download\" data-id=\"aa938cd\" data-element_type=\"widget\" data-widget_type=\"file-download.default\">\n\t\t\t\t<div class=\"elementor-widget-container\">\n\t\t\t\t\t\n\t\t<div class=\"file-download-container\">\n\t\t\t<div class=\"file-download-container-row\">\n\t\t\t\t<div class=\"col col1\">\n\t\t\t\t\t<div class=\"img-wrapper\">\n\t\t\t\t\t\t<img decoding=\"async\" src=\"https:\/\/www.tpa-group.sk\/app\/uploads\/sites\/12\/2024\/03\/Januskova-Maria_880x1000-2.png\">\n\t\t\t\t\t<\/div>\n\t\t\t\t<\/div>\n\t\t\t\t<div class=\"col col2\">\n\t\t\t\t\t<h5 class=\"file-download-title\">M\u00e1ria Janu\u0161kov\u00e1 <\/h5>\n\n\t\t\t\t\t<div class=\"file-info-container\">\n\t\t\t\t\t\t\t\t\t\t\t\t\t<i aria-hidden=\"true\" class=\"fa6s fa6s-solid-file\"><\/i>\n\t\t\t\t\t\t\t\t\t\t\t\t<p class=\"file-size\">880x1000px<\/p>\n\t\t\t\t\t\t<p class=\"file-extension-type\">.JPG<\/p>\n\t\t\t\t\t<\/div>\n\t\t\t\t<\/div>\n\t\t\t\t<div class=\"col col3\">\n\t\t\t\t\t<div class=\"btn__wrapper download-btn-wrapper\">\n\t\t\t\t\t  \t<a href=\"https:\/\/www.tpa-group.sk\/app\/uploads\/sites\/12\/2024\/03\/Januskova-Maria_880x1000-2.png\" target=\"_blank\" class=\"btn btn__primary elementor-button download-btn\">\n\t\t\t\t\t  \t\tDownload\t\t\t\t\t  \t\t<i class=\"fa6s fa6s-solid-download\"><\/i>\t\n\t\t\t\t\t  \t<\/a>\n\t\t\t  \t\t\n\t\t\t\t\t<\/div>\n\t\t\t\t<\/div>\n\t\t\t<\/div>\n    \t<\/div>\n\n\t\t\t\t\t\t<\/div>\n\t\t\t\t<\/div>\n\t\t\t\t<\/div>\n\t\t<div class=\"elementor-element elementor-element-901e523 e-con-full e-flex e-con e-child\" data-id=\"901e523\" data-element_type=\"container\">\n\t\t\t\t<div class=\"elementor-element elementor-element-3379c2e elementor-widget elementor-widget-file-download\" data-id=\"3379c2e\" data-element_type=\"widget\" data-widget_type=\"file-download.default\">\n\t\t\t\t<div class=\"elementor-widget-container\">\n\t\t\t\t\t\n\t\t<div class=\"file-download-container\">\n\t\t\t<div class=\"file-download-container-row\">\n\t\t\t\t<div class=\"col col1\">\n\t\t\t\t\t<div class=\"img-wrapper\">\n\t\t\t\t\t\t<img decoding=\"async\" src=\"https:\/\/www.tpa-group.sk\/app\/uploads\/sites\/12\/2024\/03\/Tobak-Juraj_880x1000-3.png\">\n\t\t\t\t\t<\/div>\n\t\t\t\t<\/div>\n\t\t\t\t<div class=\"col col2\">\n\t\t\t\t\t<h5 class=\"file-download-title\">Juraj Tob\u00e1k <\/h5>\n\n\t\t\t\t\t<div class=\"file-info-container\">\n\t\t\t\t\t\t\t\t\t\t\t\t\t<i aria-hidden=\"true\" class=\"fa6s fa6s-solid-file\"><\/i>\n\t\t\t\t\t\t\t\t\t\t\t\t<p class=\"file-size\">880x1000px<\/p>\n\t\t\t\t\t\t<p class=\"file-extension-type\">.JPG<\/p>\n\t\t\t\t\t<\/div>\n\t\t\t\t<\/div>\n\t\t\t\t<div class=\"col col3\">\n\t\t\t\t\t<div class=\"btn__wrapper download-btn-wrapper\">\n\t\t\t\t\t  \t<a href=\"https:\/\/www.tpa-group.sk\/app\/uploads\/sites\/12\/2024\/03\/Tobak-Juraj_880x1000-3.png\" target=\"_blank\" class=\"btn btn__primary elementor-button download-btn\">\n\t\t\t\t\t  \t\tDownload\t\t\t\t\t  \t\t<i class=\"fa6s fa6s-solid-download\"><\/i>\t\n\t\t\t\t\t  \t<\/a>\n\t\t\t  \t\t\n\t\t\t\t\t<\/div>\n\t\t\t\t<\/div>\n\t\t\t<\/div>\n    \t<\/div>\n\n\t\t\t\t\t\t<\/div>\n\t\t\t\t<\/div>\n\t\t\t\t<\/div>\n\t\t\t\t\t<\/div>\n\t\t\t\t<\/div>\n\t\t\t\t<\/div>\n\t\t","protected":false},"excerpt":{"rendered":"<p>Home |&nbsp; Bilder der Partner Bilder der Partner Fotos unserer TPA Partner der Slowakei zum Download. In diesem Bereich unserer Website stellen wir Ihnen unter anderem hochaufl\u00f6sendes Bildmaterial unserer Partner Ivan Paule 880x1000px .JPG Download Peter \u010eanovsk\u00fd 880x1000px .JPG Download M\u00e1ria Janu\u0161kov\u00e1 880x1000px .JPG Download Juraj Tob\u00e1k 880x1000px .JPG Download<\/p>\n","protected":false},"author":29,"featured_media":13255,"parent":0,"menu_order":0,"comment_status":"closed","ping_status":"closed","template":"elementor_header_footer","meta":{"_acf_changed":false,"footnotes":""},"class_list":["post-5519","page","type-page","status-publish","has-post-thumbnail","hentry"],"acf":[],"yoast_head":"<!-- This site is optimized with the Yoast SEO plugin v26.0 - https:\/\/yoast.com\/wordpress\/plugins\/seo\/ -->\n<title>Bilder der Partner - www.tpa-group.sk<\/title>\n<meta name=\"description\" content=\"Home |&nbsp; Bilder der Partner Bilder der Partner Fotos unserer TPA Partner der Slowakei zum Download.In diesem Bereich unserer Website stellen wir Ihnen\" \/>\n<meta name=\"robots\" content=\"index, follow, max-snippet:-1, max-image-preview:large, max-video-preview:-1\" \/>\n<link rel=\"canonical\" href=\"https:\/\/www.tpa-group.sk\/de\/bilder-der-partner\/\" \/>\n<meta property=\"og:locale\" content=\"de_DE\" \/>\n<meta property=\"og:type\" content=\"article\" \/>\n<meta property=\"og:title\" content=\"Bilder der Partner - www.tpa-group.sk\" \/>\n<meta property=\"og:description\" content=\"Home |&nbsp; Bilder der Partner Bilder der Partner Fotos unserer TPA Partner der Slowakei zum Download.In diesem Bereich unserer Website stellen wir Ihnen\" \/>\n<meta property=\"og:url\" content=\"https:\/\/www.tpa-group.sk\/de\/bilder-der-partner\/\" \/>\n<meta property=\"og:site_name\" content=\"www.tpa-group.sk\" \/>\n<meta property=\"article:modified_time\" content=\"2024-06-18T08:32:06+00:00\" \/>\n<meta property=\"og:image\" content=\"https:\/\/www.tpa-group.sk\/app\/uploads\/sites\/12\/2024\/03\/Paule-Ivan_880x1000-2.png\" \/>\n<meta name=\"twitter:card\" content=\"summary_large_image\" \/>\n<meta name=\"twitter:label1\" content=\"Est. reading time\" \/>\n\t<meta name=\"twitter:data1\" content=\"2 Minuten\" \/>\n<script type=\"application\/ld+json\" class=\"yoast-schema-graph\">{\"@context\":\"https:\/\/schema.org\",\"@graph\":[{\"@type\":\"WebPage\",\"@id\":\"https:\/\/www.tpa-group.sk\/de\/bilder-der-partner\/\",\"url\":\"https:\/\/www.tpa-group.sk\/de\/bilder-der-partner\/\",\"name\":\"Bilder der Partner - www.tpa-group.sk\",\"isPartOf\":{\"@id\":\"https:\/\/www.tpa-group.sk\/de\/#website\"},\"primaryImageOfPage\":{\"@id\":\"https:\/\/www.tpa-group.sk\/de\/bilder-der-partner\/#primaryimage\"},\"image\":{\"@id\":\"https:\/\/www.tpa-group.sk\/de\/bilder-der-partner\/#primaryimage\"},\"thumbnailUrl\":\"https:\/\/www.tpa-group.sk\/app\/uploads\/sites\/12\/2025\/04\/partneri.png\",\"datePublished\":\"2024-05-18T11:07:51+00:00\",\"dateModified\":\"2024-06-18T08:32:06+00:00\",\"description\":\"Home |&nbsp; Bilder der Partner Bilder der Partner Fotos unserer TPA Partner der Slowakei zum Download.In diesem Bereich unserer Website stellen wir Ihnen\",\"breadcrumb\":{\"@id\":\"https:\/\/www.tpa-group.sk\/de\/bilder-der-partner\/#breadcrumb\"},\"inLanguage\":\"de-DE\",\"potentialAction\":[{\"@type\":\"ReadAction\",\"target\":[\"https:\/\/www.tpa-group.sk\/de\/bilder-der-partner\/\"]}]},{\"@type\":\"ImageObject\",\"inLanguage\":\"de-DE\",\"@id\":\"https:\/\/www.tpa-group.sk\/de\/bilder-der-partner\/#primaryimage\",\"url\":\"https:\/\/www.tpa-group.sk\/app\/uploads\/sites\/12\/2025\/04\/partneri.png\",\"contentUrl\":\"https:\/\/www.tpa-group.sk\/app\/uploads\/sites\/12\/2025\/04\/partneri.png\",\"width\":2500,\"height\":1076},{\"@type\":\"BreadcrumbList\",\"@id\":\"https:\/\/www.tpa-group.sk\/de\/bilder-der-partner\/#breadcrumb\",\"itemListElement\":[{\"@type\":\"ListItem\",\"position\":1,\"name\":\"Home\",\"item\":\"https:\/\/www.tpa-group.sk\/de\/\"},{\"@type\":\"ListItem\",\"position\":2,\"name\":\"Bilder der Partner\"}]},{\"@type\":\"WebSite\",\"@id\":\"https:\/\/www.tpa-group.sk\/de\/#website\",\"url\":\"https:\/\/www.tpa-group.sk\/de\/\",\"name\":\"www.tpa-group.sk\",\"description\":\"\",\"publisher\":{\"@id\":\"https:\/\/www.tpa-group.sk\/de\/#organization\"},\"potentialAction\":[{\"@type\":\"SearchAction\",\"target\":{\"@type\":\"EntryPoint\",\"urlTemplate\":\"https:\/\/www.tpa-group.sk\/de\/?s={search_term_string}\"},\"query-input\":{\"@type\":\"PropertyValueSpecification\",\"valueRequired\":true,\"valueName\":\"search_term_string\"}}],\"inLanguage\":\"de-DE\"},{\"@type\":\"Organization\",\"@id\":\"https:\/\/www.tpa-group.sk\/de\/#organization\",\"name\":\"TPA Slovakia\",\"url\":\"https:\/\/www.tpa-group.sk\/de\/\",\"logo\":{\"@type\":\"ImageObject\",\"inLanguage\":\"de-DE\",\"@id\":\"https:\/\/www.tpa-group.sk\/de\/#\/schema\/logo\/image\/\",\"url\":\"https:\/\/www.tpa-group.sk\/app\/uploads\/sites\/12\/2025\/01\/tpa-logo-favicon.svg\",\"contentUrl\":\"https:\/\/www.tpa-group.sk\/app\/uploads\/sites\/12\/2025\/01\/tpa-logo-favicon.svg\",\"width\":110,\"height\":93,\"caption\":\"TPA Slovakia\"},\"image\":{\"@id\":\"https:\/\/www.tpa-group.sk\/de\/#\/schema\/logo\/image\/\"}}]}<\/script>\n<!-- \/ Yoast SEO plugin. -->","yoast_head_json":{"title":"Bilder der Partner - www.tpa-group.sk","description":"Home |&nbsp; Bilder der Partner Bilder der Partner Fotos unserer TPA Partner der Slowakei zum Download.In diesem Bereich unserer Website stellen wir Ihnen","robots":{"index":"index","follow":"follow","max-snippet":"max-snippet:-1","max-image-preview":"max-image-preview:large","max-video-preview":"max-video-preview:-1"},"canonical":"https:\/\/www.tpa-group.sk\/de\/bilder-der-partner\/","og_locale":"de_DE","og_type":"article","og_title":"Bilder der Partner - www.tpa-group.sk","og_description":"Home |&nbsp; Bilder der Partner Bilder der Partner Fotos unserer TPA Partner der Slowakei zum Download.In diesem Bereich unserer Website stellen wir Ihnen","og_url":"https:\/\/www.tpa-group.sk\/de\/bilder-der-partner\/","og_site_name":"www.tpa-group.sk","article_modified_time":"2024-06-18T08:32:06+00:00","og_image":[{"url":"https:\/\/www.tpa-group.sk\/app\/uploads\/sites\/12\/2024\/03\/Paule-Ivan_880x1000-2.png","type":"","width":"","height":""}],"twitter_card":"summary_large_image","twitter_misc":{"Est. reading time":"2 Minuten"},"schema":{"@context":"https:\/\/schema.org","@graph":[{"@type":"WebPage","@id":"https:\/\/www.tpa-group.sk\/de\/bilder-der-partner\/","url":"https:\/\/www.tpa-group.sk\/de\/bilder-der-partner\/","name":"Bilder der Partner - www.tpa-group.sk","isPartOf":{"@id":"https:\/\/www.tpa-group.sk\/de\/#website"},"primaryImageOfPage":{"@id":"https:\/\/www.tpa-group.sk\/de\/bilder-der-partner\/#primaryimage"},"image":{"@id":"https:\/\/www.tpa-group.sk\/de\/bilder-der-partner\/#primaryimage"},"thumbnailUrl":"https:\/\/www.tpa-group.sk\/app\/uploads\/sites\/12\/2025\/04\/partneri.png","datePublished":"2024-05-18T11:07:51+00:00","dateModified":"2024-06-18T08:32:06+00:00","description":"Home |&nbsp; Bilder der Partner Bilder der Partner Fotos unserer TPA Partner der Slowakei zum Download.In diesem Bereich unserer Website stellen wir Ihnen","breadcrumb":{"@id":"https:\/\/www.tpa-group.sk\/de\/bilder-der-partner\/#breadcrumb"},"inLanguage":"de-DE","potentialAction":[{"@type":"ReadAction","target":["https:\/\/www.tpa-group.sk\/de\/bilder-der-partner\/"]}]},{"@type":"ImageObject","inLanguage":"de-DE","@id":"https:\/\/www.tpa-group.sk\/de\/bilder-der-partner\/#primaryimage","url":"https:\/\/www.tpa-group.sk\/app\/uploads\/sites\/12\/2025\/04\/partneri.png","contentUrl":"https:\/\/www.tpa-group.sk\/app\/uploads\/sites\/12\/2025\/04\/partneri.png","width":2500,"height":1076},{"@type":"BreadcrumbList","@id":"https:\/\/www.tpa-group.sk\/de\/bilder-der-partner\/#breadcrumb","itemListElement":[{"@type":"ListItem","position":1,"name":"Home","item":"https:\/\/www.tpa-group.sk\/de\/"},{"@type":"ListItem","position":2,"name":"Bilder der Partner"}]},{"@type":"WebSite","@id":"https:\/\/www.tpa-group.sk\/de\/#website","url":"https:\/\/www.tpa-group.sk\/de\/","name":"www.tpa-group.sk","description":"","publisher":{"@id":"https:\/\/www.tpa-group.sk\/de\/#organization"},"potentialAction":[{"@type":"SearchAction","target":{"@type":"EntryPoint","urlTemplate":"https:\/\/www.tpa-group.sk\/de\/?s={search_term_string}"},"query-input":{"@type":"PropertyValueSpecification","valueRequired":true,"valueName":"search_term_string"}}],"inLanguage":"de-DE"},{"@type":"Organization","@id":"https:\/\/www.tpa-group.sk\/de\/#organization","name":"TPA Slovakia","url":"https:\/\/www.tpa-group.sk\/de\/","logo":{"@type":"ImageObject","inLanguage":"de-DE","@id":"https:\/\/www.tpa-group.sk\/de\/#\/schema\/logo\/image\/","url":"https:\/\/www.tpa-group.sk\/app\/uploads\/sites\/12\/2025\/01\/tpa-logo-favicon.svg","contentUrl":"https:\/\/www.tpa-group.sk\/app\/uploads\/sites\/12\/2025\/01\/tpa-logo-favicon.svg","width":110,"height":93,"caption":"TPA Slovakia"},"image":{"@id":"https:\/\/www.tpa-group.sk\/de\/#\/schema\/logo\/image\/"}}]}},"_links":{"self":[{"href":"https:\/\/www.tpa-group.sk\/de\/wp-json\/wp\/v2\/pages\/5519","targetHints":{"allow":["GET"]}}],"collection":[{"href":"https:\/\/www.tpa-group.sk\/de\/wp-json\/wp\/v2\/pages"}],"about":[{"href":"https:\/\/www.tpa-group.sk\/de\/wp-json\/wp\/v2\/types\/page"}],"author":[{"embeddable":true,"href":"https:\/\/www.tpa-group.sk\/de\/wp-json\/wp\/v2\/users\/29"}],"replies":[{"embeddable":true,"href":"https:\/\/www.tpa-group.sk\/de\/wp-json\/wp\/v2\/comments?post=5519"}],"version-history":[{"count":7,"href":"https:\/\/www.tpa-group.sk\/de\/wp-json\/wp\/v2\/pages\/5519\/revisions"}],"predecessor-version":[{"id":6364,"href":"https:\/\/www.tpa-group.sk\/de\/wp-json\/wp\/v2\/pages\/5519\/revisions\/6364"}],"wp:featuredmedia":[{"embeddable":true,"href":"https:\/\/www.tpa-group.sk\/de\/wp-json\/wp\/v2\/media\/13255"}],"wp:attachment":[{"href":"https:\/\/www.tpa-group.sk\/de\/wp-json\/wp\/v2\/media?parent=5519"}],"curies":[{"name":"wp","href":"https:\/\/api.w.org\/{rel}","templated":true}]}}