{"id":5544,"date":"2024-05-18T11:23:34","date_gmt":"2024-05-18T11:23:34","guid":{"rendered":"https:\/\/www.tpa-group.sk\/loga\/"},"modified":"2024-05-23T10:31:20","modified_gmt":"2024-05-23T10:31:20","slug":"logos","status":"publish","type":"page","link":"https:\/\/www.tpa-group.sk\/de\/logos\/","title":{"rendered":"Logos"},"content":{"rendered":"\t\t<div data-elementor-type=\"wp-page\" data-elementor-id=\"5544\" class=\"elementor elementor-5544 elementor-5528\" data-elementor-post-type=\"page\">\n\t\t\t\t\t\t<section class=\"elementor-section elementor-top-section elementor-element elementor-element-3d6ecf4 hero-banner elementor-section-boxed elementor-section-height-default elementor-section-height-default\" data-id=\"3d6ecf4\" data-element_type=\"section\">\n\t\t\t\t\t\t<div class=\"elementor-container elementor-column-gap-default\">\n\t\t\t\t\t<div class=\"elementor-column elementor-col-100 elementor-top-column elementor-element elementor-element-4acc027\" data-id=\"4acc027\" data-element_type=\"column\">\n\t\t\t<div class=\"elementor-widget-wrap elementor-element-populated\">\n\t\t\t\t\t\t<section class=\"elementor-section elementor-inner-section elementor-element elementor-element-efee693 hero-banner-breadcrumbs-container elementor-section-boxed elementor-section-height-default elementor-section-height-default\" data-id=\"efee693\" data-element_type=\"section\">\n\t\t\t\t\t\t<div class=\"elementor-container elementor-column-gap-default\">\n\t\t\t\t\t<div class=\"elementor-column elementor-col-100 elementor-inner-column elementor-element elementor-element-e0a65ce\" data-id=\"e0a65ce\" data-element_type=\"column\">\n\t\t\t<div class=\"elementor-widget-wrap elementor-element-populated\">\n\t\t\t\t\t\t<div class=\"elementor-element elementor-element-2cf9884 elementor-widget elementor-widget-heading\" data-id=\"2cf9884\" data-element_type=\"widget\" data-widget_type=\"heading.default\">\n\t\t\t\t<div class=\"elementor-widget-container\">\n\t\t\t\t\t<p class=\"elementor-heading-title elementor-size-default\"><a href=\"\/\">Home |&nbsp;<\/a><\/p>\t\t\t\t<\/div>\n\t\t\t\t<\/div>\n\t\t\t\t<div class=\"elementor-element elementor-element-8300309 elementor-widget elementor-widget-heading\" data-id=\"8300309\" data-element_type=\"widget\" data-widget_type=\"heading.default\">\n\t\t\t\t<div class=\"elementor-widget-container\">\n\t\t\t\t\t<p class=\"elementor-heading-title elementor-size-default\">Logos<\/p>\t\t\t\t<\/div>\n\t\t\t\t<\/div>\n\t\t\t\t\t<\/div>\n\t\t<\/div>\n\t\t\t\t\t<\/div>\n\t\t<\/section>\n\t\t\t\t<div class=\"elementor-element elementor-element-8a279c3 elementor-widget elementor-widget-heading\" data-id=\"8a279c3\" data-element_type=\"widget\" data-widget_type=\"heading.default\">\n\t\t\t\t<div class=\"elementor-widget-container\">\n\t\t\t\t\t<h2 class=\"elementor-heading-title elementor-size-default\">Logos<\/h2>\t\t\t\t<\/div>\n\t\t\t\t<\/div>\n\t\t\t\t<div class=\"elementor-element elementor-element-3fccac8 elementor-widget__width-initial elementor-widget-tablet__width-inherit elementor-widget-mobile__width-inherit elementor-widget elementor-widget-text-editor\" data-id=\"3fccac8\" data-element_type=\"widget\" data-widget_type=\"text-editor.default\">\n\t\t\t\t<div class=\"elementor-widget-container\">\n\t\t\t\t\t\t\t\t\t<p>TPA Logos zum Download.<\/p>\t\t\t\t\t\t\t\t<\/div>\n\t\t\t\t<\/div>\n\t\t\t\t\t<\/div>\n\t\t<\/div>\n\t\t\t\t\t<\/div>\n\t\t<\/section>\n\t\t<div class=\"elementor-element elementor-element-56f1d80 page-content-container e-flex e-con-boxed e-con e-parent\" data-id=\"56f1d80\" data-element_type=\"container\" data-settings=\"{&quot;background_background&quot;:&quot;classic&quot;}\">\n\t\t\t\t\t<div class=\"e-con-inner\">\n\t\t<div class=\"elementor-element elementor-element-6891f51 e-con-full e-flex e-con e-child\" data-id=\"6891f51\" data-element_type=\"container\">\n\t\t\t\t<div class=\"elementor-element elementor-element-adff1c3 elementor-widget elementor-widget-text-editor\" data-id=\"adff1c3\" data-element_type=\"widget\" data-widget_type=\"text-editor.default\">\n\t\t\t\t<div class=\"elementor-widget-container\">\n\t\t\t\t\t\t\t\t\t<p>In diesem Bereich unserer Website stellen wir Ihnen unser Logo zum Download zur Verf\u00fcgung.<\/p>\t\t\t\t\t\t\t\t<\/div>\n\t\t\t\t<\/div>\n\t\t\t\t<\/div>\n\t\t<div class=\"elementor-element elementor-element-bff4b4a e-con-full e-flex e-con e-child\" data-id=\"bff4b4a\" data-element_type=\"container\">\n\t\t\t\t<div class=\"elementor-element elementor-element-5e8a4dc elementor-widget elementor-widget-file-download\" data-id=\"5e8a4dc\" data-element_type=\"widget\" data-widget_type=\"file-download.default\">\n\t\t\t\t<div class=\"elementor-widget-container\">\n\t\t\t\t\t\n\t\t<div class=\"file-download-container\">\n\t\t\t<div class=\"file-download-container-row\">\n\t\t\t\t<div class=\"col col1\">\n\t\t\t\t\t<div class=\"img-wrapper\">\n\t\t\t\t\t\t<img decoding=\"async\" src=\"https:\/\/www.tpa-group.sk\/app\/uploads\/sites\/12\/2024\/05\/tpa_logo_solo_weiss.png\">\n\t\t\t\t\t<\/div>\n\t\t\t\t<\/div>\n\t\t\t\t<div class=\"col col2\">\n\t\t\t\t\t<h5 class=\"file-download-title\">Logo weiss <\/h5>\n\n\t\t\t\t\t<div class=\"file-info-container\">\n\t\t\t\t\t\t\t\t\t\t\t\t\t<i aria-hidden=\"true\" class=\"fa6s fa6s-solid-file\"><\/i>\n\t\t\t\t\t\t\t\t\t\t\t\t<p class=\"file-size\">1890x1583px<\/p>\n\t\t\t\t\t\t<p class=\"file-extension-type\">.PNG<\/p>\n\t\t\t\t\t<\/div>\n\t\t\t\t<\/div>\n\t\t\t\t<div class=\"col col3\">\n\t\t\t\t\t<div class=\"btn__wrapper download-btn-wrapper\">\n\t\t\t\t\t  \t<a href=\"\/app\/uploads\/sites\/12\/2024\/05\/tpa_logo_solo_weiss.png\" target=\"_blank\" class=\"btn btn__primary elementor-button download-btn\">\n\t\t\t\t\t  \t\tDownload\t\t\t\t\t  \t\t<i class=\"fa6s fa6s-solid-download\"><\/i>\t\n\t\t\t\t\t  \t<\/a>\n\t\t\t  \t\t\n\t\t\t\t\t<\/div>\n\t\t\t\t<\/div>\n\t\t\t<\/div>\n    \t<\/div>\n\n\t\t\t\t\t\t<\/div>\n\t\t\t\t<\/div>\n\t\t\t\t<\/div>\n\t\t<div class=\"elementor-element elementor-element-d1a1fdc e-con-full e-flex e-con e-child\" data-id=\"d1a1fdc\" data-element_type=\"container\">\n\t\t\t\t<div class=\"elementor-element elementor-element-ea723a7 elementor-widget elementor-widget-file-download\" data-id=\"ea723a7\" data-element_type=\"widget\" data-widget_type=\"file-download.default\">\n\t\t\t\t<div class=\"elementor-widget-container\">\n\t\t\t\t\t\n\t\t<div class=\"file-download-container\">\n\t\t\t<div class=\"file-download-container-row\">\n\t\t\t\t<div class=\"col col1\">\n\t\t\t\t\t<div class=\"img-wrapper\">\n\t\t\t\t\t\t<img decoding=\"async\" src=\"https:\/\/www.tpa-group.sk\/app\/uploads\/sites\/12\/2024\/05\/TPA_Logo_Solo_4c-gros.jpg\">\n\t\t\t\t\t<\/div>\n\t\t\t\t<\/div>\n\t\t\t\t<div class=\"col col2\">\n\t\t\t\t\t<h5 class=\"file-download-title\">Logo gr\u00fcn <\/h5>\n\n\t\t\t\t\t<div class=\"file-info-container\">\n\t\t\t\t\t\t\t\t\t\t\t\t\t<i aria-hidden=\"true\" class=\"fa6s fa6s-solid-file\"><\/i>\n\t\t\t\t\t\t\t\t\t\t\t\t<p class=\"file-size\">1890x1583px<\/p>\n\t\t\t\t\t\t<p class=\"file-extension-type\">.JPG<\/p>\n\t\t\t\t\t<\/div>\n\t\t\t\t<\/div>\n\t\t\t\t<div class=\"col col3\">\n\t\t\t\t\t<div class=\"btn__wrapper download-btn-wrapper\">\n\t\t\t\t\t  \t<a href=\"\/app\/uploads\/sites\/12\/2024\/05\/TPA_Logo_Solo_4c-gros.jpg\" target=\"_blank\" class=\"btn btn__primary elementor-button download-btn\">\n\t\t\t\t\t  \t\tDownload\t\t\t\t\t  \t\t<i class=\"fa6s fa6s-solid-download\"><\/i>\t\n\t\t\t\t\t  \t<\/a>\n\t\t\t  \t\t\n\t\t\t\t\t<\/div>\n\t\t\t\t<\/div>\n\t\t\t<\/div>\n    \t<\/div>\n\n\t\t\t\t\t\t<\/div>\n\t\t\t\t<\/div>\n\t\t\t\t<\/div>\n\t\t<div class=\"elementor-element elementor-element-e914d67 e-con-full e-flex e-con e-child\" data-id=\"e914d67\" data-element_type=\"container\">\n\t\t\t\t<div class=\"elementor-element elementor-element-aa938cd elementor-widget elementor-widget-file-download\" data-id=\"aa938cd\" data-element_type=\"widget\" data-widget_type=\"file-download.default\">\n\t\t\t\t<div class=\"elementor-widget-container\">\n\t\t\t\t\t\n\t\t<div class=\"file-download-container\">\n\t\t\t<div class=\"file-download-container-row\">\n\t\t\t\t<div class=\"col col1\">\n\t\t\t\t\t<div class=\"img-wrapper\">\n\t\t\t\t\t\t<img decoding=\"async\" src=\"https:\/\/www.tpa-group.sk\/app\/uploads\/sites\/12\/2024\/05\/tpa_logo_solo_schwarz.jpg\">\n\t\t\t\t\t<\/div>\n\t\t\t\t<\/div>\n\t\t\t\t<div class=\"col col2\">\n\t\t\t\t\t<h5 class=\"file-download-title\">Logo schwarz <\/h5>\n\n\t\t\t\t\t<div class=\"file-info-container\">\n\t\t\t\t\t\t\t\t\t\t\t\t\t<i aria-hidden=\"true\" class=\"fa6s fa6s-solid-file\"><\/i>\n\t\t\t\t\t\t\t\t\t\t\t\t<p class=\"file-size\">1890x1583px<\/p>\n\t\t\t\t\t\t<p class=\"file-extension-type\">.JPG<\/p>\n\t\t\t\t\t<\/div>\n\t\t\t\t<\/div>\n\t\t\t\t<div class=\"col col3\">\n\t\t\t\t\t<div class=\"btn__wrapper download-btn-wrapper\">\n\t\t\t\t\t  \t<a href=\"\/app\/uploads\/sites\/12\/2024\/05\/tpa_logo_solo_schwarz.jpg\" target=\"_blank\" class=\"btn btn__primary elementor-button download-btn\">\n\t\t\t\t\t  \t\tDownload\t\t\t\t\t  \t\t<i class=\"fa6s fa6s-solid-download\"><\/i>\t\n\t\t\t\t\t  \t<\/a>\n\t\t\t  \t\t\n\t\t\t\t\t<\/div>\n\t\t\t\t<\/div>\n\t\t\t<\/div>\n    \t<\/div>\n\n\t\t\t\t\t\t<\/div>\n\t\t\t\t<\/div>\n\t\t\t\t<\/div>\n\t\t<div class=\"elementor-element elementor-element-901e523 e-con-full e-flex e-con e-child\" data-id=\"901e523\" data-element_type=\"container\">\n\t\t\t\t<div class=\"elementor-element elementor-element-3379c2e elementor-widget elementor-widget-file-download\" data-id=\"3379c2e\" data-element_type=\"widget\" data-widget_type=\"file-download.default\">\n\t\t\t\t<div class=\"elementor-widget-container\">\n\t\t\t\t\t\n\t\t<div class=\"file-download-container\">\n\t\t\t<div class=\"file-download-container-row\">\n\t\t\t\t<div class=\"col col1\">\n\t\t\t\t\t<div class=\"img-wrapper\">\n\t\t\t\t\t\t<img decoding=\"async\" src=\"https:\/\/www.tpa-group.sk\/app\/uploads\/sites\/12\/2024\/05\/TPA_Logo_ohne-Hintergrund-signatur-109x92-1.jpg\">\n\t\t\t\t\t<\/div>\n\t\t\t\t<\/div>\n\t\t\t\t<div class=\"col col2\">\n\t\t\t\t\t<h5 class=\"file-download-title\">Logo gr\u00fcn transparent <\/h5>\n\n\t\t\t\t\t<div class=\"file-info-container\">\n\t\t\t\t\t\t\t\t\t\t\t\t\t<i aria-hidden=\"true\" class=\"fa6s fa6s-solid-file\"><\/i>\n\t\t\t\t\t\t\t\t\t\t\t\t<p class=\"file-size\">109x92px<\/p>\n\t\t\t\t\t\t<p class=\"file-extension-type\">.JPG<\/p>\n\t\t\t\t\t<\/div>\n\t\t\t\t<\/div>\n\t\t\t\t<div class=\"col col3\">\n\t\t\t\t\t<div class=\"btn__wrapper download-btn-wrapper\">\n\t\t\t\t\t  \t<a href=\"\/app\/uploads\/sites\/12\/2024\/05\/TPA_Logo_ohne-Hintergrund-signatur-109x92-1.jpg\" target=\"_blank\" class=\"btn btn__primary elementor-button download-btn\">\n\t\t\t\t\t  \t\tDownload\t\t\t\t\t  \t\t<i class=\"fa6s fa6s-solid-download\"><\/i>\t\n\t\t\t\t\t  \t<\/a>\n\t\t\t  \t\t\n\t\t\t\t\t<\/div>\n\t\t\t\t<\/div>\n\t\t\t<\/div>\n    \t<\/div>\n\n\t\t\t\t\t\t<\/div>\n\t\t\t\t<\/div>\n\t\t\t\t<\/div>\n\t\t\t\t\t<\/div>\n\t\t\t\t<\/div>\n\t\t\t\t<\/div>\n\t\t","protected":false},"excerpt":{"rendered":"<p>Home |&nbsp; Logos Logos TPA Logos zum Download. In diesem Bereich unserer Website stellen wir Ihnen unser Logo zum Download zur Verf\u00fcgung. Logo weiss 1890x1583px .PNG Download Logo gr\u00fcn 1890x1583px .JPG Download Logo schwarz 1890x1583px .JPG Download Logo gr\u00fcn transparent 109x92px .JPG Download<\/p>\n","protected":false},"author":29,"featured_media":11790,"parent":0,"menu_order":0,"comment_status":"closed","ping_status":"closed","template":"elementor_header_footer","meta":{"_acf_changed":false,"footnotes":""},"class_list":["post-5544","page","type-page","status-publish","has-post-thumbnail","hentry"],"acf":[],"yoast_head":"<!-- This site is optimized with the Yoast SEO plugin v26.0 - https:\/\/yoast.com\/wordpress\/plugins\/seo\/ -->\n<title>Logos - www.tpa-group.sk<\/title>\n<meta name=\"description\" content=\"Home |&nbsp; Logos Logos TPA Logos zum Download.In diesem Bereich unserer Website stellen wir Ihnen unser Logo zum Download zur Verf\u00fcgung. Logo weiss\" \/>\n<meta name=\"robots\" content=\"index, follow, max-snippet:-1, max-image-preview:large, max-video-preview:-1\" \/>\n<link rel=\"canonical\" href=\"https:\/\/www.tpa-group.sk\/de\/logos\/\" \/>\n<meta property=\"og:locale\" content=\"de_DE\" \/>\n<meta property=\"og:type\" content=\"article\" \/>\n<meta property=\"og:title\" content=\"Logos - www.tpa-group.sk\" \/>\n<meta property=\"og:description\" content=\"Home |&nbsp; Logos Logos TPA Logos zum Download.In diesem Bereich unserer Website stellen wir Ihnen unser Logo zum Download zur Verf\u00fcgung. Logo weiss\" \/>\n<meta property=\"og:url\" content=\"https:\/\/www.tpa-group.sk\/de\/logos\/\" \/>\n<meta property=\"og:site_name\" content=\"www.tpa-group.sk\" \/>\n<meta property=\"article:modified_time\" content=\"2024-05-23T10:31:20+00:00\" \/>\n<meta property=\"og:image\" content=\"https:\/\/www.tpa-group.sk\/app\/uploads\/sites\/12\/2024\/05\/tpa_logo_solo_weiss.png\" \/>\n<meta name=\"twitter:card\" content=\"summary_large_image\" \/>\n<meta name=\"twitter:label1\" content=\"Est. reading time\" \/>\n\t<meta name=\"twitter:data1\" content=\"2 Minuten\" \/>\n<script type=\"application\/ld+json\" class=\"yoast-schema-graph\">{\"@context\":\"https:\/\/schema.org\",\"@graph\":[{\"@type\":\"WebPage\",\"@id\":\"https:\/\/www.tpa-group.sk\/de\/logos\/\",\"url\":\"https:\/\/www.tpa-group.sk\/de\/logos\/\",\"name\":\"Logos - www.tpa-group.sk\",\"isPartOf\":{\"@id\":\"https:\/\/www.tpa-group.sk\/de\/#website\"},\"primaryImageOfPage\":{\"@id\":\"https:\/\/www.tpa-group.sk\/de\/logos\/#primaryimage\"},\"image\":{\"@id\":\"https:\/\/www.tpa-group.sk\/de\/logos\/#primaryimage\"},\"thumbnailUrl\":\"https:\/\/www.tpa-group.sk\/app\/uploads\/sites\/12\/2025\/01\/TPA_Logo_Solo_4c_green-on-white-1.jpg\",\"datePublished\":\"2024-05-18T11:23:34+00:00\",\"dateModified\":\"2024-05-23T10:31:20+00:00\",\"description\":\"Home |&nbsp; Logos Logos TPA Logos zum Download.In diesem Bereich unserer Website stellen wir Ihnen unser Logo zum Download zur Verf\u00fcgung. Logo weiss\",\"breadcrumb\":{\"@id\":\"https:\/\/www.tpa-group.sk\/de\/logos\/#breadcrumb\"},\"inLanguage\":\"de-DE\",\"potentialAction\":[{\"@type\":\"ReadAction\",\"target\":[\"https:\/\/www.tpa-group.sk\/de\/logos\/\"]}]},{\"@type\":\"ImageObject\",\"inLanguage\":\"de-DE\",\"@id\":\"https:\/\/www.tpa-group.sk\/de\/logos\/#primaryimage\",\"url\":\"https:\/\/www.tpa-group.sk\/app\/uploads\/sites\/12\/2025\/01\/TPA_Logo_Solo_4c_green-on-white-1.jpg\",\"contentUrl\":\"https:\/\/www.tpa-group.sk\/app\/uploads\/sites\/12\/2025\/01\/TPA_Logo_Solo_4c_green-on-white-1.jpg\",\"width\":1890,\"height\":1583},{\"@type\":\"BreadcrumbList\",\"@id\":\"https:\/\/www.tpa-group.sk\/de\/logos\/#breadcrumb\",\"itemListElement\":[{\"@type\":\"ListItem\",\"position\":1,\"name\":\"Home\",\"item\":\"https:\/\/www.tpa-group.sk\/de\/\"},{\"@type\":\"ListItem\",\"position\":2,\"name\":\"Logos\"}]},{\"@type\":\"WebSite\",\"@id\":\"https:\/\/www.tpa-group.sk\/de\/#website\",\"url\":\"https:\/\/www.tpa-group.sk\/de\/\",\"name\":\"www.tpa-group.sk\",\"description\":\"\",\"publisher\":{\"@id\":\"https:\/\/www.tpa-group.sk\/de\/#organization\"},\"potentialAction\":[{\"@type\":\"SearchAction\",\"target\":{\"@type\":\"EntryPoint\",\"urlTemplate\":\"https:\/\/www.tpa-group.sk\/de\/?s={search_term_string}\"},\"query-input\":{\"@type\":\"PropertyValueSpecification\",\"valueRequired\":true,\"valueName\":\"search_term_string\"}}],\"inLanguage\":\"de-DE\"},{\"@type\":\"Organization\",\"@id\":\"https:\/\/www.tpa-group.sk\/de\/#organization\",\"name\":\"TPA Slovakia\",\"url\":\"https:\/\/www.tpa-group.sk\/de\/\",\"logo\":{\"@type\":\"ImageObject\",\"inLanguage\":\"de-DE\",\"@id\":\"https:\/\/www.tpa-group.sk\/de\/#\/schema\/logo\/image\/\",\"url\":\"https:\/\/www.tpa-group.sk\/app\/uploads\/sites\/12\/2025\/01\/tpa-logo-favicon.svg\",\"contentUrl\":\"https:\/\/www.tpa-group.sk\/app\/uploads\/sites\/12\/2025\/01\/tpa-logo-favicon.svg\",\"width\":110,\"height\":93,\"caption\":\"TPA Slovakia\"},\"image\":{\"@id\":\"https:\/\/www.tpa-group.sk\/de\/#\/schema\/logo\/image\/\"}}]}<\/script>\n<!-- \/ Yoast SEO plugin. -->","yoast_head_json":{"title":"Logos - www.tpa-group.sk","description":"Home |&nbsp; Logos Logos TPA Logos zum Download.In diesem Bereich unserer Website stellen wir Ihnen unser Logo zum Download zur Verf\u00fcgung. Logo weiss","robots":{"index":"index","follow":"follow","max-snippet":"max-snippet:-1","max-image-preview":"max-image-preview:large","max-video-preview":"max-video-preview:-1"},"canonical":"https:\/\/www.tpa-group.sk\/de\/logos\/","og_locale":"de_DE","og_type":"article","og_title":"Logos - www.tpa-group.sk","og_description":"Home |&nbsp; Logos Logos TPA Logos zum Download.In diesem Bereich unserer Website stellen wir Ihnen unser Logo zum Download zur Verf\u00fcgung. Logo weiss","og_url":"https:\/\/www.tpa-group.sk\/de\/logos\/","og_site_name":"www.tpa-group.sk","article_modified_time":"2024-05-23T10:31:20+00:00","og_image":[{"url":"https:\/\/www.tpa-group.sk\/app\/uploads\/sites\/12\/2024\/05\/tpa_logo_solo_weiss.png","type":"","width":"","height":""}],"twitter_card":"summary_large_image","twitter_misc":{"Est. reading time":"2 Minuten"},"schema":{"@context":"https:\/\/schema.org","@graph":[{"@type":"WebPage","@id":"https:\/\/www.tpa-group.sk\/de\/logos\/","url":"https:\/\/www.tpa-group.sk\/de\/logos\/","name":"Logos - www.tpa-group.sk","isPartOf":{"@id":"https:\/\/www.tpa-group.sk\/de\/#website"},"primaryImageOfPage":{"@id":"https:\/\/www.tpa-group.sk\/de\/logos\/#primaryimage"},"image":{"@id":"https:\/\/www.tpa-group.sk\/de\/logos\/#primaryimage"},"thumbnailUrl":"https:\/\/www.tpa-group.sk\/app\/uploads\/sites\/12\/2025\/01\/TPA_Logo_Solo_4c_green-on-white-1.jpg","datePublished":"2024-05-18T11:23:34+00:00","dateModified":"2024-05-23T10:31:20+00:00","description":"Home |&nbsp; Logos Logos TPA Logos zum Download.In diesem Bereich unserer Website stellen wir Ihnen unser Logo zum Download zur Verf\u00fcgung. Logo weiss","breadcrumb":{"@id":"https:\/\/www.tpa-group.sk\/de\/logos\/#breadcrumb"},"inLanguage":"de-DE","potentialAction":[{"@type":"ReadAction","target":["https:\/\/www.tpa-group.sk\/de\/logos\/"]}]},{"@type":"ImageObject","inLanguage":"de-DE","@id":"https:\/\/www.tpa-group.sk\/de\/logos\/#primaryimage","url":"https:\/\/www.tpa-group.sk\/app\/uploads\/sites\/12\/2025\/01\/TPA_Logo_Solo_4c_green-on-white-1.jpg","contentUrl":"https:\/\/www.tpa-group.sk\/app\/uploads\/sites\/12\/2025\/01\/TPA_Logo_Solo_4c_green-on-white-1.jpg","width":1890,"height":1583},{"@type":"BreadcrumbList","@id":"https:\/\/www.tpa-group.sk\/de\/logos\/#breadcrumb","itemListElement":[{"@type":"ListItem","position":1,"name":"Home","item":"https:\/\/www.tpa-group.sk\/de\/"},{"@type":"ListItem","position":2,"name":"Logos"}]},{"@type":"WebSite","@id":"https:\/\/www.tpa-group.sk\/de\/#website","url":"https:\/\/www.tpa-group.sk\/de\/","name":"www.tpa-group.sk","description":"","publisher":{"@id":"https:\/\/www.tpa-group.sk\/de\/#organization"},"potentialAction":[{"@type":"SearchAction","target":{"@type":"EntryPoint","urlTemplate":"https:\/\/www.tpa-group.sk\/de\/?s={search_term_string}"},"query-input":{"@type":"PropertyValueSpecification","valueRequired":true,"valueName":"search_term_string"}}],"inLanguage":"de-DE"},{"@type":"Organization","@id":"https:\/\/www.tpa-group.sk\/de\/#organization","name":"TPA Slovakia","url":"https:\/\/www.tpa-group.sk\/de\/","logo":{"@type":"ImageObject","inLanguage":"de-DE","@id":"https:\/\/www.tpa-group.sk\/de\/#\/schema\/logo\/image\/","url":"https:\/\/www.tpa-group.sk\/app\/uploads\/sites\/12\/2025\/01\/tpa-logo-favicon.svg","contentUrl":"https:\/\/www.tpa-group.sk\/app\/uploads\/sites\/12\/2025\/01\/tpa-logo-favicon.svg","width":110,"height":93,"caption":"TPA Slovakia"},"image":{"@id":"https:\/\/www.tpa-group.sk\/de\/#\/schema\/logo\/image\/"}}]}},"_links":{"self":[{"href":"https:\/\/www.tpa-group.sk\/de\/wp-json\/wp\/v2\/pages\/5544","targetHints":{"allow":["GET"]}}],"collection":[{"href":"https:\/\/www.tpa-group.sk\/de\/wp-json\/wp\/v2\/pages"}],"about":[{"href":"https:\/\/www.tpa-group.sk\/de\/wp-json\/wp\/v2\/types\/page"}],"author":[{"embeddable":true,"href":"https:\/\/www.tpa-group.sk\/de\/wp-json\/wp\/v2\/users\/29"}],"replies":[{"embeddable":true,"href":"https:\/\/www.tpa-group.sk\/de\/wp-json\/wp\/v2\/comments?post=5544"}],"version-history":[{"count":7,"href":"https:\/\/www.tpa-group.sk\/de\/wp-json\/wp\/v2\/pages\/5544\/revisions"}],"predecessor-version":[{"id":5864,"href":"https:\/\/www.tpa-group.sk\/de\/wp-json\/wp\/v2\/pages\/5544\/revisions\/5864"}],"wp:featuredmedia":[{"embeddable":true,"href":"https:\/\/www.tpa-group.sk\/de\/wp-json\/wp\/v2\/media\/11790"}],"wp:attachment":[{"href":"https:\/\/www.tpa-group.sk\/de\/wp-json\/wp\/v2\/media?parent=5544"}],"curies":[{"name":"wp","href":"https:\/\/api.w.org\/{rel}","templated":true}]}}