{"id":3954,"date":"2024-04-11T12:43:31","date_gmt":"2024-04-11T12:43:31","guid":{"rendered":"https:\/\/www.tpa-group.sk\/about-us\/suhlas-so-spracuvanim-osobnych-udajov-marketingove-ucely\/"},"modified":"2025-07-09T08:37:52","modified_gmt":"2025-07-09T08:37:52","slug":"grating-consent-with-personal-data-processing","status":"publish","type":"page","link":"https:\/\/www.tpa-group.sk\/en\/about-us\/grating-consent-with-personal-data-processing\/","title":{"rendered":"Grating consent with personal data processing"},"content":{"rendered":"\t\t<div data-elementor-type=\"wp-page\" data-elementor-id=\"3954\" class=\"elementor elementor-3954 elementor-3816\" data-elementor-post-type=\"page\">\n\t\t\t\t\t\t<section class=\"elementor-section elementor-top-section elementor-element elementor-element-3d6ecf4 hero-banner elementor-section-boxed elementor-section-height-default elementor-section-height-default\" data-id=\"3d6ecf4\" data-element_type=\"section\">\n\t\t\t\t\t\t<div class=\"elementor-container elementor-column-gap-default\">\n\t\t\t\t\t<div class=\"elementor-column elementor-col-100 elementor-top-column elementor-element elementor-element-4acc027\" data-id=\"4acc027\" data-element_type=\"column\">\n\t\t\t<div class=\"elementor-widget-wrap elementor-element-populated\">\n\t\t\t\t\t\t<section class=\"elementor-section elementor-inner-section elementor-element elementor-element-efee693 hero-banner-breadcrumbs-container elementor-section-boxed elementor-section-height-default elementor-section-height-default\" data-id=\"efee693\" data-element_type=\"section\">\n\t\t\t\t\t\t<div class=\"elementor-container elementor-column-gap-default\">\n\t\t\t\t\t<div class=\"elementor-column elementor-col-100 elementor-inner-column elementor-element elementor-element-e0a65ce\" data-id=\"e0a65ce\" data-element_type=\"column\">\n\t\t\t<div class=\"elementor-widget-wrap elementor-element-populated\">\n\t\t\t\t\t\t<div class=\"elementor-element elementor-element-2cf9884 elementor-widget elementor-widget-heading\" data-id=\"2cf9884\" data-element_type=\"widget\" data-widget_type=\"heading.default\">\n\t\t\t\t<div class=\"elementor-widget-container\">\n\t\t\t\t\t<p class=\"elementor-heading-title elementor-size-default\"><a href=\"\/\">Home |&nbsp;<\/a><\/p>\t\t\t\t<\/div>\n\t\t\t\t<\/div>\n\t\t\t\t<div class=\"elementor-element elementor-element-8300309 elementor-widget elementor-widget-heading\" data-id=\"8300309\" data-element_type=\"widget\" data-widget_type=\"heading.default\">\n\t\t\t\t<div class=\"elementor-widget-container\">\n\t\t\t\t\t<p class=\"elementor-heading-title elementor-size-default\">Grating consent with personal data processing<\/p>\t\t\t\t<\/div>\n\t\t\t\t<\/div>\n\t\t\t\t\t<\/div>\n\t\t<\/div>\n\t\t\t\t\t<\/div>\n\t\t<\/section>\n\t\t\t\t<div class=\"elementor-element elementor-element-8a279c3 elementor-widget elementor-widget-heading\" data-id=\"8a279c3\" data-element_type=\"widget\" data-widget_type=\"heading.default\">\n\t\t\t\t<div class=\"elementor-widget-container\">\n\t\t\t\t\t<h1 class=\"elementor-heading-title elementor-size-default\">Grating consent with personal data processing<\/h1>\t\t\t\t<\/div>\n\t\t\t\t<\/div>\n\t\t\t\t\t<\/div>\n\t\t<\/div>\n\t\t\t\t\t<\/div>\n\t\t<\/section>\n\t\t<div class=\"elementor-element elementor-element-d11a0e4 page-content-container e-flex e-con-boxed e-con e-parent\" data-id=\"d11a0e4\" data-element_type=\"container\" data-settings=\"{&quot;background_background&quot;:&quot;classic&quot;}\">\n\t\t\t\t\t<div class=\"e-con-inner\">\n\t\t\t\t<div class=\"elementor-element elementor-element-345ea3b elementor-widget elementor-widget-text-editor\" data-id=\"345ea3b\" data-element_type=\"widget\" data-widget_type=\"text-editor.default\">\n\t\t\t\t<div class=\"elementor-widget-container\">\n\t\t\t\t\t\t\t\t\t<p><strong>With reference to the Article 7 et seq. of the REGULATION (EU) 2016\/679 OF THE EUROPEAN PARLIAMENT AND OF THE COUNCIL of 27 April 2016 on the protection of natural persons with regard to the processing of personal data and on the free movement of such data (hereinafter referred to as the \u201cConsent\u201d).<\/strong><\/p><p>I agree with processing of my personal data by TPA TAX, s.r.o., Blumental offices II, N\u00e1m. Mateja Korv\u00edna, 81107 Bratislava, Company ID (I\u010cO) 35685115 and by TPA AUDIT, s.r.o., Blumental offices II, N\u00e1m. Mateja Korv\u00edna, 81107 Bratislava, Company ID (I\u010cO) 36714879 and by TPA GetFinDone, s.r.o.,Blumental offices II, N\u00e1m. Mateja Korv\u00edna, 81107 Bratislava, Company ID (I\u010cO) 55155235 as joint data controllers (hereinafter as the \u201cData Controller\u201d) as follows:<\/p><p><strong>extent:<\/strong> \u00a0\u00a0\u00a0\u00a0\u00a0\u00a0\u00a0\u00a0\u00a0\u00a0\u00a0 sex, title, name, surname, company name, address (street, city, postal code), e-mail;<\/p><p><strong>purpose:<\/strong> \u00a0\u00a0\u00a0\u00a0\u00a0\u00a0\u00a0 sending advertising e-mails, newsletters and other marketing activities aimed at sales promotion;<\/p><p><strong>period:<\/strong>\u00a0 \u00a0 \u00a0 \u00a0 \u00a0 \u00a0 5 years.<\/p><p>At the same time, I confirm that I am aware of the fact that the Data Controller processes the provided personal data only based on the present Consent. I am not obliged to provide my personal data to the Data Controller and I have the right to revoke my Consent at any moment. If I revoke my Consent, the Data Controller is obliged to erase my personal data without any undue delay.<\/p><h2>INFORMATION ABOUT YOUR RIGHTS AND OTHER FACTS<\/h2><p>The personal data <strong>is going to be provided to other recipients<\/strong>, namely to a representative of the webhosting services provider (Thomas B\u00f6hmwalder, NetzwerkBerater B&amp;W OG, 3470 Kirchbers) and to the web administrator (Anna Rebel, TPA Group Administration und Steuerberatung GmbH, 1220 Vienna), who store and administer a personal data database.<\/p><p>You have the <strong>right to access<\/strong> to your personal data. The best way to do it is to send a written request to the e-mail address of the Data Controller stated above in the header.<\/p><p>You also have the <strong>right to request correction or limitation of processing of <\/strong>your personal data, if you consider it to be wrong; you have the <strong>right to request a transfer of your personal data to a different data controller <\/strong>or you may ask us for such transfer; and you have the right to <strong>request erasure <\/strong>of your personal data provided to us.<\/p><p>You may also exercise protection of your rights by a complaint sent to the Office for Personal Data Protection of the Slovak Republic.<\/p><div class=\"px-2 py-1\"><i class=\"fa fa-download\" aria-hidden=\"true\"><\/i><a href=\"https:\/\/www.tpa-group.sk\/app\/uploads\/sites\/12\/2024\/09\/F_104_TPA-agreement-EN.pdf\">TPA-agreement-EN<\/a><\/div><div class=\"px-2 py-1\">\u00a0<\/div><div class=\"px-2 py-1\">\u00a0<\/div><div class=\"px-2 py-1\">\u00a0<\/div>\t\t\t\t\t\t\t\t<\/div>\n\t\t\t\t<\/div>\n\t\t\t\t\t<\/div>\n\t\t\t\t<\/div>\n\t\t\t\t<\/div>\n\t\t","protected":false},"excerpt":{"rendered":"<p>Home |&nbsp; Grating consent with personal data processing Grating consent with personal data processing With reference to the Article 7 et seq. of the REGULATION (EU) 2016\/679 OF THE EUROPEAN PARLIAMENT AND OF THE COUNCIL of 27 April 2016 on the protection of natural persons with regard to the processing of personal data and on [&hellip;]<\/p>\n","protected":false},"author":29,"featured_media":0,"parent":3864,"menu_order":8,"comment_status":"closed","ping_status":"closed","template":"elementor_header_footer","meta":{"_acf_changed":false,"footnotes":""},"class_list":["post-3954","page","type-page","status-publish","hentry"],"acf":[],"yoast_head":"<!-- This site is optimized with the Yoast SEO plugin v26.0 - https:\/\/yoast.com\/wordpress\/plugins\/seo\/ -->\n<title>Grating consent with personal data processing - www.tpa-group.sk<\/title>\n<meta name=\"description\" content=\"Home |&nbsp; Grating consent with personal data processing Grating consent with personal data processing With reference to the Article 7 et seq. of the\" \/>\n<meta name=\"robots\" content=\"index, follow, max-snippet:-1, max-image-preview:large, max-video-preview:-1\" \/>\n<link rel=\"canonical\" href=\"https:\/\/www.tpa-group.sk\/en\/about-us\/grating-consent-with-personal-data-processing\/\" \/>\n<meta property=\"og:locale\" content=\"en_US\" \/>\n<meta property=\"og:type\" content=\"article\" \/>\n<meta property=\"og:title\" content=\"Grating consent with personal data processing - www.tpa-group.sk\" \/>\n<meta property=\"og:description\" content=\"Home |&nbsp; Grating consent with personal data processing Grating consent with personal data processing With reference to the Article 7 et seq. of the\" \/>\n<meta property=\"og:url\" content=\"https:\/\/www.tpa-group.sk\/en\/about-us\/grating-consent-with-personal-data-processing\/\" \/>\n<meta property=\"og:site_name\" content=\"www.tpa-group.sk\" \/>\n<meta property=\"article:modified_time\" content=\"2025-07-09T08:37:52+00:00\" \/>\n<meta property=\"og:image\" content=\"https:\/\/www.tpa-group.sk\/app\/uploads\/sites\/12\/2025\/01\/Dizajn-bez-nazvu-7.png\" \/>\n\t<meta property=\"og:image:width\" content=\"1200\" \/>\n\t<meta property=\"og:image:height\" content=\"675\" \/>\n\t<meta property=\"og:image:type\" content=\"image\/png\" \/>\n<meta name=\"twitter:card\" content=\"summary_large_image\" \/>\n<meta name=\"twitter:label1\" content=\"Est. reading time\" \/>\n\t<meta name=\"twitter:data1\" content=\"2 minutes\" \/>\n<script type=\"application\/ld+json\" class=\"yoast-schema-graph\">{\"@context\":\"https:\/\/schema.org\",\"@graph\":[{\"@type\":\"WebPage\",\"@id\":\"https:\/\/www.tpa-group.sk\/en\/about-us\/grating-consent-with-personal-data-processing\/\",\"url\":\"https:\/\/www.tpa-group.sk\/en\/about-us\/grating-consent-with-personal-data-processing\/\",\"name\":\"Grating consent with personal data processing - www.tpa-group.sk\",\"isPartOf\":{\"@id\":\"https:\/\/www.tpa-group.sk\/en\/#website\"},\"datePublished\":\"2024-04-11T12:43:31+00:00\",\"dateModified\":\"2025-07-09T08:37:52+00:00\",\"description\":\"Home |&nbsp; Grating consent with personal data processing Grating consent with personal data processing With reference to the Article 7 et seq. of the\",\"breadcrumb\":{\"@id\":\"https:\/\/www.tpa-group.sk\/en\/about-us\/grating-consent-with-personal-data-processing\/#breadcrumb\"},\"inLanguage\":\"en-US\",\"potentialAction\":[{\"@type\":\"ReadAction\",\"target\":[\"https:\/\/www.tpa-group.sk\/en\/about-us\/grating-consent-with-personal-data-processing\/\"]}]},{\"@type\":\"BreadcrumbList\",\"@id\":\"https:\/\/www.tpa-group.sk\/en\/about-us\/grating-consent-with-personal-data-processing\/#breadcrumb\",\"itemListElement\":[{\"@type\":\"ListItem\",\"position\":1,\"name\":\"Home\",\"item\":\"https:\/\/www.tpa-group.sk\/en\/\"},{\"@type\":\"ListItem\",\"position\":2,\"name\":\"About us\",\"item\":\"https:\/\/www.tpa-group.sk\/en\/o-nas\/\"},{\"@type\":\"ListItem\",\"position\":3,\"name\":\"Grating consent with personal data processing\"}]},{\"@type\":\"WebSite\",\"@id\":\"https:\/\/www.tpa-group.sk\/en\/#website\",\"url\":\"https:\/\/www.tpa-group.sk\/en\/\",\"name\":\"www.tpa-group.sk\",\"description\":\"\",\"publisher\":{\"@id\":\"https:\/\/www.tpa-group.sk\/en\/#organization\"},\"potentialAction\":[{\"@type\":\"SearchAction\",\"target\":{\"@type\":\"EntryPoint\",\"urlTemplate\":\"https:\/\/www.tpa-group.sk\/en\/?s={search_term_string}\"},\"query-input\":{\"@type\":\"PropertyValueSpecification\",\"valueRequired\":true,\"valueName\":\"search_term_string\"}}],\"inLanguage\":\"en-US\"},{\"@type\":\"Organization\",\"@id\":\"https:\/\/www.tpa-group.sk\/en\/#organization\",\"name\":\"TPA Slovakia\",\"url\":\"https:\/\/www.tpa-group.sk\/en\/\",\"logo\":{\"@type\":\"ImageObject\",\"inLanguage\":\"en-US\",\"@id\":\"https:\/\/www.tpa-group.sk\/en\/#\/schema\/logo\/image\/\",\"url\":\"https:\/\/www.tpa-group.sk\/app\/uploads\/sites\/12\/2025\/01\/tpa-logo-favicon.svg\",\"contentUrl\":\"https:\/\/www.tpa-group.sk\/app\/uploads\/sites\/12\/2025\/01\/tpa-logo-favicon.svg\",\"width\":110,\"height\":93,\"caption\":\"TPA Slovakia\"},\"image\":{\"@id\":\"https:\/\/www.tpa-group.sk\/en\/#\/schema\/logo\/image\/\"}}]}<\/script>\n<!-- \/ Yoast SEO plugin. -->","yoast_head_json":{"title":"Grating consent with personal data processing - www.tpa-group.sk","description":"Home |&nbsp; Grating consent with personal data processing Grating consent with personal data processing With reference to the Article 7 et seq. of the","robots":{"index":"index","follow":"follow","max-snippet":"max-snippet:-1","max-image-preview":"max-image-preview:large","max-video-preview":"max-video-preview:-1"},"canonical":"https:\/\/www.tpa-group.sk\/en\/about-us\/grating-consent-with-personal-data-processing\/","og_locale":"en_US","og_type":"article","og_title":"Grating consent with personal data processing - www.tpa-group.sk","og_description":"Home |&nbsp; Grating consent with personal data processing Grating consent with personal data processing With reference to the Article 7 et seq. of the","og_url":"https:\/\/www.tpa-group.sk\/en\/about-us\/grating-consent-with-personal-data-processing\/","og_site_name":"www.tpa-group.sk","article_modified_time":"2025-07-09T08:37:52+00:00","og_image":[{"width":1200,"height":675,"url":"https:\/\/www.tpa-group.sk\/app\/uploads\/sites\/12\/2025\/01\/Dizajn-bez-nazvu-7.png","type":"image\/png"}],"twitter_card":"summary_large_image","twitter_misc":{"Est. reading time":"2 minutes"},"schema":{"@context":"https:\/\/schema.org","@graph":[{"@type":"WebPage","@id":"https:\/\/www.tpa-group.sk\/en\/about-us\/grating-consent-with-personal-data-processing\/","url":"https:\/\/www.tpa-group.sk\/en\/about-us\/grating-consent-with-personal-data-processing\/","name":"Grating consent with personal data processing - www.tpa-group.sk","isPartOf":{"@id":"https:\/\/www.tpa-group.sk\/en\/#website"},"datePublished":"2024-04-11T12:43:31+00:00","dateModified":"2025-07-09T08:37:52+00:00","description":"Home |&nbsp; Grating consent with personal data processing Grating consent with personal data processing With reference to the Article 7 et seq. of the","breadcrumb":{"@id":"https:\/\/www.tpa-group.sk\/en\/about-us\/grating-consent-with-personal-data-processing\/#breadcrumb"},"inLanguage":"en-US","potentialAction":[{"@type":"ReadAction","target":["https:\/\/www.tpa-group.sk\/en\/about-us\/grating-consent-with-personal-data-processing\/"]}]},{"@type":"BreadcrumbList","@id":"https:\/\/www.tpa-group.sk\/en\/about-us\/grating-consent-with-personal-data-processing\/#breadcrumb","itemListElement":[{"@type":"ListItem","position":1,"name":"Home","item":"https:\/\/www.tpa-group.sk\/en\/"},{"@type":"ListItem","position":2,"name":"About us","item":"https:\/\/www.tpa-group.sk\/en\/o-nas\/"},{"@type":"ListItem","position":3,"name":"Grating consent with personal data processing"}]},{"@type":"WebSite","@id":"https:\/\/www.tpa-group.sk\/en\/#website","url":"https:\/\/www.tpa-group.sk\/en\/","name":"www.tpa-group.sk","description":"","publisher":{"@id":"https:\/\/www.tpa-group.sk\/en\/#organization"},"potentialAction":[{"@type":"SearchAction","target":{"@type":"EntryPoint","urlTemplate":"https:\/\/www.tpa-group.sk\/en\/?s={search_term_string}"},"query-input":{"@type":"PropertyValueSpecification","valueRequired":true,"valueName":"search_term_string"}}],"inLanguage":"en-US"},{"@type":"Organization","@id":"https:\/\/www.tpa-group.sk\/en\/#organization","name":"TPA Slovakia","url":"https:\/\/www.tpa-group.sk\/en\/","logo":{"@type":"ImageObject","inLanguage":"en-US","@id":"https:\/\/www.tpa-group.sk\/en\/#\/schema\/logo\/image\/","url":"https:\/\/www.tpa-group.sk\/app\/uploads\/sites\/12\/2025\/01\/tpa-logo-favicon.svg","contentUrl":"https:\/\/www.tpa-group.sk\/app\/uploads\/sites\/12\/2025\/01\/tpa-logo-favicon.svg","width":110,"height":93,"caption":"TPA Slovakia"},"image":{"@id":"https:\/\/www.tpa-group.sk\/en\/#\/schema\/logo\/image\/"}}]}},"_links":{"self":[{"href":"https:\/\/www.tpa-group.sk\/en\/wp-json\/wp\/v2\/pages\/3954","targetHints":{"allow":["GET"]}}],"collection":[{"href":"https:\/\/www.tpa-group.sk\/en\/wp-json\/wp\/v2\/pages"}],"about":[{"href":"https:\/\/www.tpa-group.sk\/en\/wp-json\/wp\/v2\/types\/page"}],"author":[{"embeddable":true,"href":"https:\/\/www.tpa-group.sk\/en\/wp-json\/wp\/v2\/users\/29"}],"replies":[{"embeddable":true,"href":"https:\/\/www.tpa-group.sk\/en\/wp-json\/wp\/v2\/comments?post=3954"}],"version-history":[{"count":19,"href":"https:\/\/www.tpa-group.sk\/en\/wp-json\/wp\/v2\/pages\/3954\/revisions"}],"predecessor-version":[{"id":14185,"href":"https:\/\/www.tpa-group.sk\/en\/wp-json\/wp\/v2\/pages\/3954\/revisions\/14185"}],"up":[{"embeddable":true,"href":"https:\/\/www.tpa-group.sk\/en\/wp-json\/wp\/v2\/pages\/3864"}],"wp:attachment":[{"href":"https:\/\/www.tpa-group.sk\/en\/wp-json\/wp\/v2\/media?parent=3954"}],"curies":[{"name":"wp","href":"https:\/\/api.w.org\/{rel}","templated":true}]}}